{"id":10885,"date":"2022-06-13T17:00:25","date_gmt":"2022-06-13T15:00:25","guid":{"rendered":"https:\/\/www.laviadellemalghe.it\/altopiano\/malga-mandrielle-vecchio-patrimonio-2\/"},"modified":"2023-07-19T16:32:38","modified_gmt":"2023-07-19T14:32:38","slug":"malga-mandrielle-vecchio-patrimonio","status":"publish","type":"product","link":"https:\/\/www.laviadellemalghe.it\/de\/altopiano\/malga-mandrielle-vecchio-patrimonio\/","title":{"rendered":"Malga Mandrielle Vecchio Patrimonio"},"content":{"rendered":"<p>Die Alm liegt an einem strategisch g\u00fcnstigen Ort, an einem kleinen Joch am Nordwesthang des Monte Verena&#8230; Ihre Weiden sind in einem guten Zustand und geh\u00f6ren zur Kategorie der \u201eMilchkrautweide\u201c, die die Herstellung eines ausgezeichneten Almk\u00e4ses mit tausenderlei Aromen garantiert. Malga Mandrielle Vecchio Patrimonio ist mit Wasserspeichersystemen ausgestattet, um m\u00f6glichst viel Wasser aufzufangen und zu sammeln, das f\u00fcr die Weidehaltung des Viehs unerl\u00e4sslich ist.<br \/>\nDie Almh\u00fctte, von der aus man ein weites Panorama genie\u00dft, ist mit allen anderen Almh\u00fctten der Gegend optimal verbunden: Posellaro, Trugole, Campovecchio und Camporos\u00e0. Diese sowohl zu Fu\u00df als auch mit dem Fahrrad leicht begehbaren Stra\u00dfen verwandeln sich im Winter in Nordic-Ski-Loipen. Von hier aus sind die Hochebene von Vezzena im Westen, Malga Pusterle und Ghertele im Osten und die Ortschaft Campolongo im S\u00fcden leicht erreichbar.<\/p>\n","protected":false},"excerpt":{"rendered":"<p>Die Alm liegt an einem strategisch g\u00fcnstigen Ort, an einem kleinen Joch am Nordwesthang des Monte Verena&#8230; Ihre Weiden sind in einem guten Zustand und geh\u00f6ren zur Kategorie der \u201eMilchkrautweide\u201c, die die Herstellung eines ausgezeichneten Almk\u00e4ses mit tausenderlei Aromen garantiert. Malga Mandrielle Vecchio Patrimonio ist mit Wasserspeichersystemen ausgestattet, um m\u00f6glichst viel Wasser aufzufangen und zu&hellip;<\/p>\n","protected":false},"featured_media":8569,"template":"","meta":{"_acf_changed":false,"inline_featured_image":false},"product_brand":[],"product_cat":[122],"product_tag":[],"class_list":{"0":"post-10885","1":"product","2":"type-product","3":"status-publish","4":"has-post-thumbnail","6":"product_cat-almhutten","7":"description-off","9":"first","10":"instock","11":"shipping-taxable","12":"product-type-simple"},"acf":[],"yoast_head":"<!-- This site is optimized with the Yoast SEO plugin v24.5 - https:\/\/yoast.com\/wordpress\/plugins\/seo\/ -->\n<title>Malga Mandrielle Vecchio Patrimonio - La Via delle Malghe | Altopiano dei Sette Comuni<\/title>\n<meta name=\"description\" content=\"Die Alm liegt an einem strategisch g\u00fcnstigen Ort, an einem kleinen Joch am Nordwesthang des Monte Verena... Ihre Weiden sind in einem guten Zustand...\" \/>\n<meta name=\"robots\" content=\"index, follow, max-snippet:-1, max-image-preview:large, max-video-preview:-1\" \/>\n<link rel=\"canonical\" href=\"https:\/\/www.laviadellemalghe.it\/de\/altopiano\/malga-mandrielle-vecchio-patrimonio\/\" \/>\n<meta property=\"og:locale\" content=\"de_DE\" \/>\n<meta property=\"og:type\" content=\"article\" \/>\n<meta property=\"og:title\" content=\"Malga Mandrielle Vecchio Patrimonio - La Via delle Malghe | Altopiano dei Sette Comuni\" \/>\n<meta property=\"og:description\" content=\"Die Alm liegt an einem strategisch g\u00fcnstigen Ort, an einem kleinen Joch am Nordwesthang des Monte Verena... Ihre Weiden sind in einem guten Zustand...\" \/>\n<meta property=\"og:url\" content=\"https:\/\/www.laviadellemalghe.it\/de\/altopiano\/malga-mandrielle-vecchio-patrimonio\/\" \/>\n<meta property=\"og:site_name\" content=\"La Via delle Malghe | Altopiano dei Sette Comuni\" \/>\n<meta property=\"article:publisher\" content=\"https:\/\/www.facebook.com\/laviadellemalghe\" \/>\n<meta property=\"article:modified_time\" content=\"2023-07-19T14:32:38+00:00\" \/>\n<meta property=\"og:image\" content=\"https:\/\/www.laviadellemalghe.it\/wp-content\/uploads\/2022\/06\/ENR_8519.jpg\" \/>\n\t<meta property=\"og:image:width\" content=\"1920\" \/>\n\t<meta property=\"og:image:height\" content=\"1281\" \/>\n\t<meta property=\"og:image:type\" content=\"image\/jpeg\" \/>\n<meta name=\"twitter:card\" content=\"summary_large_image\" \/>\n<meta name=\"twitter:label1\" content=\"Gesch\u00e4tzte Lesezeit\" \/>\n\t<meta name=\"twitter:data1\" content=\"1\u00a0Minute\" \/>\n<script type=\"application\/ld+json\" class=\"yoast-schema-graph\">{\"@context\":\"https:\/\/schema.org\",\"@graph\":[{\"@type\":\"WebPage\",\"@id\":\"https:\/\/www.laviadellemalghe.it\/de\/altopiano\/malga-mandrielle-vecchio-patrimonio\/\",\"url\":\"https:\/\/www.laviadellemalghe.it\/de\/altopiano\/malga-mandrielle-vecchio-patrimonio\/\",\"name\":\"Malga Mandrielle Vecchio Patrimonio - La Via delle Malghe | Altopiano dei Sette Comuni\",\"isPartOf\":{\"@id\":\"https:\/\/www.laviadellemalghe.it\/de\/#website\"},\"primaryImageOfPage\":{\"@id\":\"https:\/\/www.laviadellemalghe.it\/de\/altopiano\/malga-mandrielle-vecchio-patrimonio\/#primaryimage\"},\"image\":{\"@id\":\"https:\/\/www.laviadellemalghe.it\/de\/altopiano\/malga-mandrielle-vecchio-patrimonio\/#primaryimage\"},\"thumbnailUrl\":\"https:\/\/www.laviadellemalghe.it\/wp-content\/uploads\/2022\/06\/ENR_8519.jpg\",\"datePublished\":\"2022-06-13T15:00:25+00:00\",\"dateModified\":\"2023-07-19T14:32:38+00:00\",\"description\":\"Die Alm liegt an einem strategisch g\u00fcnstigen Ort, an einem kleinen Joch am Nordwesthang des Monte Verena... Ihre Weiden sind in einem guten Zustand...\",\"breadcrumb\":{\"@id\":\"https:\/\/www.laviadellemalghe.it\/de\/altopiano\/malga-mandrielle-vecchio-patrimonio\/#breadcrumb\"},\"inLanguage\":\"de\",\"potentialAction\":[{\"@type\":\"ReadAction\",\"target\":[\"https:\/\/www.laviadellemalghe.it\/de\/altopiano\/malga-mandrielle-vecchio-patrimonio\/\"]}]},{\"@type\":\"ImageObject\",\"inLanguage\":\"de\",\"@id\":\"https:\/\/www.laviadellemalghe.it\/de\/altopiano\/malga-mandrielle-vecchio-patrimonio\/#primaryimage\",\"url\":\"https:\/\/www.laviadellemalghe.it\/wp-content\/uploads\/2022\/06\/ENR_8519.jpg\",\"contentUrl\":\"https:\/\/www.laviadellemalghe.it\/wp-content\/uploads\/2022\/06\/ENR_8519.jpg\",\"width\":1920,\"height\":1281,\"caption\":\"Malga Mandrielle Vecchio Patrimonio\"},{\"@type\":\"BreadcrumbList\",\"@id\":\"https:\/\/www.laviadellemalghe.it\/de\/altopiano\/malga-mandrielle-vecchio-patrimonio\/#breadcrumb\",\"itemListElement\":[{\"@type\":\"ListItem\",\"position\":1,\"name\":\"Home\",\"item\":\"https:\/\/www.laviadellemalghe.it\/de\/home\/\"},{\"@type\":\"ListItem\",\"position\":2,\"name\":\"Produkte\",\"item\":\"https:\/\/www.laviadellemalghe.it\/de\/shop\/\"},{\"@type\":\"ListItem\",\"position\":3,\"name\":\"Malga Mandrielle Vecchio Patrimonio\"}]},{\"@type\":\"WebSite\",\"@id\":\"https:\/\/www.laviadellemalghe.it\/de\/#website\",\"url\":\"https:\/\/www.laviadellemalghe.it\/de\/\",\"name\":\"La Via delle Malghe | Altopiano dei Sette Comuni\",\"description\":\"#sweethomealtopiano\",\"publisher\":{\"@id\":\"https:\/\/www.laviadellemalghe.it\/de\/#organization\"},\"potentialAction\":[{\"@type\":\"SearchAction\",\"target\":{\"@type\":\"EntryPoint\",\"urlTemplate\":\"https:\/\/www.laviadellemalghe.it\/de\/?s={search_term_string}\"},\"query-input\":{\"@type\":\"PropertyValueSpecification\",\"valueRequired\":true,\"valueName\":\"search_term_string\"}}],\"inLanguage\":\"de\"},{\"@type\":\"Organization\",\"@id\":\"https:\/\/www.laviadellemalghe.it\/de\/#organization\",\"name\":\"La Via delle Malghe - Altopiano dei Sette Comuni\",\"url\":\"https:\/\/www.laviadellemalghe.it\/de\/\",\"logo\":{\"@type\":\"ImageObject\",\"inLanguage\":\"de\",\"@id\":\"https:\/\/www.laviadellemalghe.it\/de\/#\/schema\/logo\/image\/\",\"url\":\"https:\/\/www.laviadellemalghe.it\/wp-content\/uploads\/2022\/07\/logo_LVDM_altopiano.jpg\",\"contentUrl\":\"https:\/\/www.laviadellemalghe.it\/wp-content\/uploads\/2022\/07\/logo_LVDM_altopiano.jpg\",\"width\":1292,\"height\":929,\"caption\":\"La Via delle Malghe - Altopiano dei Sette Comuni\"},\"image\":{\"@id\":\"https:\/\/www.laviadellemalghe.it\/de\/#\/schema\/logo\/image\/\"},\"sameAs\":[\"https:\/\/www.facebook.com\/laviadellemalghe\"]}]}<\/script>\n<!-- \/ Yoast SEO plugin. -->","yoast_head_json":{"title":"Malga Mandrielle Vecchio Patrimonio - La Via delle Malghe | Altopiano dei Sette Comuni","description":"Die Alm liegt an einem strategisch g\u00fcnstigen Ort, an einem kleinen Joch am Nordwesthang des Monte Verena... Ihre Weiden sind in einem guten Zustand...","robots":{"index":"index","follow":"follow","max-snippet":"max-snippet:-1","max-image-preview":"max-image-preview:large","max-video-preview":"max-video-preview:-1"},"canonical":"https:\/\/www.laviadellemalghe.it\/de\/altopiano\/malga-mandrielle-vecchio-patrimonio\/","og_locale":"de_DE","og_type":"article","og_title":"Malga Mandrielle Vecchio Patrimonio - La Via delle Malghe | Altopiano dei Sette Comuni","og_description":"Die Alm liegt an einem strategisch g\u00fcnstigen Ort, an einem kleinen Joch am Nordwesthang des Monte Verena... Ihre Weiden sind in einem guten Zustand...","og_url":"https:\/\/www.laviadellemalghe.it\/de\/altopiano\/malga-mandrielle-vecchio-patrimonio\/","og_site_name":"La Via delle Malghe | Altopiano dei Sette Comuni","article_publisher":"https:\/\/www.facebook.com\/laviadellemalghe","article_modified_time":"2023-07-19T14:32:38+00:00","og_image":[{"width":1920,"height":1281,"url":"https:\/\/www.laviadellemalghe.it\/wp-content\/uploads\/2022\/06\/ENR_8519.jpg","type":"image\/jpeg"}],"twitter_card":"summary_large_image","twitter_misc":{"Gesch\u00e4tzte Lesezeit":"1\u00a0Minute"},"schema":{"@context":"https:\/\/schema.org","@graph":[{"@type":"WebPage","@id":"https:\/\/www.laviadellemalghe.it\/de\/altopiano\/malga-mandrielle-vecchio-patrimonio\/","url":"https:\/\/www.laviadellemalghe.it\/de\/altopiano\/malga-mandrielle-vecchio-patrimonio\/","name":"Malga Mandrielle Vecchio Patrimonio - La Via delle Malghe | Altopiano dei Sette Comuni","isPartOf":{"@id":"https:\/\/www.laviadellemalghe.it\/de\/#website"},"primaryImageOfPage":{"@id":"https:\/\/www.laviadellemalghe.it\/de\/altopiano\/malga-mandrielle-vecchio-patrimonio\/#primaryimage"},"image":{"@id":"https:\/\/www.laviadellemalghe.it\/de\/altopiano\/malga-mandrielle-vecchio-patrimonio\/#primaryimage"},"thumbnailUrl":"https:\/\/www.laviadellemalghe.it\/wp-content\/uploads\/2022\/06\/ENR_8519.jpg","datePublished":"2022-06-13T15:00:25+00:00","dateModified":"2023-07-19T14:32:38+00:00","description":"Die Alm liegt an einem strategisch g\u00fcnstigen Ort, an einem kleinen Joch am Nordwesthang des Monte Verena... Ihre Weiden sind in einem guten Zustand...","breadcrumb":{"@id":"https:\/\/www.laviadellemalghe.it\/de\/altopiano\/malga-mandrielle-vecchio-patrimonio\/#breadcrumb"},"inLanguage":"de","potentialAction":[{"@type":"ReadAction","target":["https:\/\/www.laviadellemalghe.it\/de\/altopiano\/malga-mandrielle-vecchio-patrimonio\/"]}]},{"@type":"ImageObject","inLanguage":"de","@id":"https:\/\/www.laviadellemalghe.it\/de\/altopiano\/malga-mandrielle-vecchio-patrimonio\/#primaryimage","url":"https:\/\/www.laviadellemalghe.it\/wp-content\/uploads\/2022\/06\/ENR_8519.jpg","contentUrl":"https:\/\/www.laviadellemalghe.it\/wp-content\/uploads\/2022\/06\/ENR_8519.jpg","width":1920,"height":1281,"caption":"Malga Mandrielle Vecchio Patrimonio"},{"@type":"BreadcrumbList","@id":"https:\/\/www.laviadellemalghe.it\/de\/altopiano\/malga-mandrielle-vecchio-patrimonio\/#breadcrumb","itemListElement":[{"@type":"ListItem","position":1,"name":"Home","item":"https:\/\/www.laviadellemalghe.it\/de\/home\/"},{"@type":"ListItem","position":2,"name":"Produkte","item":"https:\/\/www.laviadellemalghe.it\/de\/shop\/"},{"@type":"ListItem","position":3,"name":"Malga Mandrielle Vecchio Patrimonio"}]},{"@type":"WebSite","@id":"https:\/\/www.laviadellemalghe.it\/de\/#website","url":"https:\/\/www.laviadellemalghe.it\/de\/","name":"La Via delle Malghe | Altopiano dei Sette Comuni","description":"#sweethomealtopiano","publisher":{"@id":"https:\/\/www.laviadellemalghe.it\/de\/#organization"},"potentialAction":[{"@type":"SearchAction","target":{"@type":"EntryPoint","urlTemplate":"https:\/\/www.laviadellemalghe.it\/de\/?s={search_term_string}"},"query-input":{"@type":"PropertyValueSpecification","valueRequired":true,"valueName":"search_term_string"}}],"inLanguage":"de"},{"@type":"Organization","@id":"https:\/\/www.laviadellemalghe.it\/de\/#organization","name":"La Via delle Malghe - Altopiano dei Sette Comuni","url":"https:\/\/www.laviadellemalghe.it\/de\/","logo":{"@type":"ImageObject","inLanguage":"de","@id":"https:\/\/www.laviadellemalghe.it\/de\/#\/schema\/logo\/image\/","url":"https:\/\/www.laviadellemalghe.it\/wp-content\/uploads\/2022\/07\/logo_LVDM_altopiano.jpg","contentUrl":"https:\/\/www.laviadellemalghe.it\/wp-content\/uploads\/2022\/07\/logo_LVDM_altopiano.jpg","width":1292,"height":929,"caption":"La Via delle Malghe - Altopiano dei Sette Comuni"},"image":{"@id":"https:\/\/www.laviadellemalghe.it\/de\/#\/schema\/logo\/image\/"},"sameAs":["https:\/\/www.facebook.com\/laviadellemalghe"]}]}},"_links":{"self":[{"href":"https:\/\/www.laviadellemalghe.it\/de\/wp-json\/wp\/v2\/product\/10885","targetHints":{"allow":["GET"]}}],"collection":[{"href":"https:\/\/www.laviadellemalghe.it\/de\/wp-json\/wp\/v2\/product"}],"about":[{"href":"https:\/\/www.laviadellemalghe.it\/de\/wp-json\/wp\/v2\/types\/product"}],"wp:featuredmedia":[{"embeddable":true,"href":"https:\/\/www.laviadellemalghe.it\/de\/wp-json\/wp\/v2\/media\/8569"}],"wp:attachment":[{"href":"https:\/\/www.laviadellemalghe.it\/de\/wp-json\/wp\/v2\/media?parent=10885"}],"wp:term":[{"taxonomy":"product_brand","embeddable":true,"href":"https:\/\/www.laviadellemalghe.it\/de\/wp-json\/wp\/v2\/product_brand?post=10885"},{"taxonomy":"product_cat","embeddable":true,"href":"https:\/\/www.laviadellemalghe.it\/de\/wp-json\/wp\/v2\/product_cat?post=10885"},{"taxonomy":"product_tag","embeddable":true,"href":"https:\/\/www.laviadellemalghe.it\/de\/wp-json\/wp\/v2\/product_tag?post=10885"}],"curies":[{"name":"wp","href":"https:\/\/api.w.org\/{rel}","templated":true}]}}