{"id":10894,"date":"2022-06-05T13:29:34","date_gmt":"2022-06-05T11:29:34","guid":{"rendered":"https:\/\/www.laviadellemalghe.it\/altopiano\/malga-porta-manazzo-2\/"},"modified":"2023-07-19T16:35:30","modified_gmt":"2023-07-19T14:35:30","slug":"malga-porta-manazzo","status":"publish","type":"product","link":"https:\/\/www.laviadellemalghe.it\/de\/altopiano\/malga-porta-manazzo\/","title":{"rendered":"Malga Porta Manazzo"},"content":{"rendered":"<p>Die Almh\u00fctte befindet sich etwas s\u00fcdlich von Porta Manazzo, einem Pass zwischen Cima Manderiolo im Westen und Cima Larici im Osten, von dem aus man eine wundersch\u00f6ne Aussicht auf die Ostalpen hat. Die Almweiden bestehen haupts\u00e4chlich aus fruchtbaren weiten Fl\u00e4chen, die in den st\u00e4rker abfallenden und anges\u00e4uerten Gebieten dem Borstgrasrasen etwas Platz lassen. Die Almfl\u00e4che ist vollst\u00e4ndig eingez\u00e4unt, davon ausgenommen ist der obere Gebirgskamm hoch \u00fcber Val di Sella in der Provinz Trient, der schon an sich eine un\u00fcberwindbare nat\u00fcrliche Grenze darstellt.<br \/>\nDa das Gebiet im Westen der Weiden von besonderem naturkundlichem Wert ist, ist hier das Pilzesammeln untersagt. Der Friedensweg der Hochebene von Asiago, der an die tragischen Ereignisse des Ersten Weltkriegs erinnern soll, f\u00fchrt genau hier vorbei. An der Almh\u00fctte beginnt eine f\u00fcr den Autoverkehr gesperrte Forststra\u00dfe, die zur Malga Campo Manderiolo an der Grenze zwischen Veneto und Trentino f\u00fchrt. Die Route ist landschaftlich und \u00f6kologisch sehr interessant und eignet sich f\u00fcr Familien. Im Winter sind hier Schneeschuh-Touren angesagt. In der N\u00e4he: die Wintersportanlagen von Val Formica und verschiedene Skitouren-Routen.<\/p>\n","protected":false},"excerpt":{"rendered":"<p>Die Almh\u00fctte befindet sich etwas s\u00fcdlich von Porta Manazzo, einem Pass zwischen Cima Manderiolo im Westen und Cima Larici im Osten, von dem aus man eine wundersch\u00f6ne Aussicht auf die Ostalpen hat. Die Almweiden bestehen haupts\u00e4chlich aus fruchtbaren weiten Fl\u00e4chen, die in den st\u00e4rker abfallenden und anges\u00e4uerten Gebieten dem Borstgrasrasen etwas Platz lassen. Die Almfl\u00e4che&hellip;<\/p>\n","protected":false},"featured_media":6823,"template":"","meta":{"_acf_changed":false,"inline_featured_image":false},"product_brand":[],"product_cat":[122],"product_tag":[],"class_list":{"0":"post-10894","1":"product","2":"type-product","3":"status-publish","4":"has-post-thumbnail","6":"product_cat-almhutten","7":"description-off","9":"first","10":"instock","11":"shipping-taxable","12":"product-type-simple"},"acf":[],"yoast_head":"<!-- This site is optimized with the Yoast SEO plugin v24.5 - https:\/\/yoast.com\/wordpress\/plugins\/seo\/ -->\n<title>Malga Porta Manazzo - La Via delle Malghe | Altopiano dei Sette Comuni<\/title>\n<meta name=\"description\" content=\"Die Almh\u00fctte befindet sich etwas s\u00fcdlich von Porta Manazzo, einem Pass zwischen Cima Manderiolo im Westen und Cima Larici im Osten...\" \/>\n<meta name=\"robots\" content=\"index, follow, max-snippet:-1, max-image-preview:large, max-video-preview:-1\" \/>\n<link rel=\"canonical\" href=\"https:\/\/www.laviadellemalghe.it\/de\/altopiano\/malga-porta-manazzo\/\" \/>\n<meta property=\"og:locale\" content=\"de_DE\" \/>\n<meta property=\"og:type\" content=\"article\" \/>\n<meta property=\"og:title\" content=\"Malga Porta Manazzo - La Via delle Malghe | Altopiano dei Sette Comuni\" \/>\n<meta property=\"og:description\" content=\"Die Almh\u00fctte befindet sich etwas s\u00fcdlich von Porta Manazzo, einem Pass zwischen Cima Manderiolo im Westen und Cima Larici im Osten...\" \/>\n<meta property=\"og:url\" content=\"https:\/\/www.laviadellemalghe.it\/de\/altopiano\/malga-porta-manazzo\/\" \/>\n<meta property=\"og:site_name\" content=\"La Via delle Malghe | Altopiano dei Sette Comuni\" \/>\n<meta property=\"article:publisher\" content=\"https:\/\/www.facebook.com\/laviadellemalghe\" \/>\n<meta property=\"article:modified_time\" content=\"2023-07-19T14:35:30+00:00\" \/>\n<meta property=\"og:image\" content=\"https:\/\/www.laviadellemalghe.it\/wp-content\/uploads\/2022\/06\/portamanazzo_04_035.jpg\" \/>\n\t<meta property=\"og:image:width\" content=\"1920\" \/>\n\t<meta property=\"og:image:height\" content=\"1281\" \/>\n\t<meta property=\"og:image:type\" content=\"image\/jpeg\" \/>\n<meta name=\"twitter:card\" content=\"summary_large_image\" \/>\n<meta name=\"twitter:label1\" content=\"Gesch\u00e4tzte Lesezeit\" \/>\n\t<meta name=\"twitter:data1\" content=\"1\u00a0Minute\" \/>\n<script type=\"application\/ld+json\" class=\"yoast-schema-graph\">{\"@context\":\"https:\/\/schema.org\",\"@graph\":[{\"@type\":\"WebPage\",\"@id\":\"https:\/\/www.laviadellemalghe.it\/de\/altopiano\/malga-porta-manazzo\/\",\"url\":\"https:\/\/www.laviadellemalghe.it\/de\/altopiano\/malga-porta-manazzo\/\",\"name\":\"Malga Porta Manazzo - La Via delle Malghe | Altopiano dei Sette Comuni\",\"isPartOf\":{\"@id\":\"https:\/\/www.laviadellemalghe.it\/de\/#website\"},\"primaryImageOfPage\":{\"@id\":\"https:\/\/www.laviadellemalghe.it\/de\/altopiano\/malga-porta-manazzo\/#primaryimage\"},\"image\":{\"@id\":\"https:\/\/www.laviadellemalghe.it\/de\/altopiano\/malga-porta-manazzo\/#primaryimage\"},\"thumbnailUrl\":\"https:\/\/www.laviadellemalghe.it\/wp-content\/uploads\/2022\/06\/portamanazzo_04_035.jpg\",\"datePublished\":\"2022-06-05T11:29:34+00:00\",\"dateModified\":\"2023-07-19T14:35:30+00:00\",\"description\":\"Die Almh\u00fctte befindet sich etwas s\u00fcdlich von Porta Manazzo, einem Pass zwischen Cima Manderiolo im Westen und Cima Larici im Osten...\",\"breadcrumb\":{\"@id\":\"https:\/\/www.laviadellemalghe.it\/de\/altopiano\/malga-porta-manazzo\/#breadcrumb\"},\"inLanguage\":\"de\",\"potentialAction\":[{\"@type\":\"ReadAction\",\"target\":[\"https:\/\/www.laviadellemalghe.it\/de\/altopiano\/malga-porta-manazzo\/\"]}]},{\"@type\":\"ImageObject\",\"inLanguage\":\"de\",\"@id\":\"https:\/\/www.laviadellemalghe.it\/de\/altopiano\/malga-porta-manazzo\/#primaryimage\",\"url\":\"https:\/\/www.laviadellemalghe.it\/wp-content\/uploads\/2022\/06\/portamanazzo_04_035.jpg\",\"contentUrl\":\"https:\/\/www.laviadellemalghe.it\/wp-content\/uploads\/2022\/06\/portamanazzo_04_035.jpg\",\"width\":1920,\"height\":1281,\"caption\":\"Malga Porta Manazzo\"},{\"@type\":\"BreadcrumbList\",\"@id\":\"https:\/\/www.laviadellemalghe.it\/de\/altopiano\/malga-porta-manazzo\/#breadcrumb\",\"itemListElement\":[{\"@type\":\"ListItem\",\"position\":1,\"name\":\"Home\",\"item\":\"https:\/\/www.laviadellemalghe.it\/de\/home\/\"},{\"@type\":\"ListItem\",\"position\":2,\"name\":\"Produkte\",\"item\":\"https:\/\/www.laviadellemalghe.it\/de\/shop\/\"},{\"@type\":\"ListItem\",\"position\":3,\"name\":\"Malga Porta Manazzo\"}]},{\"@type\":\"WebSite\",\"@id\":\"https:\/\/www.laviadellemalghe.it\/de\/#website\",\"url\":\"https:\/\/www.laviadellemalghe.it\/de\/\",\"name\":\"La Via delle Malghe | Altopiano dei Sette Comuni\",\"description\":\"#sweethomealtopiano\",\"publisher\":{\"@id\":\"https:\/\/www.laviadellemalghe.it\/de\/#organization\"},\"potentialAction\":[{\"@type\":\"SearchAction\",\"target\":{\"@type\":\"EntryPoint\",\"urlTemplate\":\"https:\/\/www.laviadellemalghe.it\/de\/?s={search_term_string}\"},\"query-input\":{\"@type\":\"PropertyValueSpecification\",\"valueRequired\":true,\"valueName\":\"search_term_string\"}}],\"inLanguage\":\"de\"},{\"@type\":\"Organization\",\"@id\":\"https:\/\/www.laviadellemalghe.it\/de\/#organization\",\"name\":\"La Via delle Malghe - Altopiano dei Sette Comuni\",\"url\":\"https:\/\/www.laviadellemalghe.it\/de\/\",\"logo\":{\"@type\":\"ImageObject\",\"inLanguage\":\"de\",\"@id\":\"https:\/\/www.laviadellemalghe.it\/de\/#\/schema\/logo\/image\/\",\"url\":\"https:\/\/www.laviadellemalghe.it\/wp-content\/uploads\/2022\/07\/logo_LVDM_altopiano.jpg\",\"contentUrl\":\"https:\/\/www.laviadellemalghe.it\/wp-content\/uploads\/2022\/07\/logo_LVDM_altopiano.jpg\",\"width\":1292,\"height\":929,\"caption\":\"La Via delle Malghe - Altopiano dei Sette Comuni\"},\"image\":{\"@id\":\"https:\/\/www.laviadellemalghe.it\/de\/#\/schema\/logo\/image\/\"},\"sameAs\":[\"https:\/\/www.facebook.com\/laviadellemalghe\"]}]}<\/script>\n<!-- \/ Yoast SEO plugin. -->","yoast_head_json":{"title":"Malga Porta Manazzo - La Via delle Malghe | Altopiano dei Sette Comuni","description":"Die Almh\u00fctte befindet sich etwas s\u00fcdlich von Porta Manazzo, einem Pass zwischen Cima Manderiolo im Westen und Cima Larici im Osten...","robots":{"index":"index","follow":"follow","max-snippet":"max-snippet:-1","max-image-preview":"max-image-preview:large","max-video-preview":"max-video-preview:-1"},"canonical":"https:\/\/www.laviadellemalghe.it\/de\/altopiano\/malga-porta-manazzo\/","og_locale":"de_DE","og_type":"article","og_title":"Malga Porta Manazzo - La Via delle Malghe | Altopiano dei Sette Comuni","og_description":"Die Almh\u00fctte befindet sich etwas s\u00fcdlich von Porta Manazzo, einem Pass zwischen Cima Manderiolo im Westen und Cima Larici im Osten...","og_url":"https:\/\/www.laviadellemalghe.it\/de\/altopiano\/malga-porta-manazzo\/","og_site_name":"La Via delle Malghe | Altopiano dei Sette Comuni","article_publisher":"https:\/\/www.facebook.com\/laviadellemalghe","article_modified_time":"2023-07-19T14:35:30+00:00","og_image":[{"width":1920,"height":1281,"url":"https:\/\/www.laviadellemalghe.it\/wp-content\/uploads\/2022\/06\/portamanazzo_04_035.jpg","type":"image\/jpeg"}],"twitter_card":"summary_large_image","twitter_misc":{"Gesch\u00e4tzte Lesezeit":"1\u00a0Minute"},"schema":{"@context":"https:\/\/schema.org","@graph":[{"@type":"WebPage","@id":"https:\/\/www.laviadellemalghe.it\/de\/altopiano\/malga-porta-manazzo\/","url":"https:\/\/www.laviadellemalghe.it\/de\/altopiano\/malga-porta-manazzo\/","name":"Malga Porta Manazzo - La Via delle Malghe | Altopiano dei Sette Comuni","isPartOf":{"@id":"https:\/\/www.laviadellemalghe.it\/de\/#website"},"primaryImageOfPage":{"@id":"https:\/\/www.laviadellemalghe.it\/de\/altopiano\/malga-porta-manazzo\/#primaryimage"},"image":{"@id":"https:\/\/www.laviadellemalghe.it\/de\/altopiano\/malga-porta-manazzo\/#primaryimage"},"thumbnailUrl":"https:\/\/www.laviadellemalghe.it\/wp-content\/uploads\/2022\/06\/portamanazzo_04_035.jpg","datePublished":"2022-06-05T11:29:34+00:00","dateModified":"2023-07-19T14:35:30+00:00","description":"Die Almh\u00fctte befindet sich etwas s\u00fcdlich von Porta Manazzo, einem Pass zwischen Cima Manderiolo im Westen und Cima Larici im Osten...","breadcrumb":{"@id":"https:\/\/www.laviadellemalghe.it\/de\/altopiano\/malga-porta-manazzo\/#breadcrumb"},"inLanguage":"de","potentialAction":[{"@type":"ReadAction","target":["https:\/\/www.laviadellemalghe.it\/de\/altopiano\/malga-porta-manazzo\/"]}]},{"@type":"ImageObject","inLanguage":"de","@id":"https:\/\/www.laviadellemalghe.it\/de\/altopiano\/malga-porta-manazzo\/#primaryimage","url":"https:\/\/www.laviadellemalghe.it\/wp-content\/uploads\/2022\/06\/portamanazzo_04_035.jpg","contentUrl":"https:\/\/www.laviadellemalghe.it\/wp-content\/uploads\/2022\/06\/portamanazzo_04_035.jpg","width":1920,"height":1281,"caption":"Malga Porta Manazzo"},{"@type":"BreadcrumbList","@id":"https:\/\/www.laviadellemalghe.it\/de\/altopiano\/malga-porta-manazzo\/#breadcrumb","itemListElement":[{"@type":"ListItem","position":1,"name":"Home","item":"https:\/\/www.laviadellemalghe.it\/de\/home\/"},{"@type":"ListItem","position":2,"name":"Produkte","item":"https:\/\/www.laviadellemalghe.it\/de\/shop\/"},{"@type":"ListItem","position":3,"name":"Malga Porta Manazzo"}]},{"@type":"WebSite","@id":"https:\/\/www.laviadellemalghe.it\/de\/#website","url":"https:\/\/www.laviadellemalghe.it\/de\/","name":"La Via delle Malghe | Altopiano dei Sette Comuni","description":"#sweethomealtopiano","publisher":{"@id":"https:\/\/www.laviadellemalghe.it\/de\/#organization"},"potentialAction":[{"@type":"SearchAction","target":{"@type":"EntryPoint","urlTemplate":"https:\/\/www.laviadellemalghe.it\/de\/?s={search_term_string}"},"query-input":{"@type":"PropertyValueSpecification","valueRequired":true,"valueName":"search_term_string"}}],"inLanguage":"de"},{"@type":"Organization","@id":"https:\/\/www.laviadellemalghe.it\/de\/#organization","name":"La Via delle Malghe - Altopiano dei Sette Comuni","url":"https:\/\/www.laviadellemalghe.it\/de\/","logo":{"@type":"ImageObject","inLanguage":"de","@id":"https:\/\/www.laviadellemalghe.it\/de\/#\/schema\/logo\/image\/","url":"https:\/\/www.laviadellemalghe.it\/wp-content\/uploads\/2022\/07\/logo_LVDM_altopiano.jpg","contentUrl":"https:\/\/www.laviadellemalghe.it\/wp-content\/uploads\/2022\/07\/logo_LVDM_altopiano.jpg","width":1292,"height":929,"caption":"La Via delle Malghe - Altopiano dei Sette Comuni"},"image":{"@id":"https:\/\/www.laviadellemalghe.it\/de\/#\/schema\/logo\/image\/"},"sameAs":["https:\/\/www.facebook.com\/laviadellemalghe"]}]}},"_links":{"self":[{"href":"https:\/\/www.laviadellemalghe.it\/de\/wp-json\/wp\/v2\/product\/10894","targetHints":{"allow":["GET"]}}],"collection":[{"href":"https:\/\/www.laviadellemalghe.it\/de\/wp-json\/wp\/v2\/product"}],"about":[{"href":"https:\/\/www.laviadellemalghe.it\/de\/wp-json\/wp\/v2\/types\/product"}],"wp:featuredmedia":[{"embeddable":true,"href":"https:\/\/www.laviadellemalghe.it\/de\/wp-json\/wp\/v2\/media\/6823"}],"wp:attachment":[{"href":"https:\/\/www.laviadellemalghe.it\/de\/wp-json\/wp\/v2\/media?parent=10894"}],"wp:term":[{"taxonomy":"product_brand","embeddable":true,"href":"https:\/\/www.laviadellemalghe.it\/de\/wp-json\/wp\/v2\/product_brand?post=10894"},{"taxonomy":"product_cat","embeddable":true,"href":"https:\/\/www.laviadellemalghe.it\/de\/wp-json\/wp\/v2\/product_cat?post=10894"},{"taxonomy":"product_tag","embeddable":true,"href":"https:\/\/www.laviadellemalghe.it\/de\/wp-json\/wp\/v2\/product_tag?post=10894"}],"curies":[{"name":"wp","href":"https:\/\/api.w.org\/{rel}","templated":true}]}}