{"id":10899,"date":"2022-06-05T14:46:36","date_gmt":"2022-06-05T12:46:36","guid":{"rendered":"https:\/\/www.laviadellemalghe.it\/altopiano\/malga-portule-pastorile-casara-trentin-2\/"},"modified":"2022-08-01T10:26:49","modified_gmt":"2022-08-01T08:26:49","slug":"malga-portule-pastorile-casara-trentin","status":"publish","type":"product","link":"https:\/\/www.laviadellemalghe.it\/de\/altopiano\/malga-portule-pastorile-casara-trentin\/","title":{"rendered":"Malga Portule Pastorile (Casara Trentin)"},"content":{"rendered":"<p>Es ist die h\u00f6chstgelegene Almh\u00fctte der gesamten Hochebene und auch unter dem Namen \u201eCasara Trentin\u201c bekannt. Die Weiden erstrecken sich im Val Trentin bis Porta Kempel, einem Pass zwischen Cima Portule im Westen und Monte Trentin im Osten, von wo man eine wunderbare Aussicht auf die Lagorai-Kette und die Dolomiten hat. Ein Gro\u00dfteil der Alm ist von Latschenkieferw\u00e4ldern mit dazwischen liegenden Weidefl\u00e4chen oder felsigem Gel\u00e4nde bedeckt. Aufgrund der besonderen H\u00f6henlage von bis zu 2.300 m sind die Weiden besonders karg, jedoch im Hinblick auf die Flora besonders wertvoll. Der Rh\u00e4tische Mohn w\u00e4chst zum Beispiel nur in diesem Teil der Hochebene.<br \/>\nMalga Portule Pastorile ist mit ihrer H\u00f6henlage ideal f\u00fcr die Bergweide mit Schafen und Ziegen. Unter den H\u00fctteneinrichtungen steht den Wanderern das Baito zum Biwakieren oder \u00dcbernachten zur Verf\u00fcgung. In der N\u00e4he befinden sich auch die \u00dcberreste von Campo Gallina, einem wichtigen Hauptquartier des \u00f6sterreichisch-ungarischen Kommandos aus dem Ersten Weltkrieg.<\/p>\n","protected":false},"excerpt":{"rendered":"<p>Es ist die h\u00f6chstgelegene Almh\u00fctte der gesamten Hochebene und auch unter dem Namen \u201eCasara Trentin\u201c bekannt. Die Weiden erstrecken sich im Val Trentin bis Porta Kempel, einem Pass zwischen Cima Portule im Westen und Monte Trentin im Osten, von wo man eine wunderbare Aussicht auf die Lagorai-Kette und die Dolomiten hat. Ein Gro\u00dfteil der Alm&hellip;<\/p>\n","protected":false},"featured_media":7055,"template":"","meta":{"_acf_changed":false,"inline_featured_image":false},"product_brand":[],"product_cat":[122],"product_tag":[],"class_list":{"0":"post-10899","1":"product","2":"type-product","3":"status-publish","4":"has-post-thumbnail","6":"product_cat-almhutten","7":"description-off","9":"first","10":"instock","11":"shipping-taxable","12":"product-type-simple"},"acf":[],"yoast_head":"<!-- This site is optimized with the Yoast SEO plugin v24.5 - https:\/\/yoast.com\/wordpress\/plugins\/seo\/ -->\n<title>Malga Portule Pastorile (Casara Trentin) - La Via delle Malghe | Altopiano dei Sette Comuni<\/title>\n<meta name=\"description\" content=\"Es ist die h\u00f6chstgelegene Almh\u00fctte der gesamten Hochebene und auch unter dem Namen \u201eCasara Trentin\u201c bekannt. Die Weiden erstrecken sich im Val Trentin bis Porta Kempel...\" \/>\n<meta name=\"robots\" content=\"index, follow, max-snippet:-1, max-image-preview:large, max-video-preview:-1\" \/>\n<link rel=\"canonical\" href=\"https:\/\/www.laviadellemalghe.it\/de\/altopiano\/malga-portule-pastorile-casara-trentin\/\" \/>\n<meta property=\"og:locale\" content=\"de_DE\" \/>\n<meta property=\"og:type\" content=\"article\" \/>\n<meta property=\"og:title\" content=\"Malga Portule Pastorile (Casara Trentin) - La Via delle Malghe | Altopiano dei Sette Comuni\" \/>\n<meta property=\"og:description\" content=\"Es ist die h\u00f6chstgelegene Almh\u00fctte der gesamten Hochebene und auch unter dem Namen \u201eCasara Trentin\u201c bekannt. Die Weiden erstrecken sich im Val Trentin bis Porta Kempel...\" \/>\n<meta property=\"og:url\" content=\"https:\/\/www.laviadellemalghe.it\/de\/altopiano\/malga-portule-pastorile-casara-trentin\/\" \/>\n<meta property=\"og:site_name\" content=\"La Via delle Malghe | Altopiano dei Sette Comuni\" \/>\n<meta property=\"article:publisher\" content=\"https:\/\/www.facebook.com\/laviadellemalghe\" \/>\n<meta property=\"article:modified_time\" content=\"2022-08-01T08:26:49+00:00\" \/>\n<meta property=\"og:image\" content=\"https:\/\/www.laviadellemalghe.it\/wp-content\/uploads\/2022\/06\/portulepastorile_09_003.jpg\" \/>\n\t<meta property=\"og:image:width\" content=\"1920\" \/>\n\t<meta property=\"og:image:height\" content=\"1279\" \/>\n\t<meta property=\"og:image:type\" content=\"image\/jpeg\" \/>\n<meta name=\"twitter:card\" content=\"summary_large_image\" \/>\n<meta name=\"twitter:label1\" content=\"Gesch\u00e4tzte Lesezeit\" \/>\n\t<meta name=\"twitter:data1\" content=\"1\u00a0Minute\" \/>\n<script type=\"application\/ld+json\" class=\"yoast-schema-graph\">{\"@context\":\"https:\/\/schema.org\",\"@graph\":[{\"@type\":\"WebPage\",\"@id\":\"https:\/\/www.laviadellemalghe.it\/de\/altopiano\/malga-portule-pastorile-casara-trentin\/\",\"url\":\"https:\/\/www.laviadellemalghe.it\/de\/altopiano\/malga-portule-pastorile-casara-trentin\/\",\"name\":\"Malga Portule Pastorile (Casara Trentin) - La Via delle Malghe | Altopiano dei Sette Comuni\",\"isPartOf\":{\"@id\":\"https:\/\/www.laviadellemalghe.it\/de\/#website\"},\"primaryImageOfPage\":{\"@id\":\"https:\/\/www.laviadellemalghe.it\/de\/altopiano\/malga-portule-pastorile-casara-trentin\/#primaryimage\"},\"image\":{\"@id\":\"https:\/\/www.laviadellemalghe.it\/de\/altopiano\/malga-portule-pastorile-casara-trentin\/#primaryimage\"},\"thumbnailUrl\":\"https:\/\/www.laviadellemalghe.it\/wp-content\/uploads\/2022\/06\/portulepastorile_09_003.jpg\",\"datePublished\":\"2022-06-05T12:46:36+00:00\",\"dateModified\":\"2022-08-01T08:26:49+00:00\",\"description\":\"Es ist die h\u00f6chstgelegene Almh\u00fctte der gesamten Hochebene und auch unter dem Namen \u201eCasara Trentin\u201c bekannt. Die Weiden erstrecken sich im Val Trentin bis Porta Kempel...\",\"breadcrumb\":{\"@id\":\"https:\/\/www.laviadellemalghe.it\/de\/altopiano\/malga-portule-pastorile-casara-trentin\/#breadcrumb\"},\"inLanguage\":\"de\",\"potentialAction\":[{\"@type\":\"ReadAction\",\"target\":[\"https:\/\/www.laviadellemalghe.it\/de\/altopiano\/malga-portule-pastorile-casara-trentin\/\"]}]},{\"@type\":\"ImageObject\",\"inLanguage\":\"de\",\"@id\":\"https:\/\/www.laviadellemalghe.it\/de\/altopiano\/malga-portule-pastorile-casara-trentin\/#primaryimage\",\"url\":\"https:\/\/www.laviadellemalghe.it\/wp-content\/uploads\/2022\/06\/portulepastorile_09_003.jpg\",\"contentUrl\":\"https:\/\/www.laviadellemalghe.it\/wp-content\/uploads\/2022\/06\/portulepastorile_09_003.jpg\",\"width\":1920,\"height\":1279,\"caption\":\"Malga Portule Pastorile\"},{\"@type\":\"BreadcrumbList\",\"@id\":\"https:\/\/www.laviadellemalghe.it\/de\/altopiano\/malga-portule-pastorile-casara-trentin\/#breadcrumb\",\"itemListElement\":[{\"@type\":\"ListItem\",\"position\":1,\"name\":\"Home\",\"item\":\"https:\/\/www.laviadellemalghe.it\/de\/home\/\"},{\"@type\":\"ListItem\",\"position\":2,\"name\":\"Produkte\",\"item\":\"https:\/\/www.laviadellemalghe.it\/de\/shop\/\"},{\"@type\":\"ListItem\",\"position\":3,\"name\":\"Malga Portule Pastorile (Casara Trentin)\"}]},{\"@type\":\"WebSite\",\"@id\":\"https:\/\/www.laviadellemalghe.it\/de\/#website\",\"url\":\"https:\/\/www.laviadellemalghe.it\/de\/\",\"name\":\"La Via delle Malghe | Altopiano dei Sette Comuni\",\"description\":\"#sweethomealtopiano\",\"publisher\":{\"@id\":\"https:\/\/www.laviadellemalghe.it\/de\/#organization\"},\"potentialAction\":[{\"@type\":\"SearchAction\",\"target\":{\"@type\":\"EntryPoint\",\"urlTemplate\":\"https:\/\/www.laviadellemalghe.it\/de\/?s={search_term_string}\"},\"query-input\":{\"@type\":\"PropertyValueSpecification\",\"valueRequired\":true,\"valueName\":\"search_term_string\"}}],\"inLanguage\":\"de\"},{\"@type\":\"Organization\",\"@id\":\"https:\/\/www.laviadellemalghe.it\/de\/#organization\",\"name\":\"La Via delle Malghe - Altopiano dei Sette Comuni\",\"url\":\"https:\/\/www.laviadellemalghe.it\/de\/\",\"logo\":{\"@type\":\"ImageObject\",\"inLanguage\":\"de\",\"@id\":\"https:\/\/www.laviadellemalghe.it\/de\/#\/schema\/logo\/image\/\",\"url\":\"https:\/\/www.laviadellemalghe.it\/wp-content\/uploads\/2022\/07\/logo_LVDM_altopiano.jpg\",\"contentUrl\":\"https:\/\/www.laviadellemalghe.it\/wp-content\/uploads\/2022\/07\/logo_LVDM_altopiano.jpg\",\"width\":1292,\"height\":929,\"caption\":\"La Via delle Malghe - Altopiano dei Sette Comuni\"},\"image\":{\"@id\":\"https:\/\/www.laviadellemalghe.it\/de\/#\/schema\/logo\/image\/\"},\"sameAs\":[\"https:\/\/www.facebook.com\/laviadellemalghe\"]}]}<\/script>\n<!-- \/ Yoast SEO plugin. -->","yoast_head_json":{"title":"Malga Portule Pastorile (Casara Trentin) - La Via delle Malghe | Altopiano dei Sette Comuni","description":"Es ist die h\u00f6chstgelegene Almh\u00fctte der gesamten Hochebene und auch unter dem Namen \u201eCasara Trentin\u201c bekannt. Die Weiden erstrecken sich im Val Trentin bis Porta Kempel...","robots":{"index":"index","follow":"follow","max-snippet":"max-snippet:-1","max-image-preview":"max-image-preview:large","max-video-preview":"max-video-preview:-1"},"canonical":"https:\/\/www.laviadellemalghe.it\/de\/altopiano\/malga-portule-pastorile-casara-trentin\/","og_locale":"de_DE","og_type":"article","og_title":"Malga Portule Pastorile (Casara Trentin) - La Via delle Malghe | Altopiano dei Sette Comuni","og_description":"Es ist die h\u00f6chstgelegene Almh\u00fctte der gesamten Hochebene und auch unter dem Namen \u201eCasara Trentin\u201c bekannt. Die Weiden erstrecken sich im Val Trentin bis Porta Kempel...","og_url":"https:\/\/www.laviadellemalghe.it\/de\/altopiano\/malga-portule-pastorile-casara-trentin\/","og_site_name":"La Via delle Malghe | Altopiano dei Sette Comuni","article_publisher":"https:\/\/www.facebook.com\/laviadellemalghe","article_modified_time":"2022-08-01T08:26:49+00:00","og_image":[{"width":1920,"height":1279,"url":"https:\/\/www.laviadellemalghe.it\/wp-content\/uploads\/2022\/06\/portulepastorile_09_003.jpg","type":"image\/jpeg"}],"twitter_card":"summary_large_image","twitter_misc":{"Gesch\u00e4tzte Lesezeit":"1\u00a0Minute"},"schema":{"@context":"https:\/\/schema.org","@graph":[{"@type":"WebPage","@id":"https:\/\/www.laviadellemalghe.it\/de\/altopiano\/malga-portule-pastorile-casara-trentin\/","url":"https:\/\/www.laviadellemalghe.it\/de\/altopiano\/malga-portule-pastorile-casara-trentin\/","name":"Malga Portule Pastorile (Casara Trentin) - La Via delle Malghe | Altopiano dei Sette Comuni","isPartOf":{"@id":"https:\/\/www.laviadellemalghe.it\/de\/#website"},"primaryImageOfPage":{"@id":"https:\/\/www.laviadellemalghe.it\/de\/altopiano\/malga-portule-pastorile-casara-trentin\/#primaryimage"},"image":{"@id":"https:\/\/www.laviadellemalghe.it\/de\/altopiano\/malga-portule-pastorile-casara-trentin\/#primaryimage"},"thumbnailUrl":"https:\/\/www.laviadellemalghe.it\/wp-content\/uploads\/2022\/06\/portulepastorile_09_003.jpg","datePublished":"2022-06-05T12:46:36+00:00","dateModified":"2022-08-01T08:26:49+00:00","description":"Es ist die h\u00f6chstgelegene Almh\u00fctte der gesamten Hochebene und auch unter dem Namen \u201eCasara Trentin\u201c bekannt. Die Weiden erstrecken sich im Val Trentin bis Porta Kempel...","breadcrumb":{"@id":"https:\/\/www.laviadellemalghe.it\/de\/altopiano\/malga-portule-pastorile-casara-trentin\/#breadcrumb"},"inLanguage":"de","potentialAction":[{"@type":"ReadAction","target":["https:\/\/www.laviadellemalghe.it\/de\/altopiano\/malga-portule-pastorile-casara-trentin\/"]}]},{"@type":"ImageObject","inLanguage":"de","@id":"https:\/\/www.laviadellemalghe.it\/de\/altopiano\/malga-portule-pastorile-casara-trentin\/#primaryimage","url":"https:\/\/www.laviadellemalghe.it\/wp-content\/uploads\/2022\/06\/portulepastorile_09_003.jpg","contentUrl":"https:\/\/www.laviadellemalghe.it\/wp-content\/uploads\/2022\/06\/portulepastorile_09_003.jpg","width":1920,"height":1279,"caption":"Malga Portule Pastorile"},{"@type":"BreadcrumbList","@id":"https:\/\/www.laviadellemalghe.it\/de\/altopiano\/malga-portule-pastorile-casara-trentin\/#breadcrumb","itemListElement":[{"@type":"ListItem","position":1,"name":"Home","item":"https:\/\/www.laviadellemalghe.it\/de\/home\/"},{"@type":"ListItem","position":2,"name":"Produkte","item":"https:\/\/www.laviadellemalghe.it\/de\/shop\/"},{"@type":"ListItem","position":3,"name":"Malga Portule Pastorile (Casara Trentin)"}]},{"@type":"WebSite","@id":"https:\/\/www.laviadellemalghe.it\/de\/#website","url":"https:\/\/www.laviadellemalghe.it\/de\/","name":"La Via delle Malghe | Altopiano dei Sette Comuni","description":"#sweethomealtopiano","publisher":{"@id":"https:\/\/www.laviadellemalghe.it\/de\/#organization"},"potentialAction":[{"@type":"SearchAction","target":{"@type":"EntryPoint","urlTemplate":"https:\/\/www.laviadellemalghe.it\/de\/?s={search_term_string}"},"query-input":{"@type":"PropertyValueSpecification","valueRequired":true,"valueName":"search_term_string"}}],"inLanguage":"de"},{"@type":"Organization","@id":"https:\/\/www.laviadellemalghe.it\/de\/#organization","name":"La Via delle Malghe - Altopiano dei Sette Comuni","url":"https:\/\/www.laviadellemalghe.it\/de\/","logo":{"@type":"ImageObject","inLanguage":"de","@id":"https:\/\/www.laviadellemalghe.it\/de\/#\/schema\/logo\/image\/","url":"https:\/\/www.laviadellemalghe.it\/wp-content\/uploads\/2022\/07\/logo_LVDM_altopiano.jpg","contentUrl":"https:\/\/www.laviadellemalghe.it\/wp-content\/uploads\/2022\/07\/logo_LVDM_altopiano.jpg","width":1292,"height":929,"caption":"La Via delle Malghe - Altopiano dei Sette Comuni"},"image":{"@id":"https:\/\/www.laviadellemalghe.it\/de\/#\/schema\/logo\/image\/"},"sameAs":["https:\/\/www.facebook.com\/laviadellemalghe"]}]}},"_links":{"self":[{"href":"https:\/\/www.laviadellemalghe.it\/de\/wp-json\/wp\/v2\/product\/10899","targetHints":{"allow":["GET"]}}],"collection":[{"href":"https:\/\/www.laviadellemalghe.it\/de\/wp-json\/wp\/v2\/product"}],"about":[{"href":"https:\/\/www.laviadellemalghe.it\/de\/wp-json\/wp\/v2\/types\/product"}],"wp:featuredmedia":[{"embeddable":true,"href":"https:\/\/www.laviadellemalghe.it\/de\/wp-json\/wp\/v2\/media\/7055"}],"wp:attachment":[{"href":"https:\/\/www.laviadellemalghe.it\/de\/wp-json\/wp\/v2\/media?parent=10899"}],"wp:term":[{"taxonomy":"product_brand","embeddable":true,"href":"https:\/\/www.laviadellemalghe.it\/de\/wp-json\/wp\/v2\/product_brand?post=10899"},{"taxonomy":"product_cat","embeddable":true,"href":"https:\/\/www.laviadellemalghe.it\/de\/wp-json\/wp\/v2\/product_cat?post=10899"},{"taxonomy":"product_tag","embeddable":true,"href":"https:\/\/www.laviadellemalghe.it\/de\/wp-json\/wp\/v2\/product_tag?post=10899"}],"curies":[{"name":"wp","href":"https:\/\/api.w.org\/{rel}","templated":true}]}}