{"id":10901,"date":"2022-06-09T17:55:20","date_gmt":"2022-06-09T15:55:20","guid":{"rendered":"https:\/\/www.laviadellemalghe.it\/altopiano\/malga-zebio-pastorile-2\/"},"modified":"2022-08-01T10:27:21","modified_gmt":"2022-08-01T08:27:21","slug":"malga-zebio-pastorile","status":"publish","type":"product","link":"https:\/\/www.laviadellemalghe.it\/de\/altopiano\/malga-zebio-pastorile\/","title":{"rendered":"Malga Zebio Pastorile"},"content":{"rendered":"<p>Malga Zebio Pastorile liegt etwas weiter n\u00f6rdlich von Malga Zebio, inmitten eines Mosaiks aus Weiden und dichten Fichten-, L\u00e4rchen- und Latschenkieferw\u00e4ldern. Die Morphologie der Weiden, \u00fcberwiegend karge Grasschichten mit aufragenden Felsen, und die Tatsache, dass es keinen Zuchthengst mit Melkstand gibt, verwandeln sie in eine Galtviehalm.<br \/>\nDiese Orte, von denen auch Emilio Lussu in \u201eEin Jahr auf der Hochebene\u201c erz\u00e4hlt, sind in die Geschichte als Schauplatz der K\u00e4mpfe des Ersten Weltkriegs eingegangen, von denen noch heute Spuren von Kasernen, Lauf- und Sch\u00fctzengr\u00e4ben zu sehen sind. In der N\u00e4he der Almh\u00fctte befindet sich auch ein Denkmal zum Gedenken an zwei Eisensammler, die hier ihr Leben verloren. An der Almh\u00fctte beginnt in Richtung Norden ein malerischer Weg, den man zu Fu\u00df oder mit dem Fahrrad bis zur Malga Zingarella zur\u00fccklegen kann.<\/p>\n","protected":false},"excerpt":{"rendered":"<p>Malga Zebio Pastorile liegt etwas weiter n\u00f6rdlich von Malga Zebio, inmitten eines Mosaiks aus Weiden und dichten Fichten-, L\u00e4rchen- und Latschenkieferw\u00e4ldern. Die Morphologie der Weiden, \u00fcberwiegend karge Grasschichten mit aufragenden Felsen, und die Tatsache, dass es keinen Zuchthengst mit Melkstand gibt, verwandeln sie in eine Galtviehalm. Diese Orte, von denen auch Emilio Lussu in \u201eEin&hellip;<\/p>\n","protected":false},"featured_media":7093,"template":"","meta":{"_acf_changed":false,"inline_featured_image":false},"product_brand":[],"product_cat":[122],"product_tag":[],"class_list":{"0":"post-10901","1":"product","2":"type-product","3":"status-publish","4":"has-post-thumbnail","6":"product_cat-almhutten","7":"description-off","9":"first","10":"instock","11":"shipping-taxable","12":"product-type-simple"},"acf":[],"yoast_head":"<!-- This site is optimized with the Yoast SEO plugin v24.5 - https:\/\/yoast.com\/wordpress\/plugins\/seo\/ -->\n<title>Malga Zebio Pastorile - La Via delle Malghe | Altopiano dei Sette Comuni<\/title>\n<meta name=\"description\" content=\"Malga Zebio Pastorile liegt etwas weiter n\u00f6rdlich von Malga Zebio, inmitten eines Mosaiks aus Weiden und dichten Fichten-, L\u00e4rchen- und Latschenkieferw\u00e4ldern. Die Morphologie der Weiden...\" \/>\n<meta name=\"robots\" content=\"index, follow, max-snippet:-1, max-image-preview:large, max-video-preview:-1\" \/>\n<link rel=\"canonical\" href=\"https:\/\/www.laviadellemalghe.it\/de\/altopiano\/malga-zebio-pastorile\/\" \/>\n<meta property=\"og:locale\" content=\"de_DE\" \/>\n<meta property=\"og:type\" content=\"article\" \/>\n<meta property=\"og:title\" content=\"Malga Zebio Pastorile - La Via delle Malghe | Altopiano dei Sette Comuni\" \/>\n<meta property=\"og:description\" content=\"Malga Zebio Pastorile liegt etwas weiter n\u00f6rdlich von Malga Zebio, inmitten eines Mosaiks aus Weiden und dichten Fichten-, L\u00e4rchen- und Latschenkieferw\u00e4ldern. Die Morphologie der Weiden...\" \/>\n<meta property=\"og:url\" content=\"https:\/\/www.laviadellemalghe.it\/de\/altopiano\/malga-zebio-pastorile\/\" \/>\n<meta property=\"og:site_name\" content=\"La Via delle Malghe | Altopiano dei Sette Comuni\" \/>\n<meta property=\"article:publisher\" content=\"https:\/\/www.facebook.com\/laviadellemalghe\" \/>\n<meta property=\"article:modified_time\" content=\"2022-08-01T08:27:21+00:00\" \/>\n<meta property=\"og:image\" content=\"https:\/\/www.laviadellemalghe.it\/wp-content\/uploads\/2022\/06\/zebiopastorile_11_024-1024x683.jpg\" \/>\n\t<meta property=\"og:image:width\" content=\"1024\" \/>\n\t<meta property=\"og:image:height\" content=\"683\" \/>\n\t<meta property=\"og:image:type\" content=\"image\/jpeg\" \/>\n<meta name=\"twitter:card\" content=\"summary_large_image\" \/>\n<meta name=\"twitter:label1\" content=\"Gesch\u00e4tzte Lesezeit\" \/>\n\t<meta name=\"twitter:data1\" content=\"1\u00a0Minute\" \/>\n<script type=\"application\/ld+json\" class=\"yoast-schema-graph\">{\"@context\":\"https:\/\/schema.org\",\"@graph\":[{\"@type\":\"WebPage\",\"@id\":\"https:\/\/www.laviadellemalghe.it\/de\/altopiano\/malga-zebio-pastorile\/\",\"url\":\"https:\/\/www.laviadellemalghe.it\/de\/altopiano\/malga-zebio-pastorile\/\",\"name\":\"Malga Zebio Pastorile - La Via delle Malghe | Altopiano dei Sette Comuni\",\"isPartOf\":{\"@id\":\"https:\/\/www.laviadellemalghe.it\/de\/#website\"},\"primaryImageOfPage\":{\"@id\":\"https:\/\/www.laviadellemalghe.it\/de\/altopiano\/malga-zebio-pastorile\/#primaryimage\"},\"image\":{\"@id\":\"https:\/\/www.laviadellemalghe.it\/de\/altopiano\/malga-zebio-pastorile\/#primaryimage\"},\"thumbnailUrl\":\"https:\/\/www.laviadellemalghe.it\/wp-content\/uploads\/2022\/06\/zebiopastorile_11_024.jpg\",\"datePublished\":\"2022-06-09T15:55:20+00:00\",\"dateModified\":\"2022-08-01T08:27:21+00:00\",\"description\":\"Malga Zebio Pastorile liegt etwas weiter n\u00f6rdlich von Malga Zebio, inmitten eines Mosaiks aus Weiden und dichten Fichten-, L\u00e4rchen- und Latschenkieferw\u00e4ldern. Die Morphologie der Weiden...\",\"breadcrumb\":{\"@id\":\"https:\/\/www.laviadellemalghe.it\/de\/altopiano\/malga-zebio-pastorile\/#breadcrumb\"},\"inLanguage\":\"de\",\"potentialAction\":[{\"@type\":\"ReadAction\",\"target\":[\"https:\/\/www.laviadellemalghe.it\/de\/altopiano\/malga-zebio-pastorile\/\"]}]},{\"@type\":\"ImageObject\",\"inLanguage\":\"de\",\"@id\":\"https:\/\/www.laviadellemalghe.it\/de\/altopiano\/malga-zebio-pastorile\/#primaryimage\",\"url\":\"https:\/\/www.laviadellemalghe.it\/wp-content\/uploads\/2022\/06\/zebiopastorile_11_024.jpg\",\"contentUrl\":\"https:\/\/www.laviadellemalghe.it\/wp-content\/uploads\/2022\/06\/zebiopastorile_11_024.jpg\",\"width\":1920,\"height\":1281,\"caption\":\"Malga Zebio Pastorile\"},{\"@type\":\"BreadcrumbList\",\"@id\":\"https:\/\/www.laviadellemalghe.it\/de\/altopiano\/malga-zebio-pastorile\/#breadcrumb\",\"itemListElement\":[{\"@type\":\"ListItem\",\"position\":1,\"name\":\"Home\",\"item\":\"https:\/\/www.laviadellemalghe.it\/de\/home\/\"},{\"@type\":\"ListItem\",\"position\":2,\"name\":\"Produkte\",\"item\":\"https:\/\/www.laviadellemalghe.it\/de\/shop\/\"},{\"@type\":\"ListItem\",\"position\":3,\"name\":\"Malga Zebio Pastorile\"}]},{\"@type\":\"WebSite\",\"@id\":\"https:\/\/www.laviadellemalghe.it\/de\/#website\",\"url\":\"https:\/\/www.laviadellemalghe.it\/de\/\",\"name\":\"La Via delle Malghe | Altopiano dei Sette Comuni\",\"description\":\"#sweethomealtopiano\",\"publisher\":{\"@id\":\"https:\/\/www.laviadellemalghe.it\/de\/#organization\"},\"potentialAction\":[{\"@type\":\"SearchAction\",\"target\":{\"@type\":\"EntryPoint\",\"urlTemplate\":\"https:\/\/www.laviadellemalghe.it\/de\/?s={search_term_string}\"},\"query-input\":{\"@type\":\"PropertyValueSpecification\",\"valueRequired\":true,\"valueName\":\"search_term_string\"}}],\"inLanguage\":\"de\"},{\"@type\":\"Organization\",\"@id\":\"https:\/\/www.laviadellemalghe.it\/de\/#organization\",\"name\":\"La Via delle Malghe - Altopiano dei Sette Comuni\",\"url\":\"https:\/\/www.laviadellemalghe.it\/de\/\",\"logo\":{\"@type\":\"ImageObject\",\"inLanguage\":\"de\",\"@id\":\"https:\/\/www.laviadellemalghe.it\/de\/#\/schema\/logo\/image\/\",\"url\":\"https:\/\/www.laviadellemalghe.it\/wp-content\/uploads\/2022\/07\/logo_LVDM_altopiano.jpg\",\"contentUrl\":\"https:\/\/www.laviadellemalghe.it\/wp-content\/uploads\/2022\/07\/logo_LVDM_altopiano.jpg\",\"width\":1292,\"height\":929,\"caption\":\"La Via delle Malghe - Altopiano dei Sette Comuni\"},\"image\":{\"@id\":\"https:\/\/www.laviadellemalghe.it\/de\/#\/schema\/logo\/image\/\"},\"sameAs\":[\"https:\/\/www.facebook.com\/laviadellemalghe\"]}]}<\/script>\n<!-- \/ Yoast SEO plugin. -->","yoast_head_json":{"title":"Malga Zebio Pastorile - La Via delle Malghe | Altopiano dei Sette Comuni","description":"Malga Zebio Pastorile liegt etwas weiter n\u00f6rdlich von Malga Zebio, inmitten eines Mosaiks aus Weiden und dichten Fichten-, L\u00e4rchen- und Latschenkieferw\u00e4ldern. Die Morphologie der Weiden...","robots":{"index":"index","follow":"follow","max-snippet":"max-snippet:-1","max-image-preview":"max-image-preview:large","max-video-preview":"max-video-preview:-1"},"canonical":"https:\/\/www.laviadellemalghe.it\/de\/altopiano\/malga-zebio-pastorile\/","og_locale":"de_DE","og_type":"article","og_title":"Malga Zebio Pastorile - La Via delle Malghe | Altopiano dei Sette Comuni","og_description":"Malga Zebio Pastorile liegt etwas weiter n\u00f6rdlich von Malga Zebio, inmitten eines Mosaiks aus Weiden und dichten Fichten-, L\u00e4rchen- und Latschenkieferw\u00e4ldern. Die Morphologie der Weiden...","og_url":"https:\/\/www.laviadellemalghe.it\/de\/altopiano\/malga-zebio-pastorile\/","og_site_name":"La Via delle Malghe | Altopiano dei Sette Comuni","article_publisher":"https:\/\/www.facebook.com\/laviadellemalghe","article_modified_time":"2022-08-01T08:27:21+00:00","og_image":[{"width":1024,"height":683,"url":"https:\/\/www.laviadellemalghe.it\/wp-content\/uploads\/2022\/06\/zebiopastorile_11_024-1024x683.jpg","type":"image\/jpeg"}],"twitter_card":"summary_large_image","twitter_misc":{"Gesch\u00e4tzte Lesezeit":"1\u00a0Minute"},"schema":{"@context":"https:\/\/schema.org","@graph":[{"@type":"WebPage","@id":"https:\/\/www.laviadellemalghe.it\/de\/altopiano\/malga-zebio-pastorile\/","url":"https:\/\/www.laviadellemalghe.it\/de\/altopiano\/malga-zebio-pastorile\/","name":"Malga Zebio Pastorile - La Via delle Malghe | Altopiano dei Sette Comuni","isPartOf":{"@id":"https:\/\/www.laviadellemalghe.it\/de\/#website"},"primaryImageOfPage":{"@id":"https:\/\/www.laviadellemalghe.it\/de\/altopiano\/malga-zebio-pastorile\/#primaryimage"},"image":{"@id":"https:\/\/www.laviadellemalghe.it\/de\/altopiano\/malga-zebio-pastorile\/#primaryimage"},"thumbnailUrl":"https:\/\/www.laviadellemalghe.it\/wp-content\/uploads\/2022\/06\/zebiopastorile_11_024.jpg","datePublished":"2022-06-09T15:55:20+00:00","dateModified":"2022-08-01T08:27:21+00:00","description":"Malga Zebio Pastorile liegt etwas weiter n\u00f6rdlich von Malga Zebio, inmitten eines Mosaiks aus Weiden und dichten Fichten-, L\u00e4rchen- und Latschenkieferw\u00e4ldern. Die Morphologie der Weiden...","breadcrumb":{"@id":"https:\/\/www.laviadellemalghe.it\/de\/altopiano\/malga-zebio-pastorile\/#breadcrumb"},"inLanguage":"de","potentialAction":[{"@type":"ReadAction","target":["https:\/\/www.laviadellemalghe.it\/de\/altopiano\/malga-zebio-pastorile\/"]}]},{"@type":"ImageObject","inLanguage":"de","@id":"https:\/\/www.laviadellemalghe.it\/de\/altopiano\/malga-zebio-pastorile\/#primaryimage","url":"https:\/\/www.laviadellemalghe.it\/wp-content\/uploads\/2022\/06\/zebiopastorile_11_024.jpg","contentUrl":"https:\/\/www.laviadellemalghe.it\/wp-content\/uploads\/2022\/06\/zebiopastorile_11_024.jpg","width":1920,"height":1281,"caption":"Malga Zebio Pastorile"},{"@type":"BreadcrumbList","@id":"https:\/\/www.laviadellemalghe.it\/de\/altopiano\/malga-zebio-pastorile\/#breadcrumb","itemListElement":[{"@type":"ListItem","position":1,"name":"Home","item":"https:\/\/www.laviadellemalghe.it\/de\/home\/"},{"@type":"ListItem","position":2,"name":"Produkte","item":"https:\/\/www.laviadellemalghe.it\/de\/shop\/"},{"@type":"ListItem","position":3,"name":"Malga Zebio Pastorile"}]},{"@type":"WebSite","@id":"https:\/\/www.laviadellemalghe.it\/de\/#website","url":"https:\/\/www.laviadellemalghe.it\/de\/","name":"La Via delle Malghe | Altopiano dei Sette Comuni","description":"#sweethomealtopiano","publisher":{"@id":"https:\/\/www.laviadellemalghe.it\/de\/#organization"},"potentialAction":[{"@type":"SearchAction","target":{"@type":"EntryPoint","urlTemplate":"https:\/\/www.laviadellemalghe.it\/de\/?s={search_term_string}"},"query-input":{"@type":"PropertyValueSpecification","valueRequired":true,"valueName":"search_term_string"}}],"inLanguage":"de"},{"@type":"Organization","@id":"https:\/\/www.laviadellemalghe.it\/de\/#organization","name":"La Via delle Malghe - Altopiano dei Sette Comuni","url":"https:\/\/www.laviadellemalghe.it\/de\/","logo":{"@type":"ImageObject","inLanguage":"de","@id":"https:\/\/www.laviadellemalghe.it\/de\/#\/schema\/logo\/image\/","url":"https:\/\/www.laviadellemalghe.it\/wp-content\/uploads\/2022\/07\/logo_LVDM_altopiano.jpg","contentUrl":"https:\/\/www.laviadellemalghe.it\/wp-content\/uploads\/2022\/07\/logo_LVDM_altopiano.jpg","width":1292,"height":929,"caption":"La Via delle Malghe - Altopiano dei Sette Comuni"},"image":{"@id":"https:\/\/www.laviadellemalghe.it\/de\/#\/schema\/logo\/image\/"},"sameAs":["https:\/\/www.facebook.com\/laviadellemalghe"]}]}},"_links":{"self":[{"href":"https:\/\/www.laviadellemalghe.it\/de\/wp-json\/wp\/v2\/product\/10901","targetHints":{"allow":["GET"]}}],"collection":[{"href":"https:\/\/www.laviadellemalghe.it\/de\/wp-json\/wp\/v2\/product"}],"about":[{"href":"https:\/\/www.laviadellemalghe.it\/de\/wp-json\/wp\/v2\/types\/product"}],"wp:featuredmedia":[{"embeddable":true,"href":"https:\/\/www.laviadellemalghe.it\/de\/wp-json\/wp\/v2\/media\/7093"}],"wp:attachment":[{"href":"https:\/\/www.laviadellemalghe.it\/de\/wp-json\/wp\/v2\/media?parent=10901"}],"wp:term":[{"taxonomy":"product_brand","embeddable":true,"href":"https:\/\/www.laviadellemalghe.it\/de\/wp-json\/wp\/v2\/product_brand?post=10901"},{"taxonomy":"product_cat","embeddable":true,"href":"https:\/\/www.laviadellemalghe.it\/de\/wp-json\/wp\/v2\/product_cat?post=10901"},{"taxonomy":"product_tag","embeddable":true,"href":"https:\/\/www.laviadellemalghe.it\/de\/wp-json\/wp\/v2\/product_tag?post=10901"}],"curies":[{"name":"wp","href":"https:\/\/api.w.org\/{rel}","templated":true}]}}