{"id":10904,"date":"2022-06-09T18:57:40","date_gmt":"2022-06-09T16:57:40","guid":{"rendered":"https:\/\/www.laviadellemalghe.it\/altopiano\/malga-busafonda-campomulo-2\/"},"modified":"2022-08-01T10:27:55","modified_gmt":"2022-08-01T08:27:55","slug":"malga-busafonda-campomulo","status":"publish","type":"product","link":"https:\/\/www.laviadellemalghe.it\/de\/altopiano\/malga-busafonda-campomulo\/","title":{"rendered":"Malga Busafonda-Campomulo"},"content":{"rendered":"<p>Zu den Weiden der Malga Busafonda z\u00e4hlen auch die der ehemaligen Malga Campomulo, die seit geraumer Zeit zur Basish\u00fctte des Langlaufzentrums umfunktioniert wurde, einem der sch\u00f6nsten und bestausgestatteten Zentren Italiens mit \u00fcber 100 Kilometern Loipen, die durch Weiden und W\u00e4lder f\u00fchren.<br \/>\nDie Almfl\u00e4che der Malga Busafonda erstreckt sich auf einem schmalen Streifen Gr\u00fcnland in Valle Campomulo, der sich mit einigen Verzweigungen an den Seitent\u00e4lern und Skipisten der nahen Skilifte von Melette di Gallio ausdehnt. Die Weide der ehemaligen Malga Campomulo umfasst dagegen den weiten Talkessel zwischen Monte Fiara im Norden, Monte Sbarbatal im S\u00fcdosten und Monte Baldo im S\u00fcdwesten.<br \/>\nIn der Wintersaison gibt es in der N\u00e4he der Malga Busafonda auch eine Eisschnelllaufbahn.<br \/>\nDer Weg der Stille &#8211; Tor zur Erinnerung (Sentiero del Silenzio &#8211; Porta della Memoria), der f\u00fcr viele Besucher ein Muss ist, durchquert die Almweiden des Talbeckens Campomuletto.<\/p>\n","protected":false},"excerpt":{"rendered":"<p>Zu den Weiden der Malga Busafonda z\u00e4hlen auch die der ehemaligen Malga Campomulo, die seit geraumer Zeit zur Basish\u00fctte des Langlaufzentrums umfunktioniert wurde, einem der sch\u00f6nsten und bestausgestatteten Zentren Italiens mit \u00fcber 100 Kilometern Loipen, die durch Weiden und W\u00e4lder f\u00fchren. Die Almfl\u00e4che der Malga Busafonda erstreckt sich auf einem schmalen Streifen Gr\u00fcnland in Valle&hellip;<\/p>\n","protected":false},"featured_media":7145,"template":"","meta":{"_acf_changed":false,"inline_featured_image":false},"product_brand":[],"product_cat":[122],"product_tag":[],"class_list":{"0":"post-10904","1":"product","2":"type-product","3":"status-publish","4":"has-post-thumbnail","6":"product_cat-almhutten","7":"description-off","9":"first","10":"instock","11":"shipping-taxable","12":"product-type-simple"},"acf":[],"yoast_head":"<!-- This site is optimized with the Yoast SEO plugin v24.5 - https:\/\/yoast.com\/wordpress\/plugins\/seo\/ -->\n<title>Malga Busafonda-Campomulo - La Via delle Malghe | Altopiano dei Sette Comuni<\/title>\n<meta name=\"description\" content=\"Zu den Weiden der Malga Busafonda z\u00e4hlen auch die der ehemaligen Malga Campomulo, die seit geraumer Zeit zur Basish\u00fctte...\" \/>\n<meta name=\"robots\" content=\"index, follow, max-snippet:-1, max-image-preview:large, max-video-preview:-1\" \/>\n<link rel=\"canonical\" href=\"https:\/\/www.laviadellemalghe.it\/de\/altopiano\/malga-busafonda-campomulo\/\" \/>\n<meta property=\"og:locale\" content=\"de_DE\" \/>\n<meta property=\"og:type\" content=\"article\" \/>\n<meta property=\"og:title\" content=\"Malga Busafonda-Campomulo - La Via delle Malghe | Altopiano dei Sette Comuni\" \/>\n<meta property=\"og:description\" content=\"Zu den Weiden der Malga Busafonda z\u00e4hlen auch die der ehemaligen Malga Campomulo, die seit geraumer Zeit zur Basish\u00fctte...\" \/>\n<meta property=\"og:url\" content=\"https:\/\/www.laviadellemalghe.it\/de\/altopiano\/malga-busafonda-campomulo\/\" \/>\n<meta property=\"og:site_name\" content=\"La Via delle Malghe | Altopiano dei Sette Comuni\" \/>\n<meta property=\"article:publisher\" content=\"https:\/\/www.facebook.com\/laviadellemalghe\" \/>\n<meta property=\"article:modified_time\" content=\"2022-08-01T08:27:55+00:00\" \/>\n<meta property=\"og:image\" content=\"https:\/\/www.laviadellemalghe.it\/wp-content\/uploads\/2022\/06\/busafondacampomulo_14_005-1024x683.jpg\" \/>\n\t<meta property=\"og:image:width\" content=\"1024\" \/>\n\t<meta property=\"og:image:height\" content=\"683\" \/>\n\t<meta property=\"og:image:type\" content=\"image\/jpeg\" \/>\n<meta name=\"twitter:card\" content=\"summary_large_image\" \/>\n<meta name=\"twitter:label1\" content=\"Gesch\u00e4tzte Lesezeit\" \/>\n\t<meta name=\"twitter:data1\" content=\"1\u00a0Minute\" \/>\n<script type=\"application\/ld+json\" class=\"yoast-schema-graph\">{\"@context\":\"https:\/\/schema.org\",\"@graph\":[{\"@type\":\"WebPage\",\"@id\":\"https:\/\/www.laviadellemalghe.it\/de\/altopiano\/malga-busafonda-campomulo\/\",\"url\":\"https:\/\/www.laviadellemalghe.it\/de\/altopiano\/malga-busafonda-campomulo\/\",\"name\":\"Malga Busafonda-Campomulo - La Via delle Malghe | Altopiano dei Sette Comuni\",\"isPartOf\":{\"@id\":\"https:\/\/www.laviadellemalghe.it\/de\/#website\"},\"primaryImageOfPage\":{\"@id\":\"https:\/\/www.laviadellemalghe.it\/de\/altopiano\/malga-busafonda-campomulo\/#primaryimage\"},\"image\":{\"@id\":\"https:\/\/www.laviadellemalghe.it\/de\/altopiano\/malga-busafonda-campomulo\/#primaryimage\"},\"thumbnailUrl\":\"https:\/\/www.laviadellemalghe.it\/wp-content\/uploads\/2022\/06\/busafondacampomulo_14_005.jpg\",\"datePublished\":\"2022-06-09T16:57:40+00:00\",\"dateModified\":\"2022-08-01T08:27:55+00:00\",\"description\":\"Zu den Weiden der Malga Busafonda z\u00e4hlen auch die der ehemaligen Malga Campomulo, die seit geraumer Zeit zur Basish\u00fctte...\",\"breadcrumb\":{\"@id\":\"https:\/\/www.laviadellemalghe.it\/de\/altopiano\/malga-busafonda-campomulo\/#breadcrumb\"},\"inLanguage\":\"de\",\"potentialAction\":[{\"@type\":\"ReadAction\",\"target\":[\"https:\/\/www.laviadellemalghe.it\/de\/altopiano\/malga-busafonda-campomulo\/\"]}]},{\"@type\":\"ImageObject\",\"inLanguage\":\"de\",\"@id\":\"https:\/\/www.laviadellemalghe.it\/de\/altopiano\/malga-busafonda-campomulo\/#primaryimage\",\"url\":\"https:\/\/www.laviadellemalghe.it\/wp-content\/uploads\/2022\/06\/busafondacampomulo_14_005.jpg\",\"contentUrl\":\"https:\/\/www.laviadellemalghe.it\/wp-content\/uploads\/2022\/06\/busafondacampomulo_14_005.jpg\",\"width\":1920,\"height\":1281,\"caption\":\"Malga Busafonda-Campomulo\"},{\"@type\":\"BreadcrumbList\",\"@id\":\"https:\/\/www.laviadellemalghe.it\/de\/altopiano\/malga-busafonda-campomulo\/#breadcrumb\",\"itemListElement\":[{\"@type\":\"ListItem\",\"position\":1,\"name\":\"Home\",\"item\":\"https:\/\/www.laviadellemalghe.it\/de\/home\/\"},{\"@type\":\"ListItem\",\"position\":2,\"name\":\"Produkte\",\"item\":\"https:\/\/www.laviadellemalghe.it\/de\/shop\/\"},{\"@type\":\"ListItem\",\"position\":3,\"name\":\"Malga Busafonda-Campomulo\"}]},{\"@type\":\"WebSite\",\"@id\":\"https:\/\/www.laviadellemalghe.it\/de\/#website\",\"url\":\"https:\/\/www.laviadellemalghe.it\/de\/\",\"name\":\"La Via delle Malghe | Altopiano dei Sette Comuni\",\"description\":\"#sweethomealtopiano\",\"publisher\":{\"@id\":\"https:\/\/www.laviadellemalghe.it\/de\/#organization\"},\"potentialAction\":[{\"@type\":\"SearchAction\",\"target\":{\"@type\":\"EntryPoint\",\"urlTemplate\":\"https:\/\/www.laviadellemalghe.it\/de\/?s={search_term_string}\"},\"query-input\":{\"@type\":\"PropertyValueSpecification\",\"valueRequired\":true,\"valueName\":\"search_term_string\"}}],\"inLanguage\":\"de\"},{\"@type\":\"Organization\",\"@id\":\"https:\/\/www.laviadellemalghe.it\/de\/#organization\",\"name\":\"La Via delle Malghe - Altopiano dei Sette Comuni\",\"url\":\"https:\/\/www.laviadellemalghe.it\/de\/\",\"logo\":{\"@type\":\"ImageObject\",\"inLanguage\":\"de\",\"@id\":\"https:\/\/www.laviadellemalghe.it\/de\/#\/schema\/logo\/image\/\",\"url\":\"https:\/\/www.laviadellemalghe.it\/wp-content\/uploads\/2022\/07\/logo_LVDM_altopiano.jpg\",\"contentUrl\":\"https:\/\/www.laviadellemalghe.it\/wp-content\/uploads\/2022\/07\/logo_LVDM_altopiano.jpg\",\"width\":1292,\"height\":929,\"caption\":\"La Via delle Malghe - Altopiano dei Sette Comuni\"},\"image\":{\"@id\":\"https:\/\/www.laviadellemalghe.it\/de\/#\/schema\/logo\/image\/\"},\"sameAs\":[\"https:\/\/www.facebook.com\/laviadellemalghe\"]}]}<\/script>\n<!-- \/ Yoast SEO plugin. -->","yoast_head_json":{"title":"Malga Busafonda-Campomulo - La Via delle Malghe | Altopiano dei Sette Comuni","description":"Zu den Weiden der Malga Busafonda z\u00e4hlen auch die der ehemaligen Malga Campomulo, die seit geraumer Zeit zur Basish\u00fctte...","robots":{"index":"index","follow":"follow","max-snippet":"max-snippet:-1","max-image-preview":"max-image-preview:large","max-video-preview":"max-video-preview:-1"},"canonical":"https:\/\/www.laviadellemalghe.it\/de\/altopiano\/malga-busafonda-campomulo\/","og_locale":"de_DE","og_type":"article","og_title":"Malga Busafonda-Campomulo - La Via delle Malghe | Altopiano dei Sette Comuni","og_description":"Zu den Weiden der Malga Busafonda z\u00e4hlen auch die der ehemaligen Malga Campomulo, die seit geraumer Zeit zur Basish\u00fctte...","og_url":"https:\/\/www.laviadellemalghe.it\/de\/altopiano\/malga-busafonda-campomulo\/","og_site_name":"La Via delle Malghe | Altopiano dei Sette Comuni","article_publisher":"https:\/\/www.facebook.com\/laviadellemalghe","article_modified_time":"2022-08-01T08:27:55+00:00","og_image":[{"width":1024,"height":683,"url":"https:\/\/www.laviadellemalghe.it\/wp-content\/uploads\/2022\/06\/busafondacampomulo_14_005-1024x683.jpg","type":"image\/jpeg"}],"twitter_card":"summary_large_image","twitter_misc":{"Gesch\u00e4tzte Lesezeit":"1\u00a0Minute"},"schema":{"@context":"https:\/\/schema.org","@graph":[{"@type":"WebPage","@id":"https:\/\/www.laviadellemalghe.it\/de\/altopiano\/malga-busafonda-campomulo\/","url":"https:\/\/www.laviadellemalghe.it\/de\/altopiano\/malga-busafonda-campomulo\/","name":"Malga Busafonda-Campomulo - La Via delle Malghe | Altopiano dei Sette Comuni","isPartOf":{"@id":"https:\/\/www.laviadellemalghe.it\/de\/#website"},"primaryImageOfPage":{"@id":"https:\/\/www.laviadellemalghe.it\/de\/altopiano\/malga-busafonda-campomulo\/#primaryimage"},"image":{"@id":"https:\/\/www.laviadellemalghe.it\/de\/altopiano\/malga-busafonda-campomulo\/#primaryimage"},"thumbnailUrl":"https:\/\/www.laviadellemalghe.it\/wp-content\/uploads\/2022\/06\/busafondacampomulo_14_005.jpg","datePublished":"2022-06-09T16:57:40+00:00","dateModified":"2022-08-01T08:27:55+00:00","description":"Zu den Weiden der Malga Busafonda z\u00e4hlen auch die der ehemaligen Malga Campomulo, die seit geraumer Zeit zur Basish\u00fctte...","breadcrumb":{"@id":"https:\/\/www.laviadellemalghe.it\/de\/altopiano\/malga-busafonda-campomulo\/#breadcrumb"},"inLanguage":"de","potentialAction":[{"@type":"ReadAction","target":["https:\/\/www.laviadellemalghe.it\/de\/altopiano\/malga-busafonda-campomulo\/"]}]},{"@type":"ImageObject","inLanguage":"de","@id":"https:\/\/www.laviadellemalghe.it\/de\/altopiano\/malga-busafonda-campomulo\/#primaryimage","url":"https:\/\/www.laviadellemalghe.it\/wp-content\/uploads\/2022\/06\/busafondacampomulo_14_005.jpg","contentUrl":"https:\/\/www.laviadellemalghe.it\/wp-content\/uploads\/2022\/06\/busafondacampomulo_14_005.jpg","width":1920,"height":1281,"caption":"Malga Busafonda-Campomulo"},{"@type":"BreadcrumbList","@id":"https:\/\/www.laviadellemalghe.it\/de\/altopiano\/malga-busafonda-campomulo\/#breadcrumb","itemListElement":[{"@type":"ListItem","position":1,"name":"Home","item":"https:\/\/www.laviadellemalghe.it\/de\/home\/"},{"@type":"ListItem","position":2,"name":"Produkte","item":"https:\/\/www.laviadellemalghe.it\/de\/shop\/"},{"@type":"ListItem","position":3,"name":"Malga Busafonda-Campomulo"}]},{"@type":"WebSite","@id":"https:\/\/www.laviadellemalghe.it\/de\/#website","url":"https:\/\/www.laviadellemalghe.it\/de\/","name":"La Via delle Malghe | Altopiano dei Sette Comuni","description":"#sweethomealtopiano","publisher":{"@id":"https:\/\/www.laviadellemalghe.it\/de\/#organization"},"potentialAction":[{"@type":"SearchAction","target":{"@type":"EntryPoint","urlTemplate":"https:\/\/www.laviadellemalghe.it\/de\/?s={search_term_string}"},"query-input":{"@type":"PropertyValueSpecification","valueRequired":true,"valueName":"search_term_string"}}],"inLanguage":"de"},{"@type":"Organization","@id":"https:\/\/www.laviadellemalghe.it\/de\/#organization","name":"La Via delle Malghe - Altopiano dei Sette Comuni","url":"https:\/\/www.laviadellemalghe.it\/de\/","logo":{"@type":"ImageObject","inLanguage":"de","@id":"https:\/\/www.laviadellemalghe.it\/de\/#\/schema\/logo\/image\/","url":"https:\/\/www.laviadellemalghe.it\/wp-content\/uploads\/2022\/07\/logo_LVDM_altopiano.jpg","contentUrl":"https:\/\/www.laviadellemalghe.it\/wp-content\/uploads\/2022\/07\/logo_LVDM_altopiano.jpg","width":1292,"height":929,"caption":"La Via delle Malghe - Altopiano dei Sette Comuni"},"image":{"@id":"https:\/\/www.laviadellemalghe.it\/de\/#\/schema\/logo\/image\/"},"sameAs":["https:\/\/www.facebook.com\/laviadellemalghe"]}]}},"_links":{"self":[{"href":"https:\/\/www.laviadellemalghe.it\/de\/wp-json\/wp\/v2\/product\/10904","targetHints":{"allow":["GET"]}}],"collection":[{"href":"https:\/\/www.laviadellemalghe.it\/de\/wp-json\/wp\/v2\/product"}],"about":[{"href":"https:\/\/www.laviadellemalghe.it\/de\/wp-json\/wp\/v2\/types\/product"}],"wp:featuredmedia":[{"embeddable":true,"href":"https:\/\/www.laviadellemalghe.it\/de\/wp-json\/wp\/v2\/media\/7145"}],"wp:attachment":[{"href":"https:\/\/www.laviadellemalghe.it\/de\/wp-json\/wp\/v2\/media?parent=10904"}],"wp:term":[{"taxonomy":"product_brand","embeddable":true,"href":"https:\/\/www.laviadellemalghe.it\/de\/wp-json\/wp\/v2\/product_brand?post=10904"},{"taxonomy":"product_cat","embeddable":true,"href":"https:\/\/www.laviadellemalghe.it\/de\/wp-json\/wp\/v2\/product_cat?post=10904"},{"taxonomy":"product_tag","embeddable":true,"href":"https:\/\/www.laviadellemalghe.it\/de\/wp-json\/wp\/v2\/product_tag?post=10904"}],"curies":[{"name":"wp","href":"https:\/\/api.w.org\/{rel}","templated":true}]}}