{"id":10908,"date":"2022-06-05T15:01:35","date_gmt":"2022-06-05T13:01:35","guid":{"rendered":"https:\/\/www.laviadellemalghe.it\/altopiano\/malga-mandrielle-nuovo-patrimonio-2\/"},"modified":"2022-08-01T10:29:04","modified_gmt":"2022-08-01T08:29:04","slug":"malga-mandrielle-nuovo-patrimonio","status":"publish","type":"product","link":"https:\/\/www.laviadellemalghe.it\/de\/altopiano\/malga-mandrielle-nuovo-patrimonio\/","title":{"rendered":"Malga Mandrielle Nuovo Patrimonio"},"content":{"rendered":"<p>Malga Mandrielle Nuovo Patrimonio zeichnet sich durch ihre bezaubernden Almh\u00fctten aus Stein aus und liegt in einer nach S\u00fcden gerichteten Ebene an der Stra\u00dfe, die zum Monte Ortigara hinauff\u00fchrt. Das Almgebiet wird st\u00e4ndig durch die umliegenden und stetig vorr\u00fcckenden Fichten- und L\u00e4rchenw\u00e4lder bedroht. Ein weiteres Merkmal sind die zahlreichen Str\u00e4ucher (Rhododendron, Zwergwacholder und Latschenkiefer).<br \/>\nDer felsige, kalkige bis dolomitische Untergrund ist voller Spalten und Gefahren f\u00fcr das Weidevieh, so dass sich nur teilweise eine f\u00fcr die Beweidung nutzbare Grasdecke bilden konnte.<br \/>\nNicht weit von der Almh\u00fctte entfernt befindet sich die gleichnamige Abzweigung, von der aus man zur Ebene von Marcesina hinabsteigt und dabei das Gebiet der Malga Buson durchquert. Geht man dagegen weiter in Richtung Malga Fossetta und Piazzale Lozze, erreicht man Monte Ortigara. Die Strecken eignen sich in beiden F\u00e4llen sowohl f\u00fcr angenehme Spazierg\u00e4nge als auch Radtouren.<\/p>\n","protected":false},"excerpt":{"rendered":"<p>Malga Mandrielle Nuovo Patrimonio zeichnet sich durch ihre bezaubernden Almh\u00fctten aus Stein aus und liegt in einer nach S\u00fcden gerichteten Ebene an der Stra\u00dfe, die zum Monte Ortigara hinauff\u00fchrt. Das Almgebiet wird st\u00e4ndig durch die umliegenden und stetig vorr\u00fcckenden Fichten- und L\u00e4rchenw\u00e4lder bedroht. Ein weiteres Merkmal sind die zahlreichen Str\u00e4ucher (Rhododendron, Zwergwacholder und Latschenkiefer). Der&hellip;<\/p>\n","protected":false},"featured_media":7019,"template":"","meta":{"_acf_changed":false,"inline_featured_image":false},"product_brand":[],"product_cat":[122],"product_tag":[],"class_list":{"0":"post-10908","1":"product","2":"type-product","3":"status-publish","4":"has-post-thumbnail","6":"product_cat-almhutten","7":"description-off","9":"first","10":"instock","11":"shipping-taxable","12":"product-type-simple"},"acf":[],"yoast_head":"<!-- This site is optimized with the Yoast SEO plugin v24.5 - https:\/\/yoast.com\/wordpress\/plugins\/seo\/ -->\n<title>Malga Mandrielle Nuovo Patrimonio - La Via delle Malghe | Altopiano dei Sette Comuni<\/title>\n<meta name=\"description\" content=\"Malga Mandrielle Nuovo Patrimonio zeichnet sich durch ihre bezaubernden Almh\u00fctten aus Stein aus und liegt in einer nach S\u00fcden gerichteten Ebene an der Stra\u00dfe...\" \/>\n<meta name=\"robots\" content=\"index, follow, max-snippet:-1, max-image-preview:large, max-video-preview:-1\" \/>\n<link rel=\"canonical\" href=\"https:\/\/www.laviadellemalghe.it\/de\/altopiano\/malga-mandrielle-nuovo-patrimonio\/\" \/>\n<meta property=\"og:locale\" content=\"de_DE\" \/>\n<meta property=\"og:type\" content=\"article\" \/>\n<meta property=\"og:title\" content=\"Malga Mandrielle Nuovo Patrimonio - La Via delle Malghe | Altopiano dei Sette Comuni\" \/>\n<meta property=\"og:description\" content=\"Malga Mandrielle Nuovo Patrimonio zeichnet sich durch ihre bezaubernden Almh\u00fctten aus Stein aus und liegt in einer nach S\u00fcden gerichteten Ebene an der Stra\u00dfe...\" \/>\n<meta property=\"og:url\" content=\"https:\/\/www.laviadellemalghe.it\/de\/altopiano\/malga-mandrielle-nuovo-patrimonio\/\" \/>\n<meta property=\"og:site_name\" content=\"La Via delle Malghe | Altopiano dei Sette Comuni\" \/>\n<meta property=\"article:publisher\" content=\"https:\/\/www.facebook.com\/laviadellemalghe\" \/>\n<meta property=\"article:modified_time\" content=\"2022-08-01T08:29:04+00:00\" \/>\n<meta property=\"og:image\" content=\"https:\/\/www.laviadellemalghe.it\/wp-content\/uploads\/2022\/06\/mandrielle_nuovo_patrimonio_18_028.jpg\" \/>\n\t<meta property=\"og:image:width\" content=\"1920\" \/>\n\t<meta property=\"og:image:height\" content=\"1281\" \/>\n\t<meta property=\"og:image:type\" content=\"image\/jpeg\" \/>\n<meta name=\"twitter:card\" content=\"summary_large_image\" \/>\n<meta name=\"twitter:label1\" content=\"Gesch\u00e4tzte Lesezeit\" \/>\n\t<meta name=\"twitter:data1\" content=\"1\u00a0Minute\" \/>\n<script type=\"application\/ld+json\" class=\"yoast-schema-graph\">{\"@context\":\"https:\/\/schema.org\",\"@graph\":[{\"@type\":\"WebPage\",\"@id\":\"https:\/\/www.laviadellemalghe.it\/de\/altopiano\/malga-mandrielle-nuovo-patrimonio\/\",\"url\":\"https:\/\/www.laviadellemalghe.it\/de\/altopiano\/malga-mandrielle-nuovo-patrimonio\/\",\"name\":\"Malga Mandrielle Nuovo Patrimonio - La Via delle Malghe | Altopiano dei Sette Comuni\",\"isPartOf\":{\"@id\":\"https:\/\/www.laviadellemalghe.it\/de\/#website\"},\"primaryImageOfPage\":{\"@id\":\"https:\/\/www.laviadellemalghe.it\/de\/altopiano\/malga-mandrielle-nuovo-patrimonio\/#primaryimage\"},\"image\":{\"@id\":\"https:\/\/www.laviadellemalghe.it\/de\/altopiano\/malga-mandrielle-nuovo-patrimonio\/#primaryimage\"},\"thumbnailUrl\":\"https:\/\/www.laviadellemalghe.it\/wp-content\/uploads\/2022\/06\/mandrielle_nuovo_patrimonio_18_028.jpg\",\"datePublished\":\"2022-06-05T13:01:35+00:00\",\"dateModified\":\"2022-08-01T08:29:04+00:00\",\"description\":\"Malga Mandrielle Nuovo Patrimonio zeichnet sich durch ihre bezaubernden Almh\u00fctten aus Stein aus und liegt in einer nach S\u00fcden gerichteten Ebene an der Stra\u00dfe...\",\"breadcrumb\":{\"@id\":\"https:\/\/www.laviadellemalghe.it\/de\/altopiano\/malga-mandrielle-nuovo-patrimonio\/#breadcrumb\"},\"inLanguage\":\"de\",\"potentialAction\":[{\"@type\":\"ReadAction\",\"target\":[\"https:\/\/www.laviadellemalghe.it\/de\/altopiano\/malga-mandrielle-nuovo-patrimonio\/\"]}]},{\"@type\":\"ImageObject\",\"inLanguage\":\"de\",\"@id\":\"https:\/\/www.laviadellemalghe.it\/de\/altopiano\/malga-mandrielle-nuovo-patrimonio\/#primaryimage\",\"url\":\"https:\/\/www.laviadellemalghe.it\/wp-content\/uploads\/2022\/06\/mandrielle_nuovo_patrimonio_18_028.jpg\",\"contentUrl\":\"https:\/\/www.laviadellemalghe.it\/wp-content\/uploads\/2022\/06\/mandrielle_nuovo_patrimonio_18_028.jpg\",\"width\":1920,\"height\":1281,\"caption\":\"Malga Mandrielle Nuovo Patrimonio\"},{\"@type\":\"BreadcrumbList\",\"@id\":\"https:\/\/www.laviadellemalghe.it\/de\/altopiano\/malga-mandrielle-nuovo-patrimonio\/#breadcrumb\",\"itemListElement\":[{\"@type\":\"ListItem\",\"position\":1,\"name\":\"Home\",\"item\":\"https:\/\/www.laviadellemalghe.it\/de\/home\/\"},{\"@type\":\"ListItem\",\"position\":2,\"name\":\"Produkte\",\"item\":\"https:\/\/www.laviadellemalghe.it\/de\/shop\/\"},{\"@type\":\"ListItem\",\"position\":3,\"name\":\"Malga Mandrielle Nuovo Patrimonio\"}]},{\"@type\":\"WebSite\",\"@id\":\"https:\/\/www.laviadellemalghe.it\/de\/#website\",\"url\":\"https:\/\/www.laviadellemalghe.it\/de\/\",\"name\":\"La Via delle Malghe | Altopiano dei Sette Comuni\",\"description\":\"#sweethomealtopiano\",\"publisher\":{\"@id\":\"https:\/\/www.laviadellemalghe.it\/de\/#organization\"},\"potentialAction\":[{\"@type\":\"SearchAction\",\"target\":{\"@type\":\"EntryPoint\",\"urlTemplate\":\"https:\/\/www.laviadellemalghe.it\/de\/?s={search_term_string}\"},\"query-input\":{\"@type\":\"PropertyValueSpecification\",\"valueRequired\":true,\"valueName\":\"search_term_string\"}}],\"inLanguage\":\"de\"},{\"@type\":\"Organization\",\"@id\":\"https:\/\/www.laviadellemalghe.it\/de\/#organization\",\"name\":\"La Via delle Malghe - Altopiano dei Sette Comuni\",\"url\":\"https:\/\/www.laviadellemalghe.it\/de\/\",\"logo\":{\"@type\":\"ImageObject\",\"inLanguage\":\"de\",\"@id\":\"https:\/\/www.laviadellemalghe.it\/de\/#\/schema\/logo\/image\/\",\"url\":\"https:\/\/www.laviadellemalghe.it\/wp-content\/uploads\/2022\/07\/logo_LVDM_altopiano.jpg\",\"contentUrl\":\"https:\/\/www.laviadellemalghe.it\/wp-content\/uploads\/2022\/07\/logo_LVDM_altopiano.jpg\",\"width\":1292,\"height\":929,\"caption\":\"La Via delle Malghe - Altopiano dei Sette Comuni\"},\"image\":{\"@id\":\"https:\/\/www.laviadellemalghe.it\/de\/#\/schema\/logo\/image\/\"},\"sameAs\":[\"https:\/\/www.facebook.com\/laviadellemalghe\"]}]}<\/script>\n<!-- \/ Yoast SEO plugin. -->","yoast_head_json":{"title":"Malga Mandrielle Nuovo Patrimonio - La Via delle Malghe | Altopiano dei Sette Comuni","description":"Malga Mandrielle Nuovo Patrimonio zeichnet sich durch ihre bezaubernden Almh\u00fctten aus Stein aus und liegt in einer nach S\u00fcden gerichteten Ebene an der Stra\u00dfe...","robots":{"index":"index","follow":"follow","max-snippet":"max-snippet:-1","max-image-preview":"max-image-preview:large","max-video-preview":"max-video-preview:-1"},"canonical":"https:\/\/www.laviadellemalghe.it\/de\/altopiano\/malga-mandrielle-nuovo-patrimonio\/","og_locale":"de_DE","og_type":"article","og_title":"Malga Mandrielle Nuovo Patrimonio - La Via delle Malghe | Altopiano dei Sette Comuni","og_description":"Malga Mandrielle Nuovo Patrimonio zeichnet sich durch ihre bezaubernden Almh\u00fctten aus Stein aus und liegt in einer nach S\u00fcden gerichteten Ebene an der Stra\u00dfe...","og_url":"https:\/\/www.laviadellemalghe.it\/de\/altopiano\/malga-mandrielle-nuovo-patrimonio\/","og_site_name":"La Via delle Malghe | Altopiano dei Sette Comuni","article_publisher":"https:\/\/www.facebook.com\/laviadellemalghe","article_modified_time":"2022-08-01T08:29:04+00:00","og_image":[{"width":1920,"height":1281,"url":"https:\/\/www.laviadellemalghe.it\/wp-content\/uploads\/2022\/06\/mandrielle_nuovo_patrimonio_18_028.jpg","type":"image\/jpeg"}],"twitter_card":"summary_large_image","twitter_misc":{"Gesch\u00e4tzte Lesezeit":"1\u00a0Minute"},"schema":{"@context":"https:\/\/schema.org","@graph":[{"@type":"WebPage","@id":"https:\/\/www.laviadellemalghe.it\/de\/altopiano\/malga-mandrielle-nuovo-patrimonio\/","url":"https:\/\/www.laviadellemalghe.it\/de\/altopiano\/malga-mandrielle-nuovo-patrimonio\/","name":"Malga Mandrielle Nuovo Patrimonio - La Via delle Malghe | Altopiano dei Sette Comuni","isPartOf":{"@id":"https:\/\/www.laviadellemalghe.it\/de\/#website"},"primaryImageOfPage":{"@id":"https:\/\/www.laviadellemalghe.it\/de\/altopiano\/malga-mandrielle-nuovo-patrimonio\/#primaryimage"},"image":{"@id":"https:\/\/www.laviadellemalghe.it\/de\/altopiano\/malga-mandrielle-nuovo-patrimonio\/#primaryimage"},"thumbnailUrl":"https:\/\/www.laviadellemalghe.it\/wp-content\/uploads\/2022\/06\/mandrielle_nuovo_patrimonio_18_028.jpg","datePublished":"2022-06-05T13:01:35+00:00","dateModified":"2022-08-01T08:29:04+00:00","description":"Malga Mandrielle Nuovo Patrimonio zeichnet sich durch ihre bezaubernden Almh\u00fctten aus Stein aus und liegt in einer nach S\u00fcden gerichteten Ebene an der Stra\u00dfe...","breadcrumb":{"@id":"https:\/\/www.laviadellemalghe.it\/de\/altopiano\/malga-mandrielle-nuovo-patrimonio\/#breadcrumb"},"inLanguage":"de","potentialAction":[{"@type":"ReadAction","target":["https:\/\/www.laviadellemalghe.it\/de\/altopiano\/malga-mandrielle-nuovo-patrimonio\/"]}]},{"@type":"ImageObject","inLanguage":"de","@id":"https:\/\/www.laviadellemalghe.it\/de\/altopiano\/malga-mandrielle-nuovo-patrimonio\/#primaryimage","url":"https:\/\/www.laviadellemalghe.it\/wp-content\/uploads\/2022\/06\/mandrielle_nuovo_patrimonio_18_028.jpg","contentUrl":"https:\/\/www.laviadellemalghe.it\/wp-content\/uploads\/2022\/06\/mandrielle_nuovo_patrimonio_18_028.jpg","width":1920,"height":1281,"caption":"Malga Mandrielle Nuovo Patrimonio"},{"@type":"BreadcrumbList","@id":"https:\/\/www.laviadellemalghe.it\/de\/altopiano\/malga-mandrielle-nuovo-patrimonio\/#breadcrumb","itemListElement":[{"@type":"ListItem","position":1,"name":"Home","item":"https:\/\/www.laviadellemalghe.it\/de\/home\/"},{"@type":"ListItem","position":2,"name":"Produkte","item":"https:\/\/www.laviadellemalghe.it\/de\/shop\/"},{"@type":"ListItem","position":3,"name":"Malga Mandrielle Nuovo Patrimonio"}]},{"@type":"WebSite","@id":"https:\/\/www.laviadellemalghe.it\/de\/#website","url":"https:\/\/www.laviadellemalghe.it\/de\/","name":"La Via delle Malghe | Altopiano dei Sette Comuni","description":"#sweethomealtopiano","publisher":{"@id":"https:\/\/www.laviadellemalghe.it\/de\/#organization"},"potentialAction":[{"@type":"SearchAction","target":{"@type":"EntryPoint","urlTemplate":"https:\/\/www.laviadellemalghe.it\/de\/?s={search_term_string}"},"query-input":{"@type":"PropertyValueSpecification","valueRequired":true,"valueName":"search_term_string"}}],"inLanguage":"de"},{"@type":"Organization","@id":"https:\/\/www.laviadellemalghe.it\/de\/#organization","name":"La Via delle Malghe - Altopiano dei Sette Comuni","url":"https:\/\/www.laviadellemalghe.it\/de\/","logo":{"@type":"ImageObject","inLanguage":"de","@id":"https:\/\/www.laviadellemalghe.it\/de\/#\/schema\/logo\/image\/","url":"https:\/\/www.laviadellemalghe.it\/wp-content\/uploads\/2022\/07\/logo_LVDM_altopiano.jpg","contentUrl":"https:\/\/www.laviadellemalghe.it\/wp-content\/uploads\/2022\/07\/logo_LVDM_altopiano.jpg","width":1292,"height":929,"caption":"La Via delle Malghe - Altopiano dei Sette Comuni"},"image":{"@id":"https:\/\/www.laviadellemalghe.it\/de\/#\/schema\/logo\/image\/"},"sameAs":["https:\/\/www.facebook.com\/laviadellemalghe"]}]}},"_links":{"self":[{"href":"https:\/\/www.laviadellemalghe.it\/de\/wp-json\/wp\/v2\/product\/10908","targetHints":{"allow":["GET"]}}],"collection":[{"href":"https:\/\/www.laviadellemalghe.it\/de\/wp-json\/wp\/v2\/product"}],"about":[{"href":"https:\/\/www.laviadellemalghe.it\/de\/wp-json\/wp\/v2\/types\/product"}],"wp:featuredmedia":[{"embeddable":true,"href":"https:\/\/www.laviadellemalghe.it\/de\/wp-json\/wp\/v2\/media\/7019"}],"wp:attachment":[{"href":"https:\/\/www.laviadellemalghe.it\/de\/wp-json\/wp\/v2\/media?parent=10908"}],"wp:term":[{"taxonomy":"product_brand","embeddable":true,"href":"https:\/\/www.laviadellemalghe.it\/de\/wp-json\/wp\/v2\/product_brand?post=10908"},{"taxonomy":"product_cat","embeddable":true,"href":"https:\/\/www.laviadellemalghe.it\/de\/wp-json\/wp\/v2\/product_cat?post=10908"},{"taxonomy":"product_tag","embeddable":true,"href":"https:\/\/www.laviadellemalghe.it\/de\/wp-json\/wp\/v2\/product_tag?post=10908"}],"curies":[{"name":"wp","href":"https:\/\/api.w.org\/{rel}","templated":true}]}}