{"id":10926,"date":"2022-06-09T19:56:47","date_gmt":"2022-06-09T17:56:47","guid":{"rendered":"https:\/\/www.laviadellemalghe.it\/altopiano\/malga-marcesina-ii-lotto-2\/"},"modified":"2025-08-08T09:01:50","modified_gmt":"2025-08-08T07:01:50","slug":"malga-marcesina-ii-lotto","status":"publish","type":"product","link":"https:\/\/www.laviadellemalghe.it\/de\/altopiano\/malga-marcesina-ii-lotto\/","title":{"rendered":"Malga Marcesina &#8211; II lotto"},"content":{"rendered":"<p>Die Alm befindet sich n\u00f6rdlich des I Lotto di Marcesina und erstreckt sich im Westen bis zum Waldrand der Frattine, im Osten bis zum Wald der Forcellona. Von hier kommt auch das Wasser, das aus dem nahe gelegenen Torfmoor zugeleitet wird. In der N\u00e4he befinden sich die so genannten &#8218;Casonetti&#8216;, uralte und spartanische Holzh\u00e4user mit einem Blechdach, die urspr\u00fcnglich als logistische Unterst\u00fctzung bei der Holzernte und der Weidepflege dienten.<br \/>\nVon dieser Alm, auf der man typische lokale K\u00e4sesorten probieren kann, beginnt die alte Schotterstra\u00dfe, die die verschiedenen Almen der Piana miteinander verbindet und die besonders eindrucksvoll und perfekt f\u00fcr einen Spaziergang ist.<br \/>\nIm Winter wird das gesamte Netz der lokalen Stra\u00dfen in Langlaufloipen verwandelt, w\u00e4hrend die Gegend bis zum fr\u00fchen Herbst besonders bei Pilzsuchern beliebt ist.<\/p>\n","protected":false},"excerpt":{"rendered":"<p>Die Alm befindet sich n\u00f6rdlich des I Lotto di Marcesina und erstreckt sich im Westen bis zum Waldrand der Frattine, im Osten bis zum Wald der Forcellona. Von hier kommt auch das Wasser, das aus dem nahe gelegenen Torfmoor zugeleitet wird. In der N\u00e4he befinden sich die so genannten &#8218;Casonetti&#8216;, uralte und spartanische Holzh\u00e4user mit&hellip;<\/p>\n","protected":false},"featured_media":7499,"template":"","meta":{"_acf_changed":false,"inline_featured_image":false},"product_brand":[],"product_cat":[122],"product_tag":[],"class_list":{"0":"post-10926","1":"product","2":"type-product","3":"status-publish","4":"has-post-thumbnail","6":"product_cat-almhutten","7":"description-off","9":"first","10":"instock","11":"shipping-taxable","12":"product-type-simple"},"acf":[],"yoast_head":"<!-- This site is optimized with the Yoast SEO plugin v24.5 - https:\/\/yoast.com\/wordpress\/plugins\/seo\/ -->\n<title>Malga Marcesina - II lotto - La Via delle Malghe | Altopiano dei Sette Comuni<\/title>\n<meta name=\"description\" content=\"Die Alm befindet sich n\u00f6rdlich des I Lotto di Marcesina und erstreckt sich im Westen bis zum Waldrand der Frattine, im Osten bis zum Wald der Forcellona...\" \/>\n<meta name=\"robots\" content=\"index, follow, max-snippet:-1, max-image-preview:large, max-video-preview:-1\" \/>\n<link rel=\"canonical\" href=\"https:\/\/www.laviadellemalghe.it\/de\/altopiano\/malga-marcesina-ii-lotto\/\" \/>\n<meta property=\"og:locale\" content=\"de_DE\" \/>\n<meta property=\"og:type\" content=\"article\" \/>\n<meta property=\"og:title\" content=\"Malga Marcesina - II lotto - La Via delle Malghe | Altopiano dei Sette Comuni\" \/>\n<meta property=\"og:description\" content=\"Die Alm befindet sich n\u00f6rdlich des I Lotto di Marcesina und erstreckt sich im Westen bis zum Waldrand der Frattine, im Osten bis zum Wald der Forcellona...\" \/>\n<meta property=\"og:url\" content=\"https:\/\/www.laviadellemalghe.it\/de\/altopiano\/malga-marcesina-ii-lotto\/\" \/>\n<meta property=\"og:site_name\" content=\"La Via delle Malghe | Altopiano dei Sette Comuni\" \/>\n<meta property=\"article:publisher\" content=\"https:\/\/www.facebook.com\/laviadellemalghe\" \/>\n<meta property=\"article:modified_time\" content=\"2025-08-08T07:01:50+00:00\" \/>\n<meta property=\"og:image\" content=\"https:\/\/www.laviadellemalghe.it\/wp-content\/uploads\/2022\/06\/ENR_4395.jpg\" \/>\n\t<meta property=\"og:image:width\" content=\"1920\" \/>\n\t<meta property=\"og:image:height\" content=\"1281\" \/>\n\t<meta property=\"og:image:type\" content=\"image\/jpeg\" \/>\n<meta name=\"twitter:card\" content=\"summary_large_image\" \/>\n<meta name=\"twitter:label1\" content=\"Gesch\u00e4tzte Lesezeit\" \/>\n\t<meta name=\"twitter:data1\" content=\"1\u00a0Minute\" \/>\n<script type=\"application\/ld+json\" class=\"yoast-schema-graph\">{\"@context\":\"https:\/\/schema.org\",\"@graph\":[{\"@type\":\"WebPage\",\"@id\":\"https:\/\/www.laviadellemalghe.it\/de\/altopiano\/malga-marcesina-ii-lotto\/\",\"url\":\"https:\/\/www.laviadellemalghe.it\/de\/altopiano\/malga-marcesina-ii-lotto\/\",\"name\":\"Malga Marcesina - II lotto - La Via delle Malghe | Altopiano dei Sette Comuni\",\"isPartOf\":{\"@id\":\"https:\/\/www.laviadellemalghe.it\/de\/#website\"},\"primaryImageOfPage\":{\"@id\":\"https:\/\/www.laviadellemalghe.it\/de\/altopiano\/malga-marcesina-ii-lotto\/#primaryimage\"},\"image\":{\"@id\":\"https:\/\/www.laviadellemalghe.it\/de\/altopiano\/malga-marcesina-ii-lotto\/#primaryimage\"},\"thumbnailUrl\":\"https:\/\/www.laviadellemalghe.it\/wp-content\/uploads\/2022\/06\/ENR_4395.jpg\",\"datePublished\":\"2022-06-09T17:56:47+00:00\",\"dateModified\":\"2025-08-08T07:01:50+00:00\",\"description\":\"Die Alm befindet sich n\u00f6rdlich des I Lotto di Marcesina und erstreckt sich im Westen bis zum Waldrand der Frattine, im Osten bis zum Wald der Forcellona...\",\"breadcrumb\":{\"@id\":\"https:\/\/www.laviadellemalghe.it\/de\/altopiano\/malga-marcesina-ii-lotto\/#breadcrumb\"},\"inLanguage\":\"de\",\"potentialAction\":[{\"@type\":\"ReadAction\",\"target\":[\"https:\/\/www.laviadellemalghe.it\/de\/altopiano\/malga-marcesina-ii-lotto\/\"]}]},{\"@type\":\"ImageObject\",\"inLanguage\":\"de\",\"@id\":\"https:\/\/www.laviadellemalghe.it\/de\/altopiano\/malga-marcesina-ii-lotto\/#primaryimage\",\"url\":\"https:\/\/www.laviadellemalghe.it\/wp-content\/uploads\/2022\/06\/ENR_4395.jpg\",\"contentUrl\":\"https:\/\/www.laviadellemalghe.it\/wp-content\/uploads\/2022\/06\/ENR_4395.jpg\",\"width\":1920,\"height\":1281,\"caption\":\"Malga Marcesina - II lotto\"},{\"@type\":\"BreadcrumbList\",\"@id\":\"https:\/\/www.laviadellemalghe.it\/de\/altopiano\/malga-marcesina-ii-lotto\/#breadcrumb\",\"itemListElement\":[{\"@type\":\"ListItem\",\"position\":1,\"name\":\"Home\",\"item\":\"https:\/\/www.laviadellemalghe.it\/de\/home\/\"},{\"@type\":\"ListItem\",\"position\":2,\"name\":\"Produkte\",\"item\":\"https:\/\/www.laviadellemalghe.it\/de\/shop\/\"},{\"@type\":\"ListItem\",\"position\":3,\"name\":\"Malga Marcesina &#8211; II lotto\"}]},{\"@type\":\"WebSite\",\"@id\":\"https:\/\/www.laviadellemalghe.it\/de\/#website\",\"url\":\"https:\/\/www.laviadellemalghe.it\/de\/\",\"name\":\"La Via delle Malghe | Altopiano dei Sette Comuni\",\"description\":\"#sweethomealtopiano\",\"publisher\":{\"@id\":\"https:\/\/www.laviadellemalghe.it\/de\/#organization\"},\"potentialAction\":[{\"@type\":\"SearchAction\",\"target\":{\"@type\":\"EntryPoint\",\"urlTemplate\":\"https:\/\/www.laviadellemalghe.it\/de\/?s={search_term_string}\"},\"query-input\":{\"@type\":\"PropertyValueSpecification\",\"valueRequired\":true,\"valueName\":\"search_term_string\"}}],\"inLanguage\":\"de\"},{\"@type\":\"Organization\",\"@id\":\"https:\/\/www.laviadellemalghe.it\/de\/#organization\",\"name\":\"La Via delle Malghe - Altopiano dei Sette Comuni\",\"url\":\"https:\/\/www.laviadellemalghe.it\/de\/\",\"logo\":{\"@type\":\"ImageObject\",\"inLanguage\":\"de\",\"@id\":\"https:\/\/www.laviadellemalghe.it\/de\/#\/schema\/logo\/image\/\",\"url\":\"https:\/\/www.laviadellemalghe.it\/wp-content\/uploads\/2022\/07\/logo_LVDM_altopiano.jpg\",\"contentUrl\":\"https:\/\/www.laviadellemalghe.it\/wp-content\/uploads\/2022\/07\/logo_LVDM_altopiano.jpg\",\"width\":1292,\"height\":929,\"caption\":\"La Via delle Malghe - Altopiano dei Sette Comuni\"},\"image\":{\"@id\":\"https:\/\/www.laviadellemalghe.it\/de\/#\/schema\/logo\/image\/\"},\"sameAs\":[\"https:\/\/www.facebook.com\/laviadellemalghe\"]}]}<\/script>\n<!-- \/ Yoast SEO plugin. -->","yoast_head_json":{"title":"Malga Marcesina - II lotto - La Via delle Malghe | Altopiano dei Sette Comuni","description":"Die Alm befindet sich n\u00f6rdlich des I Lotto di Marcesina und erstreckt sich im Westen bis zum Waldrand der Frattine, im Osten bis zum Wald der Forcellona...","robots":{"index":"index","follow":"follow","max-snippet":"max-snippet:-1","max-image-preview":"max-image-preview:large","max-video-preview":"max-video-preview:-1"},"canonical":"https:\/\/www.laviadellemalghe.it\/de\/altopiano\/malga-marcesina-ii-lotto\/","og_locale":"de_DE","og_type":"article","og_title":"Malga Marcesina - II lotto - La Via delle Malghe | Altopiano dei Sette Comuni","og_description":"Die Alm befindet sich n\u00f6rdlich des I Lotto di Marcesina und erstreckt sich im Westen bis zum Waldrand der Frattine, im Osten bis zum Wald der Forcellona...","og_url":"https:\/\/www.laviadellemalghe.it\/de\/altopiano\/malga-marcesina-ii-lotto\/","og_site_name":"La Via delle Malghe | Altopiano dei Sette Comuni","article_publisher":"https:\/\/www.facebook.com\/laviadellemalghe","article_modified_time":"2025-08-08T07:01:50+00:00","og_image":[{"width":1920,"height":1281,"url":"https:\/\/www.laviadellemalghe.it\/wp-content\/uploads\/2022\/06\/ENR_4395.jpg","type":"image\/jpeg"}],"twitter_card":"summary_large_image","twitter_misc":{"Gesch\u00e4tzte Lesezeit":"1\u00a0Minute"},"schema":{"@context":"https:\/\/schema.org","@graph":[{"@type":"WebPage","@id":"https:\/\/www.laviadellemalghe.it\/de\/altopiano\/malga-marcesina-ii-lotto\/","url":"https:\/\/www.laviadellemalghe.it\/de\/altopiano\/malga-marcesina-ii-lotto\/","name":"Malga Marcesina - II lotto - La Via delle Malghe | Altopiano dei Sette Comuni","isPartOf":{"@id":"https:\/\/www.laviadellemalghe.it\/de\/#website"},"primaryImageOfPage":{"@id":"https:\/\/www.laviadellemalghe.it\/de\/altopiano\/malga-marcesina-ii-lotto\/#primaryimage"},"image":{"@id":"https:\/\/www.laviadellemalghe.it\/de\/altopiano\/malga-marcesina-ii-lotto\/#primaryimage"},"thumbnailUrl":"https:\/\/www.laviadellemalghe.it\/wp-content\/uploads\/2022\/06\/ENR_4395.jpg","datePublished":"2022-06-09T17:56:47+00:00","dateModified":"2025-08-08T07:01:50+00:00","description":"Die Alm befindet sich n\u00f6rdlich des I Lotto di Marcesina und erstreckt sich im Westen bis zum Waldrand der Frattine, im Osten bis zum Wald der Forcellona...","breadcrumb":{"@id":"https:\/\/www.laviadellemalghe.it\/de\/altopiano\/malga-marcesina-ii-lotto\/#breadcrumb"},"inLanguage":"de","potentialAction":[{"@type":"ReadAction","target":["https:\/\/www.laviadellemalghe.it\/de\/altopiano\/malga-marcesina-ii-lotto\/"]}]},{"@type":"ImageObject","inLanguage":"de","@id":"https:\/\/www.laviadellemalghe.it\/de\/altopiano\/malga-marcesina-ii-lotto\/#primaryimage","url":"https:\/\/www.laviadellemalghe.it\/wp-content\/uploads\/2022\/06\/ENR_4395.jpg","contentUrl":"https:\/\/www.laviadellemalghe.it\/wp-content\/uploads\/2022\/06\/ENR_4395.jpg","width":1920,"height":1281,"caption":"Malga Marcesina - II lotto"},{"@type":"BreadcrumbList","@id":"https:\/\/www.laviadellemalghe.it\/de\/altopiano\/malga-marcesina-ii-lotto\/#breadcrumb","itemListElement":[{"@type":"ListItem","position":1,"name":"Home","item":"https:\/\/www.laviadellemalghe.it\/de\/home\/"},{"@type":"ListItem","position":2,"name":"Produkte","item":"https:\/\/www.laviadellemalghe.it\/de\/shop\/"},{"@type":"ListItem","position":3,"name":"Malga Marcesina &#8211; II lotto"}]},{"@type":"WebSite","@id":"https:\/\/www.laviadellemalghe.it\/de\/#website","url":"https:\/\/www.laviadellemalghe.it\/de\/","name":"La Via delle Malghe | Altopiano dei Sette Comuni","description":"#sweethomealtopiano","publisher":{"@id":"https:\/\/www.laviadellemalghe.it\/de\/#organization"},"potentialAction":[{"@type":"SearchAction","target":{"@type":"EntryPoint","urlTemplate":"https:\/\/www.laviadellemalghe.it\/de\/?s={search_term_string}"},"query-input":{"@type":"PropertyValueSpecification","valueRequired":true,"valueName":"search_term_string"}}],"inLanguage":"de"},{"@type":"Organization","@id":"https:\/\/www.laviadellemalghe.it\/de\/#organization","name":"La Via delle Malghe - Altopiano dei Sette Comuni","url":"https:\/\/www.laviadellemalghe.it\/de\/","logo":{"@type":"ImageObject","inLanguage":"de","@id":"https:\/\/www.laviadellemalghe.it\/de\/#\/schema\/logo\/image\/","url":"https:\/\/www.laviadellemalghe.it\/wp-content\/uploads\/2022\/07\/logo_LVDM_altopiano.jpg","contentUrl":"https:\/\/www.laviadellemalghe.it\/wp-content\/uploads\/2022\/07\/logo_LVDM_altopiano.jpg","width":1292,"height":929,"caption":"La Via delle Malghe - Altopiano dei Sette Comuni"},"image":{"@id":"https:\/\/www.laviadellemalghe.it\/de\/#\/schema\/logo\/image\/"},"sameAs":["https:\/\/www.facebook.com\/laviadellemalghe"]}]}},"_links":{"self":[{"href":"https:\/\/www.laviadellemalghe.it\/de\/wp-json\/wp\/v2\/product\/10926","targetHints":{"allow":["GET"]}}],"collection":[{"href":"https:\/\/www.laviadellemalghe.it\/de\/wp-json\/wp\/v2\/product"}],"about":[{"href":"https:\/\/www.laviadellemalghe.it\/de\/wp-json\/wp\/v2\/types\/product"}],"wp:featuredmedia":[{"embeddable":true,"href":"https:\/\/www.laviadellemalghe.it\/de\/wp-json\/wp\/v2\/media\/7499"}],"wp:attachment":[{"href":"https:\/\/www.laviadellemalghe.it\/de\/wp-json\/wp\/v2\/media?parent=10926"}],"wp:term":[{"taxonomy":"product_brand","embeddable":true,"href":"https:\/\/www.laviadellemalghe.it\/de\/wp-json\/wp\/v2\/product_brand?post=10926"},{"taxonomy":"product_cat","embeddable":true,"href":"https:\/\/www.laviadellemalghe.it\/de\/wp-json\/wp\/v2\/product_cat?post=10926"},{"taxonomy":"product_tag","embeddable":true,"href":"https:\/\/www.laviadellemalghe.it\/de\/wp-json\/wp\/v2\/product_tag?post=10926"}],"curies":[{"name":"wp","href":"https:\/\/api.w.org\/{rel}","templated":true}]}}