{"id":10927,"date":"2022-06-09T20:06:19","date_gmt":"2022-06-09T18:06:19","guid":{"rendered":"https:\/\/www.laviadellemalghe.it\/altopiano\/malga-marcesina-iii-lotto-2\/"},"modified":"2022-08-01T11:47:24","modified_gmt":"2022-08-01T09:47:24","slug":"malga-marcesina-iii-lotto","status":"publish","type":"product","link":"https:\/\/www.laviadellemalghe.it\/de\/altopiano\/malga-marcesina-iii-lotto\/","title":{"rendered":"Malga Marcesina &#8211; III lotto"},"content":{"rendered":"<p>Diese Alm liegt zwischen Malga Marcesina &#8211; II Lotto im S\u00fcden und Marcesina &#8211; IV lotto im Norden und erstreckt sich vom Waldrand der Frattine bis zum Wald der Forcellona. Zwischen den Weiden befinden sich mauer\u00e4hnlich aufgestapelte Steinhaufen, die im Laufe der Jahre durch Entsteinen zur Ausdehnung der Futterfl\u00e4che entstanden sind. Von der nahegelegenen Malga Marcesina &#8211; II Lotto geht die alte Schotterstra\u00dfe ab, die die verschiedenen Almh\u00fctten der Ebene miteinander verbindet, besonders eindrucksvoll und ideal f\u00fcr einen Spaziergang ist. Trotz der 2018 durch den starken Sturmwind Vaia verursachten Sch\u00e4den kennzeichnen die ausgedehnten Fichtenw\u00e4lder die nordisch gepr\u00e4gte Landschaft der Ebene von Marcesina. Schaut man von der Almh\u00fctte in Richtung Norden, genie\u00dft man einen zauberhaften Blick auf die Gipfel des Trentino.<br \/>\nIm Winter verwandelt sich das gesamte \u00f6rtliche Stra\u00dfennetz in Langlaufloipen, bis zum Fr\u00fchherbst ist die Gegend besonders bei Pilzesuchern beliebt.<\/p>\n","protected":false},"excerpt":{"rendered":"<p>Diese Alm liegt zwischen Malga Marcesina &#8211; II Lotto im S\u00fcden und Marcesina &#8211; IV lotto im Norden und erstreckt sich vom Waldrand der Frattine bis zum Wald der Forcellona. Zwischen den Weiden befinden sich mauer\u00e4hnlich aufgestapelte Steinhaufen, die im Laufe der Jahre durch Entsteinen zur Ausdehnung der Futterfl\u00e4che entstanden sind. Von der nahegelegenen Malga&hellip;<\/p>\n","protected":false},"featured_media":7517,"template":"","meta":{"_acf_changed":false,"inline_featured_image":false},"product_brand":[],"product_cat":[122],"product_tag":[],"class_list":{"0":"post-10927","1":"product","2":"type-product","3":"status-publish","4":"has-post-thumbnail","6":"product_cat-almhutten","7":"description-off","9":"first","10":"instock","11":"shipping-taxable","12":"product-type-simple"},"acf":[],"yoast_head":"<!-- This site is optimized with the Yoast SEO plugin v24.5 - https:\/\/yoast.com\/wordpress\/plugins\/seo\/ -->\n<title>Malga Marcesina - III lotto - La Via delle Malghe | Altopiano dei Sette Comuni<\/title>\n<meta name=\"description\" content=\"Diese Alm liegt zwischen Malga Marcesina - II Lotto im S\u00fcden und Marcesina - IV lotto im Norden und erstreckt sich vom Waldrand der Frattine bis zum Wald...\" \/>\n<meta name=\"robots\" content=\"index, follow, max-snippet:-1, max-image-preview:large, max-video-preview:-1\" \/>\n<link rel=\"canonical\" href=\"https:\/\/www.laviadellemalghe.it\/de\/altopiano\/malga-marcesina-iii-lotto\/\" \/>\n<meta property=\"og:locale\" content=\"de_DE\" \/>\n<meta property=\"og:type\" content=\"article\" \/>\n<meta property=\"og:title\" content=\"Malga Marcesina - III lotto - La Via delle Malghe | Altopiano dei Sette Comuni\" \/>\n<meta property=\"og:description\" content=\"Diese Alm liegt zwischen Malga Marcesina - II Lotto im S\u00fcden und Marcesina - IV lotto im Norden und erstreckt sich vom Waldrand der Frattine bis zum Wald...\" \/>\n<meta property=\"og:url\" content=\"https:\/\/www.laviadellemalghe.it\/de\/altopiano\/malga-marcesina-iii-lotto\/\" \/>\n<meta property=\"og:site_name\" content=\"La Via delle Malghe | Altopiano dei Sette Comuni\" \/>\n<meta property=\"article:publisher\" content=\"https:\/\/www.facebook.com\/laviadellemalghe\" \/>\n<meta property=\"article:modified_time\" content=\"2022-08-01T09:47:24+00:00\" \/>\n<meta property=\"og:image\" content=\"https:\/\/www.laviadellemalghe.it\/wp-content\/uploads\/2022\/06\/ENR_4362.jpg\" \/>\n\t<meta property=\"og:image:width\" content=\"1920\" \/>\n\t<meta property=\"og:image:height\" content=\"1281\" \/>\n\t<meta property=\"og:image:type\" content=\"image\/jpeg\" \/>\n<meta name=\"twitter:card\" content=\"summary_large_image\" \/>\n<meta name=\"twitter:label1\" content=\"Gesch\u00e4tzte Lesezeit\" \/>\n\t<meta name=\"twitter:data1\" content=\"1\u00a0Minute\" \/>\n<script type=\"application\/ld+json\" class=\"yoast-schema-graph\">{\"@context\":\"https:\/\/schema.org\",\"@graph\":[{\"@type\":\"WebPage\",\"@id\":\"https:\/\/www.laviadellemalghe.it\/de\/altopiano\/malga-marcesina-iii-lotto\/\",\"url\":\"https:\/\/www.laviadellemalghe.it\/de\/altopiano\/malga-marcesina-iii-lotto\/\",\"name\":\"Malga Marcesina - III lotto - La Via delle Malghe | Altopiano dei Sette Comuni\",\"isPartOf\":{\"@id\":\"https:\/\/www.laviadellemalghe.it\/de\/#website\"},\"primaryImageOfPage\":{\"@id\":\"https:\/\/www.laviadellemalghe.it\/de\/altopiano\/malga-marcesina-iii-lotto\/#primaryimage\"},\"image\":{\"@id\":\"https:\/\/www.laviadellemalghe.it\/de\/altopiano\/malga-marcesina-iii-lotto\/#primaryimage\"},\"thumbnailUrl\":\"https:\/\/www.laviadellemalghe.it\/wp-content\/uploads\/2022\/06\/ENR_4362.jpg\",\"datePublished\":\"2022-06-09T18:06:19+00:00\",\"dateModified\":\"2022-08-01T09:47:24+00:00\",\"description\":\"Diese Alm liegt zwischen Malga Marcesina - II Lotto im S\u00fcden und Marcesina - IV lotto im Norden und erstreckt sich vom Waldrand der Frattine bis zum Wald...\",\"breadcrumb\":{\"@id\":\"https:\/\/www.laviadellemalghe.it\/de\/altopiano\/malga-marcesina-iii-lotto\/#breadcrumb\"},\"inLanguage\":\"de\",\"potentialAction\":[{\"@type\":\"ReadAction\",\"target\":[\"https:\/\/www.laviadellemalghe.it\/de\/altopiano\/malga-marcesina-iii-lotto\/\"]}]},{\"@type\":\"ImageObject\",\"inLanguage\":\"de\",\"@id\":\"https:\/\/www.laviadellemalghe.it\/de\/altopiano\/malga-marcesina-iii-lotto\/#primaryimage\",\"url\":\"https:\/\/www.laviadellemalghe.it\/wp-content\/uploads\/2022\/06\/ENR_4362.jpg\",\"contentUrl\":\"https:\/\/www.laviadellemalghe.it\/wp-content\/uploads\/2022\/06\/ENR_4362.jpg\",\"width\":1920,\"height\":1281,\"caption\":\"Malga Marcesina - III lotto\"},{\"@type\":\"BreadcrumbList\",\"@id\":\"https:\/\/www.laviadellemalghe.it\/de\/altopiano\/malga-marcesina-iii-lotto\/#breadcrumb\",\"itemListElement\":[{\"@type\":\"ListItem\",\"position\":1,\"name\":\"Home\",\"item\":\"https:\/\/www.laviadellemalghe.it\/de\/home\/\"},{\"@type\":\"ListItem\",\"position\":2,\"name\":\"Produkte\",\"item\":\"https:\/\/www.laviadellemalghe.it\/de\/shop\/\"},{\"@type\":\"ListItem\",\"position\":3,\"name\":\"Malga Marcesina &#8211; III lotto\"}]},{\"@type\":\"WebSite\",\"@id\":\"https:\/\/www.laviadellemalghe.it\/de\/#website\",\"url\":\"https:\/\/www.laviadellemalghe.it\/de\/\",\"name\":\"La Via delle Malghe | Altopiano dei Sette Comuni\",\"description\":\"#sweethomealtopiano\",\"publisher\":{\"@id\":\"https:\/\/www.laviadellemalghe.it\/de\/#organization\"},\"potentialAction\":[{\"@type\":\"SearchAction\",\"target\":{\"@type\":\"EntryPoint\",\"urlTemplate\":\"https:\/\/www.laviadellemalghe.it\/de\/?s={search_term_string}\"},\"query-input\":{\"@type\":\"PropertyValueSpecification\",\"valueRequired\":true,\"valueName\":\"search_term_string\"}}],\"inLanguage\":\"de\"},{\"@type\":\"Organization\",\"@id\":\"https:\/\/www.laviadellemalghe.it\/de\/#organization\",\"name\":\"La Via delle Malghe - Altopiano dei Sette Comuni\",\"url\":\"https:\/\/www.laviadellemalghe.it\/de\/\",\"logo\":{\"@type\":\"ImageObject\",\"inLanguage\":\"de\",\"@id\":\"https:\/\/www.laviadellemalghe.it\/de\/#\/schema\/logo\/image\/\",\"url\":\"https:\/\/www.laviadellemalghe.it\/wp-content\/uploads\/2022\/07\/logo_LVDM_altopiano.jpg\",\"contentUrl\":\"https:\/\/www.laviadellemalghe.it\/wp-content\/uploads\/2022\/07\/logo_LVDM_altopiano.jpg\",\"width\":1292,\"height\":929,\"caption\":\"La Via delle Malghe - Altopiano dei Sette Comuni\"},\"image\":{\"@id\":\"https:\/\/www.laviadellemalghe.it\/de\/#\/schema\/logo\/image\/\"},\"sameAs\":[\"https:\/\/www.facebook.com\/laviadellemalghe\"]}]}<\/script>\n<!-- \/ Yoast SEO plugin. -->","yoast_head_json":{"title":"Malga Marcesina - III lotto - La Via delle Malghe | Altopiano dei Sette Comuni","description":"Diese Alm liegt zwischen Malga Marcesina - II Lotto im S\u00fcden und Marcesina - IV lotto im Norden und erstreckt sich vom Waldrand der Frattine bis zum Wald...","robots":{"index":"index","follow":"follow","max-snippet":"max-snippet:-1","max-image-preview":"max-image-preview:large","max-video-preview":"max-video-preview:-1"},"canonical":"https:\/\/www.laviadellemalghe.it\/de\/altopiano\/malga-marcesina-iii-lotto\/","og_locale":"de_DE","og_type":"article","og_title":"Malga Marcesina - III lotto - La Via delle Malghe | Altopiano dei Sette Comuni","og_description":"Diese Alm liegt zwischen Malga Marcesina - II Lotto im S\u00fcden und Marcesina - IV lotto im Norden und erstreckt sich vom Waldrand der Frattine bis zum Wald...","og_url":"https:\/\/www.laviadellemalghe.it\/de\/altopiano\/malga-marcesina-iii-lotto\/","og_site_name":"La Via delle Malghe | Altopiano dei Sette Comuni","article_publisher":"https:\/\/www.facebook.com\/laviadellemalghe","article_modified_time":"2022-08-01T09:47:24+00:00","og_image":[{"width":1920,"height":1281,"url":"https:\/\/www.laviadellemalghe.it\/wp-content\/uploads\/2022\/06\/ENR_4362.jpg","type":"image\/jpeg"}],"twitter_card":"summary_large_image","twitter_misc":{"Gesch\u00e4tzte Lesezeit":"1\u00a0Minute"},"schema":{"@context":"https:\/\/schema.org","@graph":[{"@type":"WebPage","@id":"https:\/\/www.laviadellemalghe.it\/de\/altopiano\/malga-marcesina-iii-lotto\/","url":"https:\/\/www.laviadellemalghe.it\/de\/altopiano\/malga-marcesina-iii-lotto\/","name":"Malga Marcesina - III lotto - La Via delle Malghe | Altopiano dei Sette Comuni","isPartOf":{"@id":"https:\/\/www.laviadellemalghe.it\/de\/#website"},"primaryImageOfPage":{"@id":"https:\/\/www.laviadellemalghe.it\/de\/altopiano\/malga-marcesina-iii-lotto\/#primaryimage"},"image":{"@id":"https:\/\/www.laviadellemalghe.it\/de\/altopiano\/malga-marcesina-iii-lotto\/#primaryimage"},"thumbnailUrl":"https:\/\/www.laviadellemalghe.it\/wp-content\/uploads\/2022\/06\/ENR_4362.jpg","datePublished":"2022-06-09T18:06:19+00:00","dateModified":"2022-08-01T09:47:24+00:00","description":"Diese Alm liegt zwischen Malga Marcesina - II Lotto im S\u00fcden und Marcesina - IV lotto im Norden und erstreckt sich vom Waldrand der Frattine bis zum Wald...","breadcrumb":{"@id":"https:\/\/www.laviadellemalghe.it\/de\/altopiano\/malga-marcesina-iii-lotto\/#breadcrumb"},"inLanguage":"de","potentialAction":[{"@type":"ReadAction","target":["https:\/\/www.laviadellemalghe.it\/de\/altopiano\/malga-marcesina-iii-lotto\/"]}]},{"@type":"ImageObject","inLanguage":"de","@id":"https:\/\/www.laviadellemalghe.it\/de\/altopiano\/malga-marcesina-iii-lotto\/#primaryimage","url":"https:\/\/www.laviadellemalghe.it\/wp-content\/uploads\/2022\/06\/ENR_4362.jpg","contentUrl":"https:\/\/www.laviadellemalghe.it\/wp-content\/uploads\/2022\/06\/ENR_4362.jpg","width":1920,"height":1281,"caption":"Malga Marcesina - III lotto"},{"@type":"BreadcrumbList","@id":"https:\/\/www.laviadellemalghe.it\/de\/altopiano\/malga-marcesina-iii-lotto\/#breadcrumb","itemListElement":[{"@type":"ListItem","position":1,"name":"Home","item":"https:\/\/www.laviadellemalghe.it\/de\/home\/"},{"@type":"ListItem","position":2,"name":"Produkte","item":"https:\/\/www.laviadellemalghe.it\/de\/shop\/"},{"@type":"ListItem","position":3,"name":"Malga Marcesina &#8211; III lotto"}]},{"@type":"WebSite","@id":"https:\/\/www.laviadellemalghe.it\/de\/#website","url":"https:\/\/www.laviadellemalghe.it\/de\/","name":"La Via delle Malghe | Altopiano dei Sette Comuni","description":"#sweethomealtopiano","publisher":{"@id":"https:\/\/www.laviadellemalghe.it\/de\/#organization"},"potentialAction":[{"@type":"SearchAction","target":{"@type":"EntryPoint","urlTemplate":"https:\/\/www.laviadellemalghe.it\/de\/?s={search_term_string}"},"query-input":{"@type":"PropertyValueSpecification","valueRequired":true,"valueName":"search_term_string"}}],"inLanguage":"de"},{"@type":"Organization","@id":"https:\/\/www.laviadellemalghe.it\/de\/#organization","name":"La Via delle Malghe - Altopiano dei Sette Comuni","url":"https:\/\/www.laviadellemalghe.it\/de\/","logo":{"@type":"ImageObject","inLanguage":"de","@id":"https:\/\/www.laviadellemalghe.it\/de\/#\/schema\/logo\/image\/","url":"https:\/\/www.laviadellemalghe.it\/wp-content\/uploads\/2022\/07\/logo_LVDM_altopiano.jpg","contentUrl":"https:\/\/www.laviadellemalghe.it\/wp-content\/uploads\/2022\/07\/logo_LVDM_altopiano.jpg","width":1292,"height":929,"caption":"La Via delle Malghe - Altopiano dei Sette Comuni"},"image":{"@id":"https:\/\/www.laviadellemalghe.it\/de\/#\/schema\/logo\/image\/"},"sameAs":["https:\/\/www.facebook.com\/laviadellemalghe"]}]}},"_links":{"self":[{"href":"https:\/\/www.laviadellemalghe.it\/de\/wp-json\/wp\/v2\/product\/10927","targetHints":{"allow":["GET"]}}],"collection":[{"href":"https:\/\/www.laviadellemalghe.it\/de\/wp-json\/wp\/v2\/product"}],"about":[{"href":"https:\/\/www.laviadellemalghe.it\/de\/wp-json\/wp\/v2\/types\/product"}],"wp:featuredmedia":[{"embeddable":true,"href":"https:\/\/www.laviadellemalghe.it\/de\/wp-json\/wp\/v2\/media\/7517"}],"wp:attachment":[{"href":"https:\/\/www.laviadellemalghe.it\/de\/wp-json\/wp\/v2\/media?parent=10927"}],"wp:term":[{"taxonomy":"product_brand","embeddable":true,"href":"https:\/\/www.laviadellemalghe.it\/de\/wp-json\/wp\/v2\/product_brand?post=10927"},{"taxonomy":"product_cat","embeddable":true,"href":"https:\/\/www.laviadellemalghe.it\/de\/wp-json\/wp\/v2\/product_cat?post=10927"},{"taxonomy":"product_tag","embeddable":true,"href":"https:\/\/www.laviadellemalghe.it\/de\/wp-json\/wp\/v2\/product_tag?post=10927"}],"curies":[{"name":"wp","href":"https:\/\/api.w.org\/{rel}","templated":true}]}}