{"id":10935,"date":"2022-06-09T20:25:32","date_gmt":"2022-06-09T18:25:32","guid":{"rendered":"https:\/\/www.laviadellemalghe.it\/altopiano\/malga-valmaron-ii-lotto-2\/"},"modified":"2022-08-01T12:19:25","modified_gmt":"2022-08-01T10:19:25","slug":"malga-valmaron-ii-lotto","status":"publish","type":"product","link":"https:\/\/www.laviadellemalghe.it\/de\/altopiano\/malga-valmaron-ii-lotto\/","title":{"rendered":"Malga Valmaron &#8211; II lotto"},"content":{"rendered":"<p>Malga Valmaron &#8211; II Lotto liegt an der Grenze zur Provinz Trient, n\u00f6rdlich der Piana (Ebene), die den Almh\u00fctten dieses Gebiets ihren Namen gibt. In der N\u00e4he liegt Malga Valmaron und die Einrichtungen des Skilanglaufzentrums Enego, dessen Pisten bis zur Ebene von Marcesina reichen.<br \/>\nDiese Gebiete geh\u00f6ren bis zum Herbstbeginn zu den beliebtesten der Hochebene, um Spazierg\u00e4nge und Ausfl\u00fcge zu Fu\u00df oder mit dem Fahrrad zu unternehmen, aber auch um Pilze zu sammeln.<br \/>\nIn der N\u00e4he der Almh\u00fctte sind noch heute die nummerierten Grenzsteine mit dem Markusl\u00f6wen darauf zu sehen, die von der Republik Venedig 1752 an der heutigen Grenze zum Trentino aufgestellt wurden.<br \/>\nTrotz der 2018 durch den starken Sturmwind Vaia verursachten Sch\u00e4den kennzeichnen auch heute noch die ausgedehnten Fichtenw\u00e4lder die nordisch gepr\u00e4gte Landschaft der Ebene von Marcesina und Valmaron.<\/p>\n","protected":false},"excerpt":{"rendered":"<p>Malga Valmaron &#8211; II Lotto liegt an der Grenze zur Provinz Trient, n\u00f6rdlich der Piana (Ebene), die den Almh\u00fctten dieses Gebiets ihren Namen gibt. In der N\u00e4he liegt Malga Valmaron und die Einrichtungen des Skilanglaufzentrums Enego, dessen Pisten bis zur Ebene von Marcesina reichen. Diese Gebiete geh\u00f6ren bis zum Herbstbeginn zu den beliebtesten der Hochebene,&hellip;<\/p>\n","protected":false},"featured_media":7659,"template":"","meta":{"_acf_changed":false,"inline_featured_image":false},"product_brand":[],"product_cat":[122],"product_tag":[],"class_list":{"0":"post-10935","1":"product","2":"type-product","3":"status-publish","4":"has-post-thumbnail","6":"product_cat-almhutten","7":"description-off","9":"first","10":"instock","11":"shipping-taxable","12":"product-type-simple"},"acf":[],"yoast_head":"<!-- This site is optimized with the Yoast SEO plugin v24.5 - https:\/\/yoast.com\/wordpress\/plugins\/seo\/ -->\n<title>Malga Valmaron - II lotto - La Via delle Malghe | Altopiano dei Sette Comuni<\/title>\n<meta name=\"description\" content=\"Malga Valmaron - II Lotto liegt an der Grenze zur Provinz Trient, n\u00f6rdlich der Piana (Ebene), die den Almh\u00fctten dieses Gebiets ihren Namen gibt...\" \/>\n<meta name=\"robots\" content=\"index, follow, max-snippet:-1, max-image-preview:large, max-video-preview:-1\" \/>\n<link rel=\"canonical\" href=\"https:\/\/www.laviadellemalghe.it\/de\/altopiano\/malga-valmaron-ii-lotto\/\" \/>\n<meta property=\"og:locale\" content=\"de_DE\" \/>\n<meta property=\"og:type\" content=\"article\" \/>\n<meta property=\"og:title\" content=\"Malga Valmaron - II lotto - La Via delle Malghe | Altopiano dei Sette Comuni\" \/>\n<meta property=\"og:description\" content=\"Malga Valmaron - II Lotto liegt an der Grenze zur Provinz Trient, n\u00f6rdlich der Piana (Ebene), die den Almh\u00fctten dieses Gebiets ihren Namen gibt...\" \/>\n<meta property=\"og:url\" content=\"https:\/\/www.laviadellemalghe.it\/de\/altopiano\/malga-valmaron-ii-lotto\/\" \/>\n<meta property=\"og:site_name\" content=\"La Via delle Malghe | Altopiano dei Sette Comuni\" \/>\n<meta property=\"article:publisher\" content=\"https:\/\/www.facebook.com\/laviadellemalghe\" \/>\n<meta property=\"article:modified_time\" content=\"2022-08-01T10:19:25+00:00\" \/>\n<meta property=\"og:image\" content=\"https:\/\/www.laviadellemalghe.it\/wp-content\/uploads\/2022\/06\/II_lotto_valmaron_44_001.jpg\" \/>\n\t<meta property=\"og:image:width\" content=\"1920\" \/>\n\t<meta property=\"og:image:height\" content=\"1281\" \/>\n\t<meta property=\"og:image:type\" content=\"image\/jpeg\" \/>\n<meta name=\"twitter:card\" content=\"summary_large_image\" \/>\n<meta name=\"twitter:label1\" content=\"Gesch\u00e4tzte Lesezeit\" \/>\n\t<meta name=\"twitter:data1\" content=\"1\u00a0Minute\" \/>\n<script type=\"application\/ld+json\" class=\"yoast-schema-graph\">{\"@context\":\"https:\/\/schema.org\",\"@graph\":[{\"@type\":\"WebPage\",\"@id\":\"https:\/\/www.laviadellemalghe.it\/de\/altopiano\/malga-valmaron-ii-lotto\/\",\"url\":\"https:\/\/www.laviadellemalghe.it\/de\/altopiano\/malga-valmaron-ii-lotto\/\",\"name\":\"Malga Valmaron - II lotto - La Via delle Malghe | Altopiano dei Sette Comuni\",\"isPartOf\":{\"@id\":\"https:\/\/www.laviadellemalghe.it\/de\/#website\"},\"primaryImageOfPage\":{\"@id\":\"https:\/\/www.laviadellemalghe.it\/de\/altopiano\/malga-valmaron-ii-lotto\/#primaryimage\"},\"image\":{\"@id\":\"https:\/\/www.laviadellemalghe.it\/de\/altopiano\/malga-valmaron-ii-lotto\/#primaryimage\"},\"thumbnailUrl\":\"https:\/\/www.laviadellemalghe.it\/wp-content\/uploads\/2022\/06\/II_lotto_valmaron_44_001.jpg\",\"datePublished\":\"2022-06-09T18:25:32+00:00\",\"dateModified\":\"2022-08-01T10:19:25+00:00\",\"description\":\"Malga Valmaron - II Lotto liegt an der Grenze zur Provinz Trient, n\u00f6rdlich der Piana (Ebene), die den Almh\u00fctten dieses Gebiets ihren Namen gibt...\",\"breadcrumb\":{\"@id\":\"https:\/\/www.laviadellemalghe.it\/de\/altopiano\/malga-valmaron-ii-lotto\/#breadcrumb\"},\"inLanguage\":\"de\",\"potentialAction\":[{\"@type\":\"ReadAction\",\"target\":[\"https:\/\/www.laviadellemalghe.it\/de\/altopiano\/malga-valmaron-ii-lotto\/\"]}]},{\"@type\":\"ImageObject\",\"inLanguage\":\"de\",\"@id\":\"https:\/\/www.laviadellemalghe.it\/de\/altopiano\/malga-valmaron-ii-lotto\/#primaryimage\",\"url\":\"https:\/\/www.laviadellemalghe.it\/wp-content\/uploads\/2022\/06\/II_lotto_valmaron_44_001.jpg\",\"contentUrl\":\"https:\/\/www.laviadellemalghe.it\/wp-content\/uploads\/2022\/06\/II_lotto_valmaron_44_001.jpg\",\"width\":1920,\"height\":1281,\"caption\":\"Malga Valmaron - II lotto\"},{\"@type\":\"BreadcrumbList\",\"@id\":\"https:\/\/www.laviadellemalghe.it\/de\/altopiano\/malga-valmaron-ii-lotto\/#breadcrumb\",\"itemListElement\":[{\"@type\":\"ListItem\",\"position\":1,\"name\":\"Home\",\"item\":\"https:\/\/www.laviadellemalghe.it\/de\/home\/\"},{\"@type\":\"ListItem\",\"position\":2,\"name\":\"Produkte\",\"item\":\"https:\/\/www.laviadellemalghe.it\/de\/shop\/\"},{\"@type\":\"ListItem\",\"position\":3,\"name\":\"Malga Valmaron &#8211; II lotto\"}]},{\"@type\":\"WebSite\",\"@id\":\"https:\/\/www.laviadellemalghe.it\/de\/#website\",\"url\":\"https:\/\/www.laviadellemalghe.it\/de\/\",\"name\":\"La Via delle Malghe | Altopiano dei Sette Comuni\",\"description\":\"#sweethomealtopiano\",\"publisher\":{\"@id\":\"https:\/\/www.laviadellemalghe.it\/de\/#organization\"},\"potentialAction\":[{\"@type\":\"SearchAction\",\"target\":{\"@type\":\"EntryPoint\",\"urlTemplate\":\"https:\/\/www.laviadellemalghe.it\/de\/?s={search_term_string}\"},\"query-input\":{\"@type\":\"PropertyValueSpecification\",\"valueRequired\":true,\"valueName\":\"search_term_string\"}}],\"inLanguage\":\"de\"},{\"@type\":\"Organization\",\"@id\":\"https:\/\/www.laviadellemalghe.it\/de\/#organization\",\"name\":\"La Via delle Malghe - Altopiano dei Sette Comuni\",\"url\":\"https:\/\/www.laviadellemalghe.it\/de\/\",\"logo\":{\"@type\":\"ImageObject\",\"inLanguage\":\"de\",\"@id\":\"https:\/\/www.laviadellemalghe.it\/de\/#\/schema\/logo\/image\/\",\"url\":\"https:\/\/www.laviadellemalghe.it\/wp-content\/uploads\/2022\/07\/logo_LVDM_altopiano.jpg\",\"contentUrl\":\"https:\/\/www.laviadellemalghe.it\/wp-content\/uploads\/2022\/07\/logo_LVDM_altopiano.jpg\",\"width\":1292,\"height\":929,\"caption\":\"La Via delle Malghe - Altopiano dei Sette Comuni\"},\"image\":{\"@id\":\"https:\/\/www.laviadellemalghe.it\/de\/#\/schema\/logo\/image\/\"},\"sameAs\":[\"https:\/\/www.facebook.com\/laviadellemalghe\"]}]}<\/script>\n<!-- \/ Yoast SEO plugin. -->","yoast_head_json":{"title":"Malga Valmaron - II lotto - La Via delle Malghe | Altopiano dei Sette Comuni","description":"Malga Valmaron - II Lotto liegt an der Grenze zur Provinz Trient, n\u00f6rdlich der Piana (Ebene), die den Almh\u00fctten dieses Gebiets ihren Namen gibt...","robots":{"index":"index","follow":"follow","max-snippet":"max-snippet:-1","max-image-preview":"max-image-preview:large","max-video-preview":"max-video-preview:-1"},"canonical":"https:\/\/www.laviadellemalghe.it\/de\/altopiano\/malga-valmaron-ii-lotto\/","og_locale":"de_DE","og_type":"article","og_title":"Malga Valmaron - II lotto - La Via delle Malghe | Altopiano dei Sette Comuni","og_description":"Malga Valmaron - II Lotto liegt an der Grenze zur Provinz Trient, n\u00f6rdlich der Piana (Ebene), die den Almh\u00fctten dieses Gebiets ihren Namen gibt...","og_url":"https:\/\/www.laviadellemalghe.it\/de\/altopiano\/malga-valmaron-ii-lotto\/","og_site_name":"La Via delle Malghe | Altopiano dei Sette Comuni","article_publisher":"https:\/\/www.facebook.com\/laviadellemalghe","article_modified_time":"2022-08-01T10:19:25+00:00","og_image":[{"width":1920,"height":1281,"url":"https:\/\/www.laviadellemalghe.it\/wp-content\/uploads\/2022\/06\/II_lotto_valmaron_44_001.jpg","type":"image\/jpeg"}],"twitter_card":"summary_large_image","twitter_misc":{"Gesch\u00e4tzte Lesezeit":"1\u00a0Minute"},"schema":{"@context":"https:\/\/schema.org","@graph":[{"@type":"WebPage","@id":"https:\/\/www.laviadellemalghe.it\/de\/altopiano\/malga-valmaron-ii-lotto\/","url":"https:\/\/www.laviadellemalghe.it\/de\/altopiano\/malga-valmaron-ii-lotto\/","name":"Malga Valmaron - II lotto - La Via delle Malghe | Altopiano dei Sette Comuni","isPartOf":{"@id":"https:\/\/www.laviadellemalghe.it\/de\/#website"},"primaryImageOfPage":{"@id":"https:\/\/www.laviadellemalghe.it\/de\/altopiano\/malga-valmaron-ii-lotto\/#primaryimage"},"image":{"@id":"https:\/\/www.laviadellemalghe.it\/de\/altopiano\/malga-valmaron-ii-lotto\/#primaryimage"},"thumbnailUrl":"https:\/\/www.laviadellemalghe.it\/wp-content\/uploads\/2022\/06\/II_lotto_valmaron_44_001.jpg","datePublished":"2022-06-09T18:25:32+00:00","dateModified":"2022-08-01T10:19:25+00:00","description":"Malga Valmaron - II Lotto liegt an der Grenze zur Provinz Trient, n\u00f6rdlich der Piana (Ebene), die den Almh\u00fctten dieses Gebiets ihren Namen gibt...","breadcrumb":{"@id":"https:\/\/www.laviadellemalghe.it\/de\/altopiano\/malga-valmaron-ii-lotto\/#breadcrumb"},"inLanguage":"de","potentialAction":[{"@type":"ReadAction","target":["https:\/\/www.laviadellemalghe.it\/de\/altopiano\/malga-valmaron-ii-lotto\/"]}]},{"@type":"ImageObject","inLanguage":"de","@id":"https:\/\/www.laviadellemalghe.it\/de\/altopiano\/malga-valmaron-ii-lotto\/#primaryimage","url":"https:\/\/www.laviadellemalghe.it\/wp-content\/uploads\/2022\/06\/II_lotto_valmaron_44_001.jpg","contentUrl":"https:\/\/www.laviadellemalghe.it\/wp-content\/uploads\/2022\/06\/II_lotto_valmaron_44_001.jpg","width":1920,"height":1281,"caption":"Malga Valmaron - II lotto"},{"@type":"BreadcrumbList","@id":"https:\/\/www.laviadellemalghe.it\/de\/altopiano\/malga-valmaron-ii-lotto\/#breadcrumb","itemListElement":[{"@type":"ListItem","position":1,"name":"Home","item":"https:\/\/www.laviadellemalghe.it\/de\/home\/"},{"@type":"ListItem","position":2,"name":"Produkte","item":"https:\/\/www.laviadellemalghe.it\/de\/shop\/"},{"@type":"ListItem","position":3,"name":"Malga Valmaron &#8211; II lotto"}]},{"@type":"WebSite","@id":"https:\/\/www.laviadellemalghe.it\/de\/#website","url":"https:\/\/www.laviadellemalghe.it\/de\/","name":"La Via delle Malghe | Altopiano dei Sette Comuni","description":"#sweethomealtopiano","publisher":{"@id":"https:\/\/www.laviadellemalghe.it\/de\/#organization"},"potentialAction":[{"@type":"SearchAction","target":{"@type":"EntryPoint","urlTemplate":"https:\/\/www.laviadellemalghe.it\/de\/?s={search_term_string}"},"query-input":{"@type":"PropertyValueSpecification","valueRequired":true,"valueName":"search_term_string"}}],"inLanguage":"de"},{"@type":"Organization","@id":"https:\/\/www.laviadellemalghe.it\/de\/#organization","name":"La Via delle Malghe - Altopiano dei Sette Comuni","url":"https:\/\/www.laviadellemalghe.it\/de\/","logo":{"@type":"ImageObject","inLanguage":"de","@id":"https:\/\/www.laviadellemalghe.it\/de\/#\/schema\/logo\/image\/","url":"https:\/\/www.laviadellemalghe.it\/wp-content\/uploads\/2022\/07\/logo_LVDM_altopiano.jpg","contentUrl":"https:\/\/www.laviadellemalghe.it\/wp-content\/uploads\/2022\/07\/logo_LVDM_altopiano.jpg","width":1292,"height":929,"caption":"La Via delle Malghe - Altopiano dei Sette Comuni"},"image":{"@id":"https:\/\/www.laviadellemalghe.it\/de\/#\/schema\/logo\/image\/"},"sameAs":["https:\/\/www.facebook.com\/laviadellemalghe"]}]}},"_links":{"self":[{"href":"https:\/\/www.laviadellemalghe.it\/de\/wp-json\/wp\/v2\/product\/10935","targetHints":{"allow":["GET"]}}],"collection":[{"href":"https:\/\/www.laviadellemalghe.it\/de\/wp-json\/wp\/v2\/product"}],"about":[{"href":"https:\/\/www.laviadellemalghe.it\/de\/wp-json\/wp\/v2\/types\/product"}],"wp:featuredmedia":[{"embeddable":true,"href":"https:\/\/www.laviadellemalghe.it\/de\/wp-json\/wp\/v2\/media\/7659"}],"wp:attachment":[{"href":"https:\/\/www.laviadellemalghe.it\/de\/wp-json\/wp\/v2\/media?parent=10935"}],"wp:term":[{"taxonomy":"product_brand","embeddable":true,"href":"https:\/\/www.laviadellemalghe.it\/de\/wp-json\/wp\/v2\/product_brand?post=10935"},{"taxonomy":"product_cat","embeddable":true,"href":"https:\/\/www.laviadellemalghe.it\/de\/wp-json\/wp\/v2\/product_cat?post=10935"},{"taxonomy":"product_tag","embeddable":true,"href":"https:\/\/www.laviadellemalghe.it\/de\/wp-json\/wp\/v2\/product_tag?post=10935"}],"curies":[{"name":"wp","href":"https:\/\/api.w.org\/{rel}","templated":true}]}}