{"id":10948,"date":"2022-06-13T08:45:34","date_gmt":"2022-06-13T06:45:34","guid":{"rendered":"https:\/\/www.laviadellemalghe.it\/altopiano\/malga-verde-2\/"},"modified":"2022-08-01T13:04:19","modified_gmt":"2022-08-01T11:04:19","slug":"malga-verde","status":"publish","type":"product","link":"https:\/\/www.laviadellemalghe.it\/de\/altopiano\/malga-verde\/","title":{"rendered":"Malga Verde"},"content":{"rendered":"<p>Malga Verde liegt an der Stra\u00dfe, die von Asiago nach Rubbio f\u00fchrt, und ist besonders gro\u00df, da sie auch die Weidefl\u00e4chen der Malga Lastaro umfasst. Die Weiden sind mit ihrer niedrigen H\u00f6henlage besonders fruchtbar, die tiefer liegenden Fl\u00e4chen werden gew\u00f6hnlich als einfache Wiesen genutzt. Sie bestehen \u00fcberwiegend aus Arrhenatherum, dem typischen Verband von fruchtbarem Gr\u00fcnland der H\u00fcgellandschaft und des Mittelgebirges. Von der Almh\u00fctte, die einem Bauernhof \u00e4hnelt und mit dem Auto leicht erreichbar ist, hat man ein eindrucksvolles und zugleich erholsames Panorama, das sich aus unendlichen flachen und h\u00fcgeligen Weidefl\u00e4chen zusammensetzt.<br \/>\nVon hier aus kann man den Weg CAI 872 Ciscati\/Biancoia einschlagen, der von Contr\u00e0 Ciscati kommend direkt an der Almh\u00fctte vorbei in den Wald f\u00fchrt. Aber es gibt auch den Rundweg der Drei Grenzen (Anello dei Tre Confini). Er ist fast 20 km lang und verl\u00e4uft auf einer Schotterstra\u00dfe, auf der man den s\u00fcd\u00f6stlichen Teil der Hochebene, am Rande der Ebene des Veneto und Canale di Brenta, entdeckt. Es sind aber auch k\u00fcrzeren Strecken m\u00f6glich.<\/p>\n","protected":false},"excerpt":{"rendered":"<p>Malga Verde liegt an der Stra\u00dfe, die von Asiago nach Rubbio f\u00fchrt, und ist besonders gro\u00df, da sie auch die Weidefl\u00e4chen der Malga Lastaro umfasst. Die Weiden sind mit ihrer niedrigen H\u00f6henlage besonders fruchtbar, die tiefer liegenden Fl\u00e4chen werden gew\u00f6hnlich als einfache Wiesen genutzt. Sie bestehen \u00fcberwiegend aus Arrhenatherum, dem typischen Verband von fruchtbarem Gr\u00fcnland&hellip;<\/p>\n","protected":false},"featured_media":7927,"template":"","meta":{"_acf_changed":false,"inline_featured_image":false},"product_brand":[],"product_cat":[122],"product_tag":[],"class_list":{"0":"post-10948","1":"product","2":"type-product","3":"status-publish","4":"has-post-thumbnail","6":"product_cat-almhutten","7":"description-off","9":"first","10":"instock","11":"shipping-taxable","12":"product-type-simple"},"acf":[],"yoast_head":"<!-- This site is optimized with the Yoast SEO plugin v24.5 - https:\/\/yoast.com\/wordpress\/plugins\/seo\/ -->\n<title>Malga Verde - La Via delle Malghe | Altopiano dei Sette Comuni<\/title>\n<meta name=\"description\" content=\"Malga Verde liegt an der Stra\u00dfe, die von Asiago nach Rubbio f\u00fchrt, und ist besonders gro\u00df, da sie auch die Weidefl\u00e4chen der Malga Lastaro...\" \/>\n<meta name=\"robots\" content=\"index, follow, max-snippet:-1, max-image-preview:large, max-video-preview:-1\" \/>\n<link rel=\"canonical\" href=\"https:\/\/www.laviadellemalghe.it\/de\/altopiano\/malga-verde\/\" \/>\n<meta property=\"og:locale\" content=\"de_DE\" \/>\n<meta property=\"og:type\" content=\"article\" \/>\n<meta property=\"og:title\" content=\"Malga Verde - La Via delle Malghe | Altopiano dei Sette Comuni\" \/>\n<meta property=\"og:description\" content=\"Malga Verde liegt an der Stra\u00dfe, die von Asiago nach Rubbio f\u00fchrt, und ist besonders gro\u00df, da sie auch die Weidefl\u00e4chen der Malga Lastaro...\" \/>\n<meta property=\"og:url\" content=\"https:\/\/www.laviadellemalghe.it\/de\/altopiano\/malga-verde\/\" \/>\n<meta property=\"og:site_name\" content=\"La Via delle Malghe | Altopiano dei Sette Comuni\" \/>\n<meta property=\"article:publisher\" content=\"https:\/\/www.facebook.com\/laviadellemalghe\" \/>\n<meta property=\"article:modified_time\" content=\"2022-08-01T11:04:19+00:00\" \/>\n<meta property=\"og:image\" content=\"https:\/\/www.laviadellemalghe.it\/wp-content\/uploads\/2022\/06\/verdelastaro_58_025.jpg\" \/>\n\t<meta property=\"og:image:width\" content=\"1920\" \/>\n\t<meta property=\"og:image:height\" content=\"1281\" \/>\n\t<meta property=\"og:image:type\" content=\"image\/jpeg\" \/>\n<meta name=\"twitter:card\" content=\"summary_large_image\" \/>\n<meta name=\"twitter:label1\" content=\"Gesch\u00e4tzte Lesezeit\" \/>\n\t<meta name=\"twitter:data1\" content=\"1\u00a0Minute\" \/>\n<script type=\"application\/ld+json\" class=\"yoast-schema-graph\">{\"@context\":\"https:\/\/schema.org\",\"@graph\":[{\"@type\":\"WebPage\",\"@id\":\"https:\/\/www.laviadellemalghe.it\/de\/altopiano\/malga-verde\/\",\"url\":\"https:\/\/www.laviadellemalghe.it\/de\/altopiano\/malga-verde\/\",\"name\":\"Malga Verde - La Via delle Malghe | Altopiano dei Sette Comuni\",\"isPartOf\":{\"@id\":\"https:\/\/www.laviadellemalghe.it\/de\/#website\"},\"primaryImageOfPage\":{\"@id\":\"https:\/\/www.laviadellemalghe.it\/de\/altopiano\/malga-verde\/#primaryimage\"},\"image\":{\"@id\":\"https:\/\/www.laviadellemalghe.it\/de\/altopiano\/malga-verde\/#primaryimage\"},\"thumbnailUrl\":\"https:\/\/www.laviadellemalghe.it\/wp-content\/uploads\/2022\/06\/verdelastaro_58_025.jpg\",\"datePublished\":\"2022-06-13T06:45:34+00:00\",\"dateModified\":\"2022-08-01T11:04:19+00:00\",\"description\":\"Malga Verde liegt an der Stra\u00dfe, die von Asiago nach Rubbio f\u00fchrt, und ist besonders gro\u00df, da sie auch die Weidefl\u00e4chen der Malga Lastaro...\",\"breadcrumb\":{\"@id\":\"https:\/\/www.laviadellemalghe.it\/de\/altopiano\/malga-verde\/#breadcrumb\"},\"inLanguage\":\"de\",\"potentialAction\":[{\"@type\":\"ReadAction\",\"target\":[\"https:\/\/www.laviadellemalghe.it\/de\/altopiano\/malga-verde\/\"]}]},{\"@type\":\"ImageObject\",\"inLanguage\":\"de\",\"@id\":\"https:\/\/www.laviadellemalghe.it\/de\/altopiano\/malga-verde\/#primaryimage\",\"url\":\"https:\/\/www.laviadellemalghe.it\/wp-content\/uploads\/2022\/06\/verdelastaro_58_025.jpg\",\"contentUrl\":\"https:\/\/www.laviadellemalghe.it\/wp-content\/uploads\/2022\/06\/verdelastaro_58_025.jpg\",\"width\":1920,\"height\":1281,\"caption\":\"Malga Verde\"},{\"@type\":\"BreadcrumbList\",\"@id\":\"https:\/\/www.laviadellemalghe.it\/de\/altopiano\/malga-verde\/#breadcrumb\",\"itemListElement\":[{\"@type\":\"ListItem\",\"position\":1,\"name\":\"Home\",\"item\":\"https:\/\/www.laviadellemalghe.it\/de\/home\/\"},{\"@type\":\"ListItem\",\"position\":2,\"name\":\"Produkte\",\"item\":\"https:\/\/www.laviadellemalghe.it\/de\/shop\/\"},{\"@type\":\"ListItem\",\"position\":3,\"name\":\"Malga Verde\"}]},{\"@type\":\"WebSite\",\"@id\":\"https:\/\/www.laviadellemalghe.it\/de\/#website\",\"url\":\"https:\/\/www.laviadellemalghe.it\/de\/\",\"name\":\"La Via delle Malghe | Altopiano dei Sette Comuni\",\"description\":\"#sweethomealtopiano\",\"publisher\":{\"@id\":\"https:\/\/www.laviadellemalghe.it\/de\/#organization\"},\"potentialAction\":[{\"@type\":\"SearchAction\",\"target\":{\"@type\":\"EntryPoint\",\"urlTemplate\":\"https:\/\/www.laviadellemalghe.it\/de\/?s={search_term_string}\"},\"query-input\":{\"@type\":\"PropertyValueSpecification\",\"valueRequired\":true,\"valueName\":\"search_term_string\"}}],\"inLanguage\":\"de\"},{\"@type\":\"Organization\",\"@id\":\"https:\/\/www.laviadellemalghe.it\/de\/#organization\",\"name\":\"La Via delle Malghe - Altopiano dei Sette Comuni\",\"url\":\"https:\/\/www.laviadellemalghe.it\/de\/\",\"logo\":{\"@type\":\"ImageObject\",\"inLanguage\":\"de\",\"@id\":\"https:\/\/www.laviadellemalghe.it\/de\/#\/schema\/logo\/image\/\",\"url\":\"https:\/\/www.laviadellemalghe.it\/wp-content\/uploads\/2022\/07\/logo_LVDM_altopiano.jpg\",\"contentUrl\":\"https:\/\/www.laviadellemalghe.it\/wp-content\/uploads\/2022\/07\/logo_LVDM_altopiano.jpg\",\"width\":1292,\"height\":929,\"caption\":\"La Via delle Malghe - Altopiano dei Sette Comuni\"},\"image\":{\"@id\":\"https:\/\/www.laviadellemalghe.it\/de\/#\/schema\/logo\/image\/\"},\"sameAs\":[\"https:\/\/www.facebook.com\/laviadellemalghe\"]}]}<\/script>\n<!-- \/ Yoast SEO plugin. -->","yoast_head_json":{"title":"Malga Verde - La Via delle Malghe | Altopiano dei Sette Comuni","description":"Malga Verde liegt an der Stra\u00dfe, die von Asiago nach Rubbio f\u00fchrt, und ist besonders gro\u00df, da sie auch die Weidefl\u00e4chen der Malga Lastaro...","robots":{"index":"index","follow":"follow","max-snippet":"max-snippet:-1","max-image-preview":"max-image-preview:large","max-video-preview":"max-video-preview:-1"},"canonical":"https:\/\/www.laviadellemalghe.it\/de\/altopiano\/malga-verde\/","og_locale":"de_DE","og_type":"article","og_title":"Malga Verde - La Via delle Malghe | Altopiano dei Sette Comuni","og_description":"Malga Verde liegt an der Stra\u00dfe, die von Asiago nach Rubbio f\u00fchrt, und ist besonders gro\u00df, da sie auch die Weidefl\u00e4chen der Malga Lastaro...","og_url":"https:\/\/www.laviadellemalghe.it\/de\/altopiano\/malga-verde\/","og_site_name":"La Via delle Malghe | Altopiano dei Sette Comuni","article_publisher":"https:\/\/www.facebook.com\/laviadellemalghe","article_modified_time":"2022-08-01T11:04:19+00:00","og_image":[{"width":1920,"height":1281,"url":"https:\/\/www.laviadellemalghe.it\/wp-content\/uploads\/2022\/06\/verdelastaro_58_025.jpg","type":"image\/jpeg"}],"twitter_card":"summary_large_image","twitter_misc":{"Gesch\u00e4tzte Lesezeit":"1\u00a0Minute"},"schema":{"@context":"https:\/\/schema.org","@graph":[{"@type":"WebPage","@id":"https:\/\/www.laviadellemalghe.it\/de\/altopiano\/malga-verde\/","url":"https:\/\/www.laviadellemalghe.it\/de\/altopiano\/malga-verde\/","name":"Malga Verde - La Via delle Malghe | Altopiano dei Sette Comuni","isPartOf":{"@id":"https:\/\/www.laviadellemalghe.it\/de\/#website"},"primaryImageOfPage":{"@id":"https:\/\/www.laviadellemalghe.it\/de\/altopiano\/malga-verde\/#primaryimage"},"image":{"@id":"https:\/\/www.laviadellemalghe.it\/de\/altopiano\/malga-verde\/#primaryimage"},"thumbnailUrl":"https:\/\/www.laviadellemalghe.it\/wp-content\/uploads\/2022\/06\/verdelastaro_58_025.jpg","datePublished":"2022-06-13T06:45:34+00:00","dateModified":"2022-08-01T11:04:19+00:00","description":"Malga Verde liegt an der Stra\u00dfe, die von Asiago nach Rubbio f\u00fchrt, und ist besonders gro\u00df, da sie auch die Weidefl\u00e4chen der Malga Lastaro...","breadcrumb":{"@id":"https:\/\/www.laviadellemalghe.it\/de\/altopiano\/malga-verde\/#breadcrumb"},"inLanguage":"de","potentialAction":[{"@type":"ReadAction","target":["https:\/\/www.laviadellemalghe.it\/de\/altopiano\/malga-verde\/"]}]},{"@type":"ImageObject","inLanguage":"de","@id":"https:\/\/www.laviadellemalghe.it\/de\/altopiano\/malga-verde\/#primaryimage","url":"https:\/\/www.laviadellemalghe.it\/wp-content\/uploads\/2022\/06\/verdelastaro_58_025.jpg","contentUrl":"https:\/\/www.laviadellemalghe.it\/wp-content\/uploads\/2022\/06\/verdelastaro_58_025.jpg","width":1920,"height":1281,"caption":"Malga Verde"},{"@type":"BreadcrumbList","@id":"https:\/\/www.laviadellemalghe.it\/de\/altopiano\/malga-verde\/#breadcrumb","itemListElement":[{"@type":"ListItem","position":1,"name":"Home","item":"https:\/\/www.laviadellemalghe.it\/de\/home\/"},{"@type":"ListItem","position":2,"name":"Produkte","item":"https:\/\/www.laviadellemalghe.it\/de\/shop\/"},{"@type":"ListItem","position":3,"name":"Malga Verde"}]},{"@type":"WebSite","@id":"https:\/\/www.laviadellemalghe.it\/de\/#website","url":"https:\/\/www.laviadellemalghe.it\/de\/","name":"La Via delle Malghe | Altopiano dei Sette Comuni","description":"#sweethomealtopiano","publisher":{"@id":"https:\/\/www.laviadellemalghe.it\/de\/#organization"},"potentialAction":[{"@type":"SearchAction","target":{"@type":"EntryPoint","urlTemplate":"https:\/\/www.laviadellemalghe.it\/de\/?s={search_term_string}"},"query-input":{"@type":"PropertyValueSpecification","valueRequired":true,"valueName":"search_term_string"}}],"inLanguage":"de"},{"@type":"Organization","@id":"https:\/\/www.laviadellemalghe.it\/de\/#organization","name":"La Via delle Malghe - Altopiano dei Sette Comuni","url":"https:\/\/www.laviadellemalghe.it\/de\/","logo":{"@type":"ImageObject","inLanguage":"de","@id":"https:\/\/www.laviadellemalghe.it\/de\/#\/schema\/logo\/image\/","url":"https:\/\/www.laviadellemalghe.it\/wp-content\/uploads\/2022\/07\/logo_LVDM_altopiano.jpg","contentUrl":"https:\/\/www.laviadellemalghe.it\/wp-content\/uploads\/2022\/07\/logo_LVDM_altopiano.jpg","width":1292,"height":929,"caption":"La Via delle Malghe - Altopiano dei Sette Comuni"},"image":{"@id":"https:\/\/www.laviadellemalghe.it\/de\/#\/schema\/logo\/image\/"},"sameAs":["https:\/\/www.facebook.com\/laviadellemalghe"]}]}},"_links":{"self":[{"href":"https:\/\/www.laviadellemalghe.it\/de\/wp-json\/wp\/v2\/product\/10948","targetHints":{"allow":["GET"]}}],"collection":[{"href":"https:\/\/www.laviadellemalghe.it\/de\/wp-json\/wp\/v2\/product"}],"about":[{"href":"https:\/\/www.laviadellemalghe.it\/de\/wp-json\/wp\/v2\/types\/product"}],"wp:featuredmedia":[{"embeddable":true,"href":"https:\/\/www.laviadellemalghe.it\/de\/wp-json\/wp\/v2\/media\/7927"}],"wp:attachment":[{"href":"https:\/\/www.laviadellemalghe.it\/de\/wp-json\/wp\/v2\/media?parent=10948"}],"wp:term":[{"taxonomy":"product_brand","embeddable":true,"href":"https:\/\/www.laviadellemalghe.it\/de\/wp-json\/wp\/v2\/product_brand?post=10948"},{"taxonomy":"product_cat","embeddable":true,"href":"https:\/\/www.laviadellemalghe.it\/de\/wp-json\/wp\/v2\/product_cat?post=10948"},{"taxonomy":"product_tag","embeddable":true,"href":"https:\/\/www.laviadellemalghe.it\/de\/wp-json\/wp\/v2\/product_tag?post=10948"}],"curies":[{"name":"wp","href":"https:\/\/api.w.org\/{rel}","templated":true}]}}