{"id":10966,"date":"2022-06-13T12:11:54","date_gmt":"2022-06-13T10:11:54","guid":{"rendered":"https:\/\/www.laviadellemalghe.it\/altopiano\/malga-serona-e-seronetta-2\/"},"modified":"2022-08-01T14:58:01","modified_gmt":"2022-08-01T12:58:01","slug":"malga-serona-e-seronetta","status":"publish","type":"product","link":"https:\/\/www.laviadellemalghe.it\/de\/altopiano\/malga-serona-e-seronetta\/","title":{"rendered":"Malga Serona e Seronetta"},"content":{"rendered":"<p>Malga Serona, zu der auch die Weiden der Malga Seronetta geh\u00f6ren, liegt in einer zauberhaften Landschaft s\u00fcdlich von Monte Foraoro und Cima Fonte und zeichnet sich durch besonders fruchtbare B\u00f6den aus. Was die Architektur anbelangt, stellt sie das g\u00e4ngigste H\u00fcttenmodell der Vergangenheit dar. Ein von den Hauptgeb\u00e4uden getrennter typischer Bau erinnert an die alten Almh\u00fctten von einst. Die Almh\u00fctte befindet sich auf einem gro\u00dfen Plateau, von dem aus man einen herrlichen Rundblick \u00fcber die gesamte Ebene hat.<br \/>\nMalga Serona ist \u00fcber gut befahrbare Stra\u00dfen mit den anderen Almh\u00fctten der Gegend optimal verbunden und auch direkt zu Fu\u00df oder mit dem Fahrrad von Contrada Tezze di Caltrano auf der steilen, aber eindrucksvollen \u201eBrandschneise\u201c erreichbar, die auch an Malga Seronetta vorbeif\u00fchrt. Das Gebiet ist bis zum Fr\u00fchherbst f\u00fcr Wanderungen und Radausfl\u00fcge sowie im Winter f\u00fcr Schneeschuh-Touren \u00e4u\u00dferst beliebt.<\/p>\n<p>&nbsp;<\/p>\n<p>An der H\u00fctte gibt es eine Ladestation f\u00fcr E-Bikes.<\/p>\n","protected":false},"excerpt":{"rendered":"<p>Malga Serona, zu der auch die Weiden der Malga Seronetta geh\u00f6ren, liegt in einer zauberhaften Landschaft s\u00fcdlich von Monte Foraoro und Cima Fonte und zeichnet sich durch besonders fruchtbare B\u00f6den aus. Was die Architektur anbelangt, stellt sie das g\u00e4ngigste H\u00fcttenmodell der Vergangenheit dar. Ein von den Hauptgeb\u00e4uden getrennter typischer Bau erinnert an die alten Almh\u00fctten&hellip;<\/p>\n","protected":false},"featured_media":8307,"template":"","meta":{"_acf_changed":false,"inline_featured_image":false},"product_brand":[],"product_cat":[122],"product_tag":[],"class_list":{"0":"post-10966","1":"product","2":"type-product","3":"status-publish","4":"has-post-thumbnail","6":"product_cat-almhutten","7":"description-off","9":"first","10":"instock","11":"shipping-taxable","12":"product-type-simple"},"acf":[],"yoast_head":"<!-- This site is optimized with the Yoast SEO plugin v24.5 - https:\/\/yoast.com\/wordpress\/plugins\/seo\/ -->\n<title>Malga Serona e Seronetta - La Via delle Malghe | Altopiano dei Sette Comuni<\/title>\n<meta name=\"description\" content=\"Malga Serona, zu der auch die Weiden der Malga Seronetta geh\u00f6ren, liegt in einer zauberhaften Landschaft s\u00fcdlich von Monte Foraoro und Cima Fonte...\" \/>\n<meta name=\"robots\" content=\"index, follow, max-snippet:-1, max-image-preview:large, max-video-preview:-1\" \/>\n<link rel=\"canonical\" href=\"https:\/\/www.laviadellemalghe.it\/de\/altopiano\/malga-serona-e-seronetta\/\" \/>\n<meta property=\"og:locale\" content=\"de_DE\" \/>\n<meta property=\"og:type\" content=\"article\" \/>\n<meta property=\"og:title\" content=\"Malga Serona e Seronetta - La Via delle Malghe | Altopiano dei Sette Comuni\" \/>\n<meta property=\"og:description\" content=\"Malga Serona, zu der auch die Weiden der Malga Seronetta geh\u00f6ren, liegt in einer zauberhaften Landschaft s\u00fcdlich von Monte Foraoro und Cima Fonte...\" \/>\n<meta property=\"og:url\" content=\"https:\/\/www.laviadellemalghe.it\/de\/altopiano\/malga-serona-e-seronetta\/\" \/>\n<meta property=\"og:site_name\" content=\"La Via delle Malghe | Altopiano dei Sette Comuni\" \/>\n<meta property=\"article:publisher\" content=\"https:\/\/www.facebook.com\/laviadellemalghe\" \/>\n<meta property=\"article:modified_time\" content=\"2022-08-01T12:58:01+00:00\" \/>\n<meta property=\"og:image\" content=\"https:\/\/www.laviadellemalghe.it\/wp-content\/uploads\/2022\/06\/ENR_6587.jpg\" \/>\n\t<meta property=\"og:image:width\" content=\"1920\" \/>\n\t<meta property=\"og:image:height\" content=\"1281\" \/>\n\t<meta property=\"og:image:type\" content=\"image\/jpeg\" \/>\n<meta name=\"twitter:card\" content=\"summary_large_image\" \/>\n<meta name=\"twitter:label1\" content=\"Gesch\u00e4tzte Lesezeit\" \/>\n\t<meta name=\"twitter:data1\" content=\"1\u00a0Minute\" \/>\n<script type=\"application\/ld+json\" class=\"yoast-schema-graph\">{\"@context\":\"https:\/\/schema.org\",\"@graph\":[{\"@type\":\"WebPage\",\"@id\":\"https:\/\/www.laviadellemalghe.it\/de\/altopiano\/malga-serona-e-seronetta\/\",\"url\":\"https:\/\/www.laviadellemalghe.it\/de\/altopiano\/malga-serona-e-seronetta\/\",\"name\":\"Malga Serona e Seronetta - La Via delle Malghe | Altopiano dei Sette Comuni\",\"isPartOf\":{\"@id\":\"https:\/\/www.laviadellemalghe.it\/de\/#website\"},\"primaryImageOfPage\":{\"@id\":\"https:\/\/www.laviadellemalghe.it\/de\/altopiano\/malga-serona-e-seronetta\/#primaryimage\"},\"image\":{\"@id\":\"https:\/\/www.laviadellemalghe.it\/de\/altopiano\/malga-serona-e-seronetta\/#primaryimage\"},\"thumbnailUrl\":\"https:\/\/www.laviadellemalghe.it\/wp-content\/uploads\/2022\/06\/ENR_6587.jpg\",\"datePublished\":\"2022-06-13T10:11:54+00:00\",\"dateModified\":\"2022-08-01T12:58:01+00:00\",\"description\":\"Malga Serona, zu der auch die Weiden der Malga Seronetta geh\u00f6ren, liegt in einer zauberhaften Landschaft s\u00fcdlich von Monte Foraoro und Cima Fonte...\",\"breadcrumb\":{\"@id\":\"https:\/\/www.laviadellemalghe.it\/de\/altopiano\/malga-serona-e-seronetta\/#breadcrumb\"},\"inLanguage\":\"de\",\"potentialAction\":[{\"@type\":\"ReadAction\",\"target\":[\"https:\/\/www.laviadellemalghe.it\/de\/altopiano\/malga-serona-e-seronetta\/\"]}]},{\"@type\":\"ImageObject\",\"inLanguage\":\"de\",\"@id\":\"https:\/\/www.laviadellemalghe.it\/de\/altopiano\/malga-serona-e-seronetta\/#primaryimage\",\"url\":\"https:\/\/www.laviadellemalghe.it\/wp-content\/uploads\/2022\/06\/ENR_6587.jpg\",\"contentUrl\":\"https:\/\/www.laviadellemalghe.it\/wp-content\/uploads\/2022\/06\/ENR_6587.jpg\",\"width\":1920,\"height\":1281,\"caption\":\"Malga Serona e Seronetta\"},{\"@type\":\"BreadcrumbList\",\"@id\":\"https:\/\/www.laviadellemalghe.it\/de\/altopiano\/malga-serona-e-seronetta\/#breadcrumb\",\"itemListElement\":[{\"@type\":\"ListItem\",\"position\":1,\"name\":\"Home\",\"item\":\"https:\/\/www.laviadellemalghe.it\/de\/home\/\"},{\"@type\":\"ListItem\",\"position\":2,\"name\":\"Produkte\",\"item\":\"https:\/\/www.laviadellemalghe.it\/de\/shop\/\"},{\"@type\":\"ListItem\",\"position\":3,\"name\":\"Malga Serona e Seronetta\"}]},{\"@type\":\"WebSite\",\"@id\":\"https:\/\/www.laviadellemalghe.it\/de\/#website\",\"url\":\"https:\/\/www.laviadellemalghe.it\/de\/\",\"name\":\"La Via delle Malghe | Altopiano dei Sette Comuni\",\"description\":\"#sweethomealtopiano\",\"publisher\":{\"@id\":\"https:\/\/www.laviadellemalghe.it\/de\/#organization\"},\"potentialAction\":[{\"@type\":\"SearchAction\",\"target\":{\"@type\":\"EntryPoint\",\"urlTemplate\":\"https:\/\/www.laviadellemalghe.it\/de\/?s={search_term_string}\"},\"query-input\":{\"@type\":\"PropertyValueSpecification\",\"valueRequired\":true,\"valueName\":\"search_term_string\"}}],\"inLanguage\":\"de\"},{\"@type\":\"Organization\",\"@id\":\"https:\/\/www.laviadellemalghe.it\/de\/#organization\",\"name\":\"La Via delle Malghe - Altopiano dei Sette Comuni\",\"url\":\"https:\/\/www.laviadellemalghe.it\/de\/\",\"logo\":{\"@type\":\"ImageObject\",\"inLanguage\":\"de\",\"@id\":\"https:\/\/www.laviadellemalghe.it\/de\/#\/schema\/logo\/image\/\",\"url\":\"https:\/\/www.laviadellemalghe.it\/wp-content\/uploads\/2022\/07\/logo_LVDM_altopiano.jpg\",\"contentUrl\":\"https:\/\/www.laviadellemalghe.it\/wp-content\/uploads\/2022\/07\/logo_LVDM_altopiano.jpg\",\"width\":1292,\"height\":929,\"caption\":\"La Via delle Malghe - Altopiano dei Sette Comuni\"},\"image\":{\"@id\":\"https:\/\/www.laviadellemalghe.it\/de\/#\/schema\/logo\/image\/\"},\"sameAs\":[\"https:\/\/www.facebook.com\/laviadellemalghe\"]}]}<\/script>\n<!-- \/ Yoast SEO plugin. -->","yoast_head_json":{"title":"Malga Serona e Seronetta - La Via delle Malghe | Altopiano dei Sette Comuni","description":"Malga Serona, zu der auch die Weiden der Malga Seronetta geh\u00f6ren, liegt in einer zauberhaften Landschaft s\u00fcdlich von Monte Foraoro und Cima Fonte...","robots":{"index":"index","follow":"follow","max-snippet":"max-snippet:-1","max-image-preview":"max-image-preview:large","max-video-preview":"max-video-preview:-1"},"canonical":"https:\/\/www.laviadellemalghe.it\/de\/altopiano\/malga-serona-e-seronetta\/","og_locale":"de_DE","og_type":"article","og_title":"Malga Serona e Seronetta - La Via delle Malghe | Altopiano dei Sette Comuni","og_description":"Malga Serona, zu der auch die Weiden der Malga Seronetta geh\u00f6ren, liegt in einer zauberhaften Landschaft s\u00fcdlich von Monte Foraoro und Cima Fonte...","og_url":"https:\/\/www.laviadellemalghe.it\/de\/altopiano\/malga-serona-e-seronetta\/","og_site_name":"La Via delle Malghe | Altopiano dei Sette Comuni","article_publisher":"https:\/\/www.facebook.com\/laviadellemalghe","article_modified_time":"2022-08-01T12:58:01+00:00","og_image":[{"width":1920,"height":1281,"url":"https:\/\/www.laviadellemalghe.it\/wp-content\/uploads\/2022\/06\/ENR_6587.jpg","type":"image\/jpeg"}],"twitter_card":"summary_large_image","twitter_misc":{"Gesch\u00e4tzte Lesezeit":"1\u00a0Minute"},"schema":{"@context":"https:\/\/schema.org","@graph":[{"@type":"WebPage","@id":"https:\/\/www.laviadellemalghe.it\/de\/altopiano\/malga-serona-e-seronetta\/","url":"https:\/\/www.laviadellemalghe.it\/de\/altopiano\/malga-serona-e-seronetta\/","name":"Malga Serona e Seronetta - La Via delle Malghe | Altopiano dei Sette Comuni","isPartOf":{"@id":"https:\/\/www.laviadellemalghe.it\/de\/#website"},"primaryImageOfPage":{"@id":"https:\/\/www.laviadellemalghe.it\/de\/altopiano\/malga-serona-e-seronetta\/#primaryimage"},"image":{"@id":"https:\/\/www.laviadellemalghe.it\/de\/altopiano\/malga-serona-e-seronetta\/#primaryimage"},"thumbnailUrl":"https:\/\/www.laviadellemalghe.it\/wp-content\/uploads\/2022\/06\/ENR_6587.jpg","datePublished":"2022-06-13T10:11:54+00:00","dateModified":"2022-08-01T12:58:01+00:00","description":"Malga Serona, zu der auch die Weiden der Malga Seronetta geh\u00f6ren, liegt in einer zauberhaften Landschaft s\u00fcdlich von Monte Foraoro und Cima Fonte...","breadcrumb":{"@id":"https:\/\/www.laviadellemalghe.it\/de\/altopiano\/malga-serona-e-seronetta\/#breadcrumb"},"inLanguage":"de","potentialAction":[{"@type":"ReadAction","target":["https:\/\/www.laviadellemalghe.it\/de\/altopiano\/malga-serona-e-seronetta\/"]}]},{"@type":"ImageObject","inLanguage":"de","@id":"https:\/\/www.laviadellemalghe.it\/de\/altopiano\/malga-serona-e-seronetta\/#primaryimage","url":"https:\/\/www.laviadellemalghe.it\/wp-content\/uploads\/2022\/06\/ENR_6587.jpg","contentUrl":"https:\/\/www.laviadellemalghe.it\/wp-content\/uploads\/2022\/06\/ENR_6587.jpg","width":1920,"height":1281,"caption":"Malga Serona e Seronetta"},{"@type":"BreadcrumbList","@id":"https:\/\/www.laviadellemalghe.it\/de\/altopiano\/malga-serona-e-seronetta\/#breadcrumb","itemListElement":[{"@type":"ListItem","position":1,"name":"Home","item":"https:\/\/www.laviadellemalghe.it\/de\/home\/"},{"@type":"ListItem","position":2,"name":"Produkte","item":"https:\/\/www.laviadellemalghe.it\/de\/shop\/"},{"@type":"ListItem","position":3,"name":"Malga Serona e Seronetta"}]},{"@type":"WebSite","@id":"https:\/\/www.laviadellemalghe.it\/de\/#website","url":"https:\/\/www.laviadellemalghe.it\/de\/","name":"La Via delle Malghe | Altopiano dei Sette Comuni","description":"#sweethomealtopiano","publisher":{"@id":"https:\/\/www.laviadellemalghe.it\/de\/#organization"},"potentialAction":[{"@type":"SearchAction","target":{"@type":"EntryPoint","urlTemplate":"https:\/\/www.laviadellemalghe.it\/de\/?s={search_term_string}"},"query-input":{"@type":"PropertyValueSpecification","valueRequired":true,"valueName":"search_term_string"}}],"inLanguage":"de"},{"@type":"Organization","@id":"https:\/\/www.laviadellemalghe.it\/de\/#organization","name":"La Via delle Malghe - Altopiano dei Sette Comuni","url":"https:\/\/www.laviadellemalghe.it\/de\/","logo":{"@type":"ImageObject","inLanguage":"de","@id":"https:\/\/www.laviadellemalghe.it\/de\/#\/schema\/logo\/image\/","url":"https:\/\/www.laviadellemalghe.it\/wp-content\/uploads\/2022\/07\/logo_LVDM_altopiano.jpg","contentUrl":"https:\/\/www.laviadellemalghe.it\/wp-content\/uploads\/2022\/07\/logo_LVDM_altopiano.jpg","width":1292,"height":929,"caption":"La Via delle Malghe - Altopiano dei Sette Comuni"},"image":{"@id":"https:\/\/www.laviadellemalghe.it\/de\/#\/schema\/logo\/image\/"},"sameAs":["https:\/\/www.facebook.com\/laviadellemalghe"]}]}},"_links":{"self":[{"href":"https:\/\/www.laviadellemalghe.it\/de\/wp-json\/wp\/v2\/product\/10966","targetHints":{"allow":["GET"]}}],"collection":[{"href":"https:\/\/www.laviadellemalghe.it\/de\/wp-json\/wp\/v2\/product"}],"about":[{"href":"https:\/\/www.laviadellemalghe.it\/de\/wp-json\/wp\/v2\/types\/product"}],"wp:featuredmedia":[{"embeddable":true,"href":"https:\/\/www.laviadellemalghe.it\/de\/wp-json\/wp\/v2\/media\/8307"}],"wp:attachment":[{"href":"https:\/\/www.laviadellemalghe.it\/de\/wp-json\/wp\/v2\/media?parent=10966"}],"wp:term":[{"taxonomy":"product_brand","embeddable":true,"href":"https:\/\/www.laviadellemalghe.it\/de\/wp-json\/wp\/v2\/product_brand?post=10966"},{"taxonomy":"product_cat","embeddable":true,"href":"https:\/\/www.laviadellemalghe.it\/de\/wp-json\/wp\/v2\/product_cat?post=10966"},{"taxonomy":"product_tag","embeddable":true,"href":"https:\/\/www.laviadellemalghe.it\/de\/wp-json\/wp\/v2\/product_tag?post=10966"}],"curies":[{"name":"wp","href":"https:\/\/api.w.org\/{rel}","templated":true}]}}