{"id":10969,"date":"2022-06-13T12:40:47","date_gmt":"2022-06-13T10:40:47","guid":{"rendered":"https:\/\/www.laviadellemalghe.it\/altopiano\/malga-busa-fonte\/"},"modified":"2025-08-08T09:29:24","modified_gmt":"2025-08-08T07:29:24","slug":"malga-busa-fonte","status":"publish","type":"product","link":"https:\/\/www.laviadellemalghe.it\/de\/altopiano\/malga-busa-fonte\/","title":{"rendered":"Malga Busa Fonte"},"content":{"rendered":"<p>Die Malga Busa Fonte vereint die Weidefl\u00e4chen von drei Malgas (Cavalletto, Cima Fonte und Busa Fonte selbst), die sich von einer H\u00f6he von etwa 1.000 m bis auf die 1.518 m der Cima Fonte erstrecken, der h\u00f6chsten Erhebung des s\u00fcdlichen Teils der Hochebene, von der aus man ein weites Panorama genie\u00dfen kann, das sich von der venetischen Ebene bis zu den Trentiner Alpen erstreckt.<br \/>\nBis zum Herbstanfang ist die Gegend sehr beliebt zum Wandern, Radfahren und Pilzesammeln, w\u00e4hrend sie im Winter ein Ziel f\u00fcr Schneeschuhwanderer ist. Von besonderem Interesse ist der Besuch des nahen britischen Soldatenfriedhofs von Monte Cavalletto, zu Ehren der im Ersten Weltkrieg gefallenen Soldaten. In der N\u00e4he der Malga verl\u00e4uft der CAI-Weg 693, der von Calvene zur ehemaligen Malga Cima Fonte hinauff\u00fchrt, die sich in der N\u00e4he des gleichnamigen Gipfels befindet.<br \/>\nDie Malga ist durch gut befahrbare Stra\u00dfen mit allen anderen Malgas in der Gegend verbunden.<\/p>\n","protected":false},"excerpt":{"rendered":"<p>Die Malga Busa Fonte vereint die Weidefl\u00e4chen von drei Malgas (Cavalletto, Cima Fonte und Busa Fonte selbst), die sich von einer H\u00f6he von etwa 1.000 m bis auf die 1.518 m der Cima Fonte erstrecken, der h\u00f6chsten Erhebung des s\u00fcdlichen Teils der Hochebene, von der aus man ein weites Panorama genie\u00dfen kann, das sich von&hellip;<\/p>\n","protected":false},"featured_media":8365,"template":"","meta":{"_acf_changed":false,"inline_featured_image":false},"product_brand":[],"product_cat":[122],"product_tag":[],"class_list":{"0":"post-10969","1":"product","2":"type-product","3":"status-publish","4":"has-post-thumbnail","6":"product_cat-almhutten","7":"description-off","9":"first","10":"instock","11":"shipping-taxable","12":"product-type-simple"},"acf":[],"yoast_head":"<!-- This site is optimized with the Yoast SEO plugin v24.5 - https:\/\/yoast.com\/wordpress\/plugins\/seo\/ -->\n<title>Malga Busa Fonte - La Via delle Malghe | Altopiano dei Sette Comuni<\/title>\n<meta name=\"description\" content=\"Malga Busa Fonte vereint die Weidefl\u00e4chen von 3 Almh\u00fctten (Cavalletto, Cima Fonte und Busa Fonte) in etwa 1.000 m bis 1.518 m H\u00f6he...\" \/>\n<meta name=\"robots\" content=\"index, follow, max-snippet:-1, max-image-preview:large, max-video-preview:-1\" \/>\n<link rel=\"canonical\" href=\"https:\/\/www.laviadellemalghe.it\/de\/altopiano\/malga-busa-fonte\/\" \/>\n<meta property=\"og:locale\" content=\"de_DE\" \/>\n<meta property=\"og:type\" content=\"article\" \/>\n<meta property=\"og:title\" content=\"Malga Busa Fonte - La Via delle Malghe | Altopiano dei Sette Comuni\" \/>\n<meta property=\"og:description\" content=\"Malga Busa Fonte vereint die Weidefl\u00e4chen von 3 Almh\u00fctten (Cavalletto, Cima Fonte und Busa Fonte) in etwa 1.000 m bis 1.518 m H\u00f6he...\" \/>\n<meta property=\"og:url\" content=\"https:\/\/www.laviadellemalghe.it\/de\/altopiano\/malga-busa-fonte\/\" \/>\n<meta property=\"og:site_name\" content=\"La Via delle Malghe | Altopiano dei Sette Comuni\" \/>\n<meta property=\"article:publisher\" content=\"https:\/\/www.facebook.com\/laviadellemalghe\" \/>\n<meta property=\"article:modified_time\" content=\"2025-08-08T07:29:24+00:00\" \/>\n<meta property=\"og:image\" content=\"https:\/\/www.laviadellemalghe.it\/wp-content\/uploads\/2022\/06\/ENR_6757.jpg\" \/>\n\t<meta property=\"og:image:width\" content=\"1920\" \/>\n\t<meta property=\"og:image:height\" content=\"1281\" \/>\n\t<meta property=\"og:image:type\" content=\"image\/jpeg\" \/>\n<meta name=\"twitter:card\" content=\"summary_large_image\" \/>\n<meta name=\"twitter:label1\" content=\"Gesch\u00e4tzte Lesezeit\" \/>\n\t<meta name=\"twitter:data1\" content=\"1\u00a0Minute\" \/>\n<script type=\"application\/ld+json\" class=\"yoast-schema-graph\">{\"@context\":\"https:\/\/schema.org\",\"@graph\":[{\"@type\":\"WebPage\",\"@id\":\"https:\/\/www.laviadellemalghe.it\/de\/altopiano\/malga-busa-fonte\/\",\"url\":\"https:\/\/www.laviadellemalghe.it\/de\/altopiano\/malga-busa-fonte\/\",\"name\":\"Malga Busa Fonte - La Via delle Malghe | Altopiano dei Sette Comuni\",\"isPartOf\":{\"@id\":\"https:\/\/www.laviadellemalghe.it\/de\/#website\"},\"primaryImageOfPage\":{\"@id\":\"https:\/\/www.laviadellemalghe.it\/de\/altopiano\/malga-busa-fonte\/#primaryimage\"},\"image\":{\"@id\":\"https:\/\/www.laviadellemalghe.it\/de\/altopiano\/malga-busa-fonte\/#primaryimage\"},\"thumbnailUrl\":\"https:\/\/www.laviadellemalghe.it\/wp-content\/uploads\/2022\/06\/ENR_6757.jpg\",\"datePublished\":\"2022-06-13T10:40:47+00:00\",\"dateModified\":\"2025-08-08T07:29:24+00:00\",\"description\":\"Malga Busa Fonte vereint die Weidefl\u00e4chen von 3 Almh\u00fctten (Cavalletto, Cima Fonte und Busa Fonte) in etwa 1.000 m bis 1.518 m H\u00f6he...\",\"breadcrumb\":{\"@id\":\"https:\/\/www.laviadellemalghe.it\/de\/altopiano\/malga-busa-fonte\/#breadcrumb\"},\"inLanguage\":\"de\",\"potentialAction\":[{\"@type\":\"ReadAction\",\"target\":[\"https:\/\/www.laviadellemalghe.it\/de\/altopiano\/malga-busa-fonte\/\"]}]},{\"@type\":\"ImageObject\",\"inLanguage\":\"de\",\"@id\":\"https:\/\/www.laviadellemalghe.it\/de\/altopiano\/malga-busa-fonte\/#primaryimage\",\"url\":\"https:\/\/www.laviadellemalghe.it\/wp-content\/uploads\/2022\/06\/ENR_6757.jpg\",\"contentUrl\":\"https:\/\/www.laviadellemalghe.it\/wp-content\/uploads\/2022\/06\/ENR_6757.jpg\",\"width\":1920,\"height\":1281,\"caption\":\"Malga Busa Fonte\"},{\"@type\":\"BreadcrumbList\",\"@id\":\"https:\/\/www.laviadellemalghe.it\/de\/altopiano\/malga-busa-fonte\/#breadcrumb\",\"itemListElement\":[{\"@type\":\"ListItem\",\"position\":1,\"name\":\"Home\",\"item\":\"https:\/\/www.laviadellemalghe.it\/de\/home\/\"},{\"@type\":\"ListItem\",\"position\":2,\"name\":\"Produkte\",\"item\":\"https:\/\/www.laviadellemalghe.it\/de\/shop\/\"},{\"@type\":\"ListItem\",\"position\":3,\"name\":\"Malga Busa Fonte\"}]},{\"@type\":\"WebSite\",\"@id\":\"https:\/\/www.laviadellemalghe.it\/de\/#website\",\"url\":\"https:\/\/www.laviadellemalghe.it\/de\/\",\"name\":\"La Via delle Malghe | Altopiano dei Sette Comuni\",\"description\":\"#sweethomealtopiano\",\"publisher\":{\"@id\":\"https:\/\/www.laviadellemalghe.it\/de\/#organization\"},\"potentialAction\":[{\"@type\":\"SearchAction\",\"target\":{\"@type\":\"EntryPoint\",\"urlTemplate\":\"https:\/\/www.laviadellemalghe.it\/de\/?s={search_term_string}\"},\"query-input\":{\"@type\":\"PropertyValueSpecification\",\"valueRequired\":true,\"valueName\":\"search_term_string\"}}],\"inLanguage\":\"de\"},{\"@type\":\"Organization\",\"@id\":\"https:\/\/www.laviadellemalghe.it\/de\/#organization\",\"name\":\"La Via delle Malghe - Altopiano dei Sette Comuni\",\"url\":\"https:\/\/www.laviadellemalghe.it\/de\/\",\"logo\":{\"@type\":\"ImageObject\",\"inLanguage\":\"de\",\"@id\":\"https:\/\/www.laviadellemalghe.it\/de\/#\/schema\/logo\/image\/\",\"url\":\"https:\/\/www.laviadellemalghe.it\/wp-content\/uploads\/2022\/07\/logo_LVDM_altopiano.jpg\",\"contentUrl\":\"https:\/\/www.laviadellemalghe.it\/wp-content\/uploads\/2022\/07\/logo_LVDM_altopiano.jpg\",\"width\":1292,\"height\":929,\"caption\":\"La Via delle Malghe - Altopiano dei Sette Comuni\"},\"image\":{\"@id\":\"https:\/\/www.laviadellemalghe.it\/de\/#\/schema\/logo\/image\/\"},\"sameAs\":[\"https:\/\/www.facebook.com\/laviadellemalghe\"]}]}<\/script>\n<!-- \/ Yoast SEO plugin. -->","yoast_head_json":{"title":"Malga Busa Fonte - La Via delle Malghe | Altopiano dei Sette Comuni","description":"Malga Busa Fonte vereint die Weidefl\u00e4chen von 3 Almh\u00fctten (Cavalletto, Cima Fonte und Busa Fonte) in etwa 1.000 m bis 1.518 m H\u00f6he...","robots":{"index":"index","follow":"follow","max-snippet":"max-snippet:-1","max-image-preview":"max-image-preview:large","max-video-preview":"max-video-preview:-1"},"canonical":"https:\/\/www.laviadellemalghe.it\/de\/altopiano\/malga-busa-fonte\/","og_locale":"de_DE","og_type":"article","og_title":"Malga Busa Fonte - La Via delle Malghe | Altopiano dei Sette Comuni","og_description":"Malga Busa Fonte vereint die Weidefl\u00e4chen von 3 Almh\u00fctten (Cavalletto, Cima Fonte und Busa Fonte) in etwa 1.000 m bis 1.518 m H\u00f6he...","og_url":"https:\/\/www.laviadellemalghe.it\/de\/altopiano\/malga-busa-fonte\/","og_site_name":"La Via delle Malghe | Altopiano dei Sette Comuni","article_publisher":"https:\/\/www.facebook.com\/laviadellemalghe","article_modified_time":"2025-08-08T07:29:24+00:00","og_image":[{"width":1920,"height":1281,"url":"https:\/\/www.laviadellemalghe.it\/wp-content\/uploads\/2022\/06\/ENR_6757.jpg","type":"image\/jpeg"}],"twitter_card":"summary_large_image","twitter_misc":{"Gesch\u00e4tzte Lesezeit":"1\u00a0Minute"},"schema":{"@context":"https:\/\/schema.org","@graph":[{"@type":"WebPage","@id":"https:\/\/www.laviadellemalghe.it\/de\/altopiano\/malga-busa-fonte\/","url":"https:\/\/www.laviadellemalghe.it\/de\/altopiano\/malga-busa-fonte\/","name":"Malga Busa Fonte - La Via delle Malghe | Altopiano dei Sette Comuni","isPartOf":{"@id":"https:\/\/www.laviadellemalghe.it\/de\/#website"},"primaryImageOfPage":{"@id":"https:\/\/www.laviadellemalghe.it\/de\/altopiano\/malga-busa-fonte\/#primaryimage"},"image":{"@id":"https:\/\/www.laviadellemalghe.it\/de\/altopiano\/malga-busa-fonte\/#primaryimage"},"thumbnailUrl":"https:\/\/www.laviadellemalghe.it\/wp-content\/uploads\/2022\/06\/ENR_6757.jpg","datePublished":"2022-06-13T10:40:47+00:00","dateModified":"2025-08-08T07:29:24+00:00","description":"Malga Busa Fonte vereint die Weidefl\u00e4chen von 3 Almh\u00fctten (Cavalletto, Cima Fonte und Busa Fonte) in etwa 1.000 m bis 1.518 m H\u00f6he...","breadcrumb":{"@id":"https:\/\/www.laviadellemalghe.it\/de\/altopiano\/malga-busa-fonte\/#breadcrumb"},"inLanguage":"de","potentialAction":[{"@type":"ReadAction","target":["https:\/\/www.laviadellemalghe.it\/de\/altopiano\/malga-busa-fonte\/"]}]},{"@type":"ImageObject","inLanguage":"de","@id":"https:\/\/www.laviadellemalghe.it\/de\/altopiano\/malga-busa-fonte\/#primaryimage","url":"https:\/\/www.laviadellemalghe.it\/wp-content\/uploads\/2022\/06\/ENR_6757.jpg","contentUrl":"https:\/\/www.laviadellemalghe.it\/wp-content\/uploads\/2022\/06\/ENR_6757.jpg","width":1920,"height":1281,"caption":"Malga Busa Fonte"},{"@type":"BreadcrumbList","@id":"https:\/\/www.laviadellemalghe.it\/de\/altopiano\/malga-busa-fonte\/#breadcrumb","itemListElement":[{"@type":"ListItem","position":1,"name":"Home","item":"https:\/\/www.laviadellemalghe.it\/de\/home\/"},{"@type":"ListItem","position":2,"name":"Produkte","item":"https:\/\/www.laviadellemalghe.it\/de\/shop\/"},{"@type":"ListItem","position":3,"name":"Malga Busa Fonte"}]},{"@type":"WebSite","@id":"https:\/\/www.laviadellemalghe.it\/de\/#website","url":"https:\/\/www.laviadellemalghe.it\/de\/","name":"La Via delle Malghe | Altopiano dei Sette Comuni","description":"#sweethomealtopiano","publisher":{"@id":"https:\/\/www.laviadellemalghe.it\/de\/#organization"},"potentialAction":[{"@type":"SearchAction","target":{"@type":"EntryPoint","urlTemplate":"https:\/\/www.laviadellemalghe.it\/de\/?s={search_term_string}"},"query-input":{"@type":"PropertyValueSpecification","valueRequired":true,"valueName":"search_term_string"}}],"inLanguage":"de"},{"@type":"Organization","@id":"https:\/\/www.laviadellemalghe.it\/de\/#organization","name":"La Via delle Malghe - Altopiano dei Sette Comuni","url":"https:\/\/www.laviadellemalghe.it\/de\/","logo":{"@type":"ImageObject","inLanguage":"de","@id":"https:\/\/www.laviadellemalghe.it\/de\/#\/schema\/logo\/image\/","url":"https:\/\/www.laviadellemalghe.it\/wp-content\/uploads\/2022\/07\/logo_LVDM_altopiano.jpg","contentUrl":"https:\/\/www.laviadellemalghe.it\/wp-content\/uploads\/2022\/07\/logo_LVDM_altopiano.jpg","width":1292,"height":929,"caption":"La Via delle Malghe - Altopiano dei Sette Comuni"},"image":{"@id":"https:\/\/www.laviadellemalghe.it\/de\/#\/schema\/logo\/image\/"},"sameAs":["https:\/\/www.facebook.com\/laviadellemalghe"]}]}},"_links":{"self":[{"href":"https:\/\/www.laviadellemalghe.it\/de\/wp-json\/wp\/v2\/product\/10969","targetHints":{"allow":["GET"]}}],"collection":[{"href":"https:\/\/www.laviadellemalghe.it\/de\/wp-json\/wp\/v2\/product"}],"about":[{"href":"https:\/\/www.laviadellemalghe.it\/de\/wp-json\/wp\/v2\/types\/product"}],"wp:featuredmedia":[{"embeddable":true,"href":"https:\/\/www.laviadellemalghe.it\/de\/wp-json\/wp\/v2\/media\/8365"}],"wp:attachment":[{"href":"https:\/\/www.laviadellemalghe.it\/de\/wp-json\/wp\/v2\/media?parent=10969"}],"wp:term":[{"taxonomy":"product_brand","embeddable":true,"href":"https:\/\/www.laviadellemalghe.it\/de\/wp-json\/wp\/v2\/product_brand?post=10969"},{"taxonomy":"product_cat","embeddable":true,"href":"https:\/\/www.laviadellemalghe.it\/de\/wp-json\/wp\/v2\/product_cat?post=10969"},{"taxonomy":"product_tag","embeddable":true,"href":"https:\/\/www.laviadellemalghe.it\/de\/wp-json\/wp\/v2\/product_tag?post=10969"}],"curies":[{"name":"wp","href":"https:\/\/api.w.org\/{rel}","templated":true}]}}